{"id":1391,"date":"2025-05-08T01:07:40","date_gmt":"2025-05-08T01:07:40","guid":{"rendered":"https:\/\/casaisla.com.do\/?post_type=product&#038;p=1391"},"modified":"2025-09-26T00:56:18","modified_gmt":"2025-09-26T00:56:18","slug":"cortina-blackout-liso","status":"publish","type":"product","link":"https:\/\/casaisla.com.do\/index.php\/product\/cortina-blackout-liso\/","title":{"rendered":"Cortina blackout liso"},"content":{"rendered":"<p data-start=\"105\" data-end=\"396\">1 Panel de cortina blackout lisa con 8 argollas met\u00e1licas<\/p>\n<p>Precio al detalle: RD$ 495.00<\/p>\n<p>Precio al por mayor: RD$ 445.00<\/p>\n<p class=\"\" data-start=\"105\" data-end=\"396\"><strong data-start=\"105\" data-end=\"201\">Dale un toque de elegancia y funcionalidad a tus espacios con esta hermosa cortina blackout.<\/strong>Confeccionada en tela gruesa de alta calidad tipo blackout, dise\u00f1ada para bloquear eficazmente la luz exterior, brindar privacidad total y crear un ambiente m\u00e1s fresco, \u00edntimo y moderno.<\/p>\n<p class=\"\" data-start=\"398\" data-end=\"661\">La cortina cuenta con 8 argollas met\u00e1licas resistentes, que permiten una instalaci\u00f3n r\u00e1pida y un deslizamiento suave sobre la barra. Perfecta para salas, habitaciones o cualquier \u00e1rea del hogar donde desees controlar la entrada de luz con estilo y buen gusto.<\/p>\n<p class=\"\" data-start=\"663\" data-end=\"688\"><strong>Medidas del producto:<\/strong><\/p>\n<ul data-start=\"690\" data-end=\"773\">\n<li class=\"\" data-start=\"690\" data-end=\"732\">\n<p class=\"\" data-start=\"692\" data-end=\"732\"><strong data-start=\"692\" data-end=\"702\">Ancho:<\/strong> 53 pulgadas (aprox. 135 cm)<\/p>\n<\/li>\n<li class=\"\" data-start=\"733\" data-end=\"773\">\n<p class=\"\" data-start=\"735\" data-end=\"773\"><strong data-start=\"735\" data-end=\"745\">Largo:<\/strong> 90 pulgadas (aprox. 229 cm)<\/p>\n<\/li>\n<\/ul>\n<p class=\"\" data-start=\"775\" data-end=\"969\"><strong data-start=\"775\" data-end=\"806\">Caracter\u00edsticas destacadas:<\/strong><br data-start=\"806\" data-end=\"809\" \/>\u2714 Tela blackout de alta calidad y opacidad total<br data-start=\"857\" data-end=\"860\" \/>\u2714 Textura lisa que aporta un acabado moderno<br data-start=\"904\" data-end=\"907\" \/>\u2714 8 argollas met\u00e1licas incluidas<br data-start=\"939\" data-end=\"942\" \/>\u2714 F\u00e1cil de instalar y lavar<\/p>\n<p data-start=\"971\" data-end=\"1039\">C\u00f3digo: CURTS-349<\/p>\n","protected":false},"excerpt":{"rendered":"<p>Bloquea completamente la luz y brinda privacidad total.<\/p>\n","protected":false},"featured_media":1392,"template":"","meta":{"_uag_custom_page_level_css":"","site-sidebar-layout":"default","site-content-layout":"","ast-site-content-layout":"default","site-content-style":"default","site-sidebar-style":"default","ast-global-header-display":"","ast-banner-title-visibility":"","ast-main-header-display":"","ast-hfb-above-header-display":"","ast-hfb-below-header-display":"","ast-hfb-mobile-header-display":"","site-post-title":"","ast-breadcrumbs-content":"","ast-featured-img":"","footer-sml-layout":"","theme-transparent-header-meta":"default","adv-header-id-meta":"","stick-header-meta":"","header-above-stick-meta":"","header-main-stick-meta":"","header-below-stick-meta":"","astra-migrate-meta-layouts":"set","ast-page-background-enabled":"default","ast-page-background-meta":{"desktop":{"background-color":"var(--ast-global-color-4)","background-image":"","background-repeat":"repeat","background-position":"center center","background-size":"auto","background-attachment":"scroll","background-type":"","background-media":"","overlay-type":"","overlay-color":"","overlay-opacity":"","overlay-gradient":""},"tablet":{"background-color":"","background-image":"","background-repeat":"repeat","background-position":"center center","background-size":"auto","background-attachment":"scroll","background-type":"","background-media":"","overlay-type":"","overlay-color":"","overlay-opacity":"","overlay-gradient":""},"mobile":{"background-color":"","background-image":"","background-repeat":"repeat","background-position":"center center","background-size":"auto","background-attachment":"scroll","background-type":"","background-media":"","overlay-type":"","overlay-color":"","overlay-opacity":"","overlay-gradient":""}},"ast-content-background-meta":{"desktop":{"background-color":"var(--ast-global-color-5)","background-image":"","background-repeat":"repeat","background-position":"center center","background-size":"auto","background-attachment":"scroll","background-type":"","background-media":"","overlay-type":"","overlay-color":"","overlay-opacity":"","overlay-gradient":""},"tablet":{"background-color":"var(--ast-global-color-5)","background-image":"","background-repeat":"repeat","background-position":"center center","background-size":"auto","background-attachment":"scroll","background-type":"","background-media":"","overlay-type":"","overlay-color":"","overlay-opacity":"","overlay-gradient":""},"mobile":{"background-color":"var(--ast-global-color-5)","background-image":"","background-repeat":"repeat","background-position":"center center","background-size":"auto","background-attachment":"scroll","background-type":"","background-media":"","overlay-type":"","overlay-color":"","overlay-opacity":"","overlay-gradient":""}}},"product_brand":[],"product_cat":[31],"product_tag":[92,91,93,90],"class_list":{"0":"post-1391","1":"product","2":"type-product","3":"status-publish","4":"has-post-thumbnail","6":"product_cat-cortinas","7":"product_tag-blackout","8":"product_tag-cortina-blackout","9":"product_tag-cortina-oscura","10":"product_tag-curts-349","11":"desktop-align-left","12":"tablet-align-left","13":"mobile-align-left","15":"first","16":"instock","17":"sold-individually","18":"shipping-taxable","19":"purchasable","20":"product-type-simple"},"uagb_featured_image_src":{"full":["https:\/\/casaisla.com.do\/wp-content\/uploads\/2025\/05\/CURTS-349-GS.O.jpg",1200,1200,false],"thumbnail":["https:\/\/casaisla.com.do\/wp-content\/uploads\/2025\/05\/CURTS-349-GS.O-150x150.jpg",150,150,true],"medium":["https:\/\/casaisla.com.do\/wp-content\/uploads\/2025\/05\/CURTS-349-GS.O-300x300.jpg",300,300,true],"medium_large":["https:\/\/casaisla.com.do\/wp-content\/uploads\/2025\/05\/CURTS-349-GS.O-768x768.jpg",768,768,true],"large":["https:\/\/casaisla.com.do\/wp-content\/uploads\/2025\/05\/CURTS-349-GS.O-1024x1024.jpg",1024,1024,true],"1536x1536":["https:\/\/casaisla.com.do\/wp-content\/uploads\/2025\/05\/CURTS-349-GS.O.jpg",1200,1200,false],"2048x2048":["https:\/\/casaisla.com.do\/wp-content\/uploads\/2025\/05\/CURTS-349-GS.O.jpg",1200,1200,false],"woocommerce_thumbnail":["https:\/\/casaisla.com.do\/wp-content\/uploads\/2025\/05\/CURTS-349-GS.O-300x300.jpg",300,300,true],"woocommerce_single":["https:\/\/casaisla.com.do\/wp-content\/uploads\/2025\/05\/CURTS-349-GS.O-600x600.jpg",600,600,true],"woocommerce_gallery_thumbnail":["https:\/\/casaisla.com.do\/wp-content\/uploads\/2025\/05\/CURTS-349-GS.O-100x100.jpg",100,100,true],"dgwt-wcas-product-suggestion":["https:\/\/casaisla.com.do\/wp-content\/uploads\/2025\/05\/CURTS-349-GS.O-64x64.jpg",64,64,true]},"uagb_author_info":{"display_name":"casa isla","author_link":"https:\/\/casaisla.com.do\/index.php\/author\/"},"uagb_comment_info":0,"uagb_excerpt":"Bloquea completamente la luz y brinda privacidad total.","jetpack_sharing_enabled":true,"_links":{"self":[{"href":"https:\/\/casaisla.com.do\/index.php\/wp-json\/wp\/v2\/product\/1391","targetHints":{"allow":["GET"]}}],"collection":[{"href":"https:\/\/casaisla.com.do\/index.php\/wp-json\/wp\/v2\/product"}],"about":[{"href":"https:\/\/casaisla.com.do\/index.php\/wp-json\/wp\/v2\/types\/product"}],"wp:featuredmedia":[{"embeddable":true,"href":"https:\/\/casaisla.com.do\/index.php\/wp-json\/wp\/v2\/media\/1392"}],"wp:attachment":[{"href":"https:\/\/casaisla.com.do\/index.php\/wp-json\/wp\/v2\/media?parent=1391"}],"wp:term":[{"taxonomy":"product_brand","embeddable":true,"href":"https:\/\/casaisla.com.do\/index.php\/wp-json\/wp\/v2\/product_brand?post=1391"},{"taxonomy":"product_cat","embeddable":true,"href":"https:\/\/casaisla.com.do\/index.php\/wp-json\/wp\/v2\/product_cat?post=1391"},{"taxonomy":"product_tag","embeddable":true,"href":"https:\/\/casaisla.com.do\/index.php\/wp-json\/wp\/v2\/product_tag?post=1391"}],"curies":[{"name":"wp","href":"https:\/\/api.w.org\/{rel}","templated":true}]}}