{"id":1433,"date":"2025-05-09T02:11:17","date_gmt":"2025-05-09T02:11:17","guid":{"rendered":"https:\/\/casaisla.com.do\/?post_type=product&#038;p=1433"},"modified":"2025-10-25T17:52:04","modified_gmt":"2025-10-25T17:52:04","slug":"cortina-de-lino-gueso","status":"publish","type":"product","link":"https:\/\/casaisla.com.do\/index.php\/product\/cortina-de-lino-gueso\/","title":{"rendered":"Cortina de lino grueso"},"content":{"rendered":"<p data-start=\"91\" data-end=\"360\">1 Panel de cortina de lino<\/p>\n<p>Precio al detalle: RD$ 520.00<\/p>\n<p>Precio al por mayor: RD$ 495.00<\/p>\n<p class=\"\" data-start=\"91\" data-end=\"360\">Dale un toque natural y sofisticado a tus espacios con esta hermosa cortina de lino grueso. Confeccionada en<strong data-start=\"200\" data-end=\"240\"> t<\/strong>ela de lino densa y de alta calidad, aporta una privacidad total mientras crea un ambiente sereno y acogedor, con la elegancia caracter\u00edstica del lino.<\/p>\n<p class=\"\" data-start=\"362\" data-end=\"607\">La cortina cuenta con 8 argollas met\u00e1licas resistentes, que permiten una instalaci\u00f3n r\u00e1pida y un deslizamiento suave sobre la barra. Ideal para salas, habitaciones o cualquier rinc\u00f3n donde desees un equilibrio perfecto entre estilo y privacidad.<\/p>\n<p class=\"\" data-start=\"609\" data-end=\"634\"><strong data-start=\"609\" data-end=\"634\">Medidas :<\/strong><\/p>\n<p class=\"\" data-start=\"636\" data-end=\"707\">Ancho: 53 pulgadas (aprox. 135 cm)<br data-start=\"670\" data-end=\"673\" \/>Largo: 90 pulgadas (aprox. 229 cm)<\/p>\n<p class=\"\" data-start=\"709\" data-end=\"902\"><strong data-start=\"709\" data-end=\"740\">Caracter\u00edsticas destacadas:<\/strong><br data-start=\"740\" data-end=\"743\" \/>\u2714 Tela de lino grueso con textura natural<br data-start=\"784\" data-end=\"787\" \/>\u2714 Proporciona privacidad y un ambiente acogedor<br data-start=\"834\" data-end=\"837\" \/>\u2714 8 argollas met\u00e1licas incluidas<br data-start=\"869\" data-end=\"872\" \/>\u2714 F\u00e1cil de instalar y mantener<\/p>\n<p data-start=\"904\" data-end=\"987\">C\u00f3digo: CURTS-895<\/p>\n","protected":false},"excerpt":{"rendered":"<p>Privacidad y estilo natural para tu hogar<\/p>\n","protected":false},"featured_media":3167,"template":"","meta":{"_uag_custom_page_level_css":"","site-sidebar-layout":"default","site-content-layout":"","ast-site-content-layout":"default","site-content-style":"default","site-sidebar-style":"default","ast-global-header-display":"","ast-banner-title-visibility":"","ast-main-header-display":"","ast-hfb-above-header-display":"","ast-hfb-below-header-display":"","ast-hfb-mobile-header-display":"","site-post-title":"","ast-breadcrumbs-content":"","ast-featured-img":"","footer-sml-layout":"","theme-transparent-header-meta":"default","adv-header-id-meta":"","stick-header-meta":"","header-above-stick-meta":"","header-main-stick-meta":"","header-below-stick-meta":"","astra-migrate-meta-layouts":"set","ast-page-background-enabled":"default","ast-page-background-meta":{"desktop":{"background-color":"var(--ast-global-color-4)","background-image":"","background-repeat":"repeat","background-position":"center center","background-size":"auto","background-attachment":"scroll","background-type":"","background-media":"","overlay-type":"","overlay-color":"","overlay-opacity":"","overlay-gradient":""},"tablet":{"background-color":"","background-image":"","background-repeat":"repeat","background-position":"center center","background-size":"auto","background-attachment":"scroll","background-type":"","background-media":"","overlay-type":"","overlay-color":"","overlay-opacity":"","overlay-gradient":""},"mobile":{"background-color":"","background-image":"","background-repeat":"repeat","background-position":"center center","background-size":"auto","background-attachment":"scroll","background-type":"","background-media":"","overlay-type":"","overlay-color":"","overlay-opacity":"","overlay-gradient":""}},"ast-content-background-meta":{"desktop":{"background-color":"var(--ast-global-color-5)","background-image":"","background-repeat":"repeat","background-position":"center center","background-size":"auto","background-attachment":"scroll","background-type":"","background-media":"","overlay-type":"","overlay-color":"","overlay-opacity":"","overlay-gradient":""},"tablet":{"background-color":"var(--ast-global-color-5)","background-image":"","background-repeat":"repeat","background-position":"center center","background-size":"auto","background-attachment":"scroll","background-type":"","background-media":"","overlay-type":"","overlay-color":"","overlay-opacity":"","overlay-gradient":""},"mobile":{"background-color":"var(--ast-global-color-5)","background-image":"","background-repeat":"repeat","background-position":"center center","background-size":"auto","background-attachment":"scroll","background-type":"","background-media":"","overlay-type":"","overlay-color":"","overlay-opacity":"","overlay-gradient":""}}},"product_brand":[],"product_cat":[31],"product_tag":[98,99,97],"class_list":{"0":"post-1433","1":"product","2":"type-product","3":"status-publish","4":"has-post-thumbnail","6":"product_cat-cortinas","7":"product_tag-cortina-blackout-lino","8":"product_tag-cortina-de-lino","9":"product_tag-lino","10":"desktop-align-left","11":"tablet-align-left","12":"mobile-align-left","14":"first","15":"instock","16":"sold-individually","17":"shipping-taxable","18":"purchasable","19":"product-type-simple"},"uagb_featured_image_src":{"full":["https:\/\/casaisla.com.do\/wp-content\/uploads\/2025\/05\/CURTS-895-4.jpg",1046,999,false],"thumbnail":["https:\/\/casaisla.com.do\/wp-content\/uploads\/2025\/05\/CURTS-895-4-150x150.jpg",150,150,true],"medium":["https:\/\/casaisla.com.do\/wp-content\/uploads\/2025\/05\/CURTS-895-4-300x287.jpg",300,287,true],"medium_large":["https:\/\/casaisla.com.do\/wp-content\/uploads\/2025\/05\/CURTS-895-4-768x733.jpg",768,733,true],"large":["https:\/\/casaisla.com.do\/wp-content\/uploads\/2025\/05\/CURTS-895-4-1024x978.jpg",1024,978,true],"1536x1536":["https:\/\/casaisla.com.do\/wp-content\/uploads\/2025\/05\/CURTS-895-4.jpg",1046,999,false],"2048x2048":["https:\/\/casaisla.com.do\/wp-content\/uploads\/2025\/05\/CURTS-895-4.jpg",1046,999,false],"woocommerce_thumbnail":["https:\/\/casaisla.com.do\/wp-content\/uploads\/2025\/05\/CURTS-895-4-300x300.jpg",300,300,true],"woocommerce_single":["https:\/\/casaisla.com.do\/wp-content\/uploads\/2025\/05\/CURTS-895-4-600x573.jpg",600,573,true],"woocommerce_gallery_thumbnail":["https:\/\/casaisla.com.do\/wp-content\/uploads\/2025\/05\/CURTS-895-4-100x100.jpg",100,100,true],"dgwt-wcas-product-suggestion":["https:\/\/casaisla.com.do\/wp-content\/uploads\/2025\/05\/CURTS-895-4-64x61.jpg",64,61,true]},"uagb_author_info":{"display_name":"casa isla","author_link":"https:\/\/casaisla.com.do\/index.php\/author\/"},"uagb_comment_info":0,"uagb_excerpt":"Privacidad y estilo natural para tu hogar","jetpack_sharing_enabled":true,"_links":{"self":[{"href":"https:\/\/casaisla.com.do\/index.php\/wp-json\/wp\/v2\/product\/1433","targetHints":{"allow":["GET"]}}],"collection":[{"href":"https:\/\/casaisla.com.do\/index.php\/wp-json\/wp\/v2\/product"}],"about":[{"href":"https:\/\/casaisla.com.do\/index.php\/wp-json\/wp\/v2\/types\/product"}],"wp:featuredmedia":[{"embeddable":true,"href":"https:\/\/casaisla.com.do\/index.php\/wp-json\/wp\/v2\/media\/3167"}],"wp:attachment":[{"href":"https:\/\/casaisla.com.do\/index.php\/wp-json\/wp\/v2\/media?parent=1433"}],"wp:term":[{"taxonomy":"product_brand","embeddable":true,"href":"https:\/\/casaisla.com.do\/index.php\/wp-json\/wp\/v2\/product_brand?post=1433"},{"taxonomy":"product_cat","embeddable":true,"href":"https:\/\/casaisla.com.do\/index.php\/wp-json\/wp\/v2\/product_cat?post=1433"},{"taxonomy":"product_tag","embeddable":true,"href":"https:\/\/casaisla.com.do\/index.php\/wp-json\/wp\/v2\/product_tag?post=1433"}],"curies":[{"name":"wp","href":"https:\/\/api.w.org\/{rel}","templated":true}]}}