{"id":1450,"date":"2025-05-10T00:06:06","date_gmt":"2025-05-10T00:06:06","guid":{"rendered":"https:\/\/casaisla.com.do\/?post_type=product&#038;p=1450"},"modified":"2025-07-04T02:31:37","modified_gmt":"2025-07-04T02:31:37","slug":"olla-arrocera-de-2-2-litros","status":"publish","type":"product","link":"https:\/\/casaisla.com.do\/index.php\/product\/olla-arrocera-de-2-2-litros\/","title":{"rendered":"Olla arrocera de 2.2 litros"},"content":{"rendered":"<p>Olla arrocera de 2.2L, cocci\u00f3n autom\u00e1tica y antiadherente<\/p>\n<p>Precio al detalle: RD$ 2,100.00<\/p>\n<p>Precio al por mayor: RD$ 1,950.00<\/p>\n<p class=\"\" data-start=\"144\" data-end=\"435\"><strong data-start=\"144\" data-end=\"224\">Prepara arroz perfecto en casa con esta pr\u00e1ctica olla arrocera de 2.2 litros<\/strong>, ideal para cocinar de manera r\u00e1pida, uniforme y sin complicaciones. Con capacidad suficiente para toda la familia, es tu aliada ideal en la cocina para lograr resultados deliciosos con solo presionar un bot\u00f3n.<\/p>\n<p class=\"\" data-start=\"437\" data-end=\"633\">Su sistema autom\u00e1tico de cocci\u00f3n y mantenimiento del calor garantiza arroz en su punto sin esfuerzo. Adem\u00e1s, su dise\u00f1o compacto y funcional la convierte en una opci\u00f3n ideal para cualquier espacio.<\/p>\n<p class=\"\" data-start=\"635\" data-end=\"993\"><strong data-start=\"635\" data-end=\"666\">Caracter\u00edsticas destacadas:<\/strong><br data-start=\"666\" data-end=\"669\" \/>\u2714 Capacidad de 2.2 litros, ideal para 4 a 6 porciones<br data-start=\"722\" data-end=\"725\" \/>\u2714 Funci\u00f3n autom\u00e1tica de cocci\u00f3n y conservaci\u00f3n del calor<br data-start=\"781\" data-end=\"784\" \/>\u2714 Recipiente interior antiadherente para f\u00e1cil limpieza<br data-start=\"839\" data-end=\"842\" \/>\u2714 Tapa con salida de vapor y cierre seguro<br data-start=\"932\" data-end=\"935\" \/>\u2714 Dise\u00f1o pr\u00e1ctico y moderno, perfecto para el uso diario<\/p>\n<p class=\"\" data-start=\"995\" data-end=\"1100\">Haz que cada comida sea especial con arroz siempre listo, sin complicaciones y con el sabor que te gusta.<\/p>\n<p>C\u00f3digo: ELEC-ARROZ-738-2L<\/p>\n","protected":false},"excerpt":{"rendered":"<p>Olla para hacer arroz, cocci\u00f3n autom\u00e1tica y antiadherente<\/p>\n","protected":false},"featured_media":1451,"template":"","meta":{"_uag_custom_page_level_css":"","site-sidebar-layout":"default","site-content-layout":"","ast-site-content-layout":"default","site-content-style":"default","site-sidebar-style":"default","ast-global-header-display":"","ast-banner-title-visibility":"","ast-main-header-display":"","ast-hfb-above-header-display":"","ast-hfb-below-header-display":"","ast-hfb-mobile-header-display":"","site-post-title":"","ast-breadcrumbs-content":"","ast-featured-img":"","footer-sml-layout":"","theme-transparent-header-meta":"default","adv-header-id-meta":"","stick-header-meta":"","header-above-stick-meta":"","header-main-stick-meta":"","header-below-stick-meta":"","astra-migrate-meta-layouts":"set","ast-page-background-enabled":"default","ast-page-background-meta":{"desktop":{"background-color":"var(--ast-global-color-4)","background-image":"","background-repeat":"repeat","background-position":"center center","background-size":"auto","background-attachment":"scroll","background-type":"","background-media":"","overlay-type":"","overlay-color":"","overlay-opacity":"","overlay-gradient":""},"tablet":{"background-color":"","background-image":"","background-repeat":"repeat","background-position":"center center","background-size":"auto","background-attachment":"scroll","background-type":"","background-media":"","overlay-type":"","overlay-color":"","overlay-opacity":"","overlay-gradient":""},"mobile":{"background-color":"","background-image":"","background-repeat":"repeat","background-position":"center center","background-size":"auto","background-attachment":"scroll","background-type":"","background-media":"","overlay-type":"","overlay-color":"","overlay-opacity":"","overlay-gradient":""}},"ast-content-background-meta":{"desktop":{"background-color":"var(--ast-global-color-5)","background-image":"","background-repeat":"repeat","background-position":"center center","background-size":"auto","background-attachment":"scroll","background-type":"","background-media":"","overlay-type":"","overlay-color":"","overlay-opacity":"","overlay-gradient":""},"tablet":{"background-color":"var(--ast-global-color-5)","background-image":"","background-repeat":"repeat","background-position":"center center","background-size":"auto","background-attachment":"scroll","background-type":"","background-media":"","overlay-type":"","overlay-color":"","overlay-opacity":"","overlay-gradient":""},"mobile":{"background-color":"var(--ast-global-color-5)","background-image":"","background-repeat":"repeat","background-position":"center center","background-size":"auto","background-attachment":"scroll","background-type":"","background-media":"","overlay-type":"","overlay-color":"","overlay-opacity":"","overlay-gradient":""}}},"product_brand":[],"product_cat":[35],"product_tag":[106,105,107],"class_list":{"0":"post-1450","1":"product","2":"type-product","3":"status-publish","4":"has-post-thumbnail","6":"product_cat-electrodomesticos","7":"product_tag-arroz","8":"product_tag-olla-arrocera","9":"product_tag-olla-para-arroz","10":"desktop-align-left","11":"tablet-align-left","12":"mobile-align-left","14":"first","15":"instock","16":"sold-individually","17":"shipping-taxable","18":"purchasable","19":"product-type-simple"},"uagb_featured_image_src":{"full":["https:\/\/casaisla.com.do\/wp-content\/uploads\/2025\/05\/ELEC-ARROZ-738-2L.jpg",1303,1600,false],"thumbnail":["https:\/\/casaisla.com.do\/wp-content\/uploads\/2025\/05\/ELEC-ARROZ-738-2L-150x150.jpg",150,150,true],"medium":["https:\/\/casaisla.com.do\/wp-content\/uploads\/2025\/05\/ELEC-ARROZ-738-2L-244x300.jpg",244,300,true],"medium_large":["https:\/\/casaisla.com.do\/wp-content\/uploads\/2025\/05\/ELEC-ARROZ-738-2L-768x943.jpg",768,943,true],"large":["https:\/\/casaisla.com.do\/wp-content\/uploads\/2025\/05\/ELEC-ARROZ-738-2L-834x1024.jpg",834,1024,true],"1536x1536":["https:\/\/casaisla.com.do\/wp-content\/uploads\/2025\/05\/ELEC-ARROZ-738-2L-1251x1536.jpg",1251,1536,true],"2048x2048":["https:\/\/casaisla.com.do\/wp-content\/uploads\/2025\/05\/ELEC-ARROZ-738-2L.jpg",1303,1600,false],"woocommerce_thumbnail":["https:\/\/casaisla.com.do\/wp-content\/uploads\/2025\/05\/ELEC-ARROZ-738-2L-300x300.jpg",300,300,true],"woocommerce_single":["https:\/\/casaisla.com.do\/wp-content\/uploads\/2025\/05\/ELEC-ARROZ-738-2L-600x737.jpg",600,737,true],"woocommerce_gallery_thumbnail":["https:\/\/casaisla.com.do\/wp-content\/uploads\/2025\/05\/ELEC-ARROZ-738-2L-100x100.jpg",100,100,true],"dgwt-wcas-product-suggestion":["https:\/\/casaisla.com.do\/wp-content\/uploads\/2025\/05\/ELEC-ARROZ-738-2L-64x79.jpg",64,79,true]},"uagb_author_info":{"display_name":"casa isla","author_link":"https:\/\/casaisla.com.do\/index.php\/author\/"},"uagb_comment_info":0,"uagb_excerpt":"Olla para hacer arroz, cocci\u00f3n autom\u00e1tica y antiadherente","jetpack_sharing_enabled":true,"_links":{"self":[{"href":"https:\/\/casaisla.com.do\/index.php\/wp-json\/wp\/v2\/product\/1450","targetHints":{"allow":["GET"]}}],"collection":[{"href":"https:\/\/casaisla.com.do\/index.php\/wp-json\/wp\/v2\/product"}],"about":[{"href":"https:\/\/casaisla.com.do\/index.php\/wp-json\/wp\/v2\/types\/product"}],"wp:featuredmedia":[{"embeddable":true,"href":"https:\/\/casaisla.com.do\/index.php\/wp-json\/wp\/v2\/media\/1451"}],"wp:attachment":[{"href":"https:\/\/casaisla.com.do\/index.php\/wp-json\/wp\/v2\/media?parent=1450"}],"wp:term":[{"taxonomy":"product_brand","embeddable":true,"href":"https:\/\/casaisla.com.do\/index.php\/wp-json\/wp\/v2\/product_brand?post=1450"},{"taxonomy":"product_cat","embeddable":true,"href":"https:\/\/casaisla.com.do\/index.php\/wp-json\/wp\/v2\/product_cat?post=1450"},{"taxonomy":"product_tag","embeddable":true,"href":"https:\/\/casaisla.com.do\/index.php\/wp-json\/wp\/v2\/product_tag?post=1450"}],"curies":[{"name":"wp","href":"https:\/\/api.w.org\/{rel}","templated":true}]}}