{"id":1478,"date":"2025-05-13T01:07:47","date_gmt":"2025-05-13T01:07:47","guid":{"rendered":"https:\/\/casaisla.com.do\/?post_type=product&#038;p=1478"},"modified":"2025-10-13T23:52:21","modified_gmt":"2025-10-13T23:52:21","slug":"vaso-mezclador-magnetico","status":"publish","type":"product","link":"https:\/\/casaisla.com.do\/index.php\/product\/vaso-mezclador-magnetico\/","title":{"rendered":"Vaso mezclador magn\u00e9tico"},"content":{"rendered":"<p>Precio al detalle: RD$ 720.00<\/p>\n<p>Precio al por mayor: RD$ 685.00<\/p>\n<p class=\"\" data-start=\"81\" data-end=\"383\">Disfruta de tus bebidas favoritas con un toque de innovaci\u00f3n y comodidad gracias a este vaso magn\u00e9tico autom\u00e1tico para revolver. Dise\u00f1ado para mezclar de forma pr\u00e1ctica y sin esfuerzo, es ideal para caf\u00e9, leche, chocolate caliente, prote\u00ednas y m\u00e1s, conservando siempre una textura uniforme y deliciosa.<\/p>\n<p class=\"\" data-start=\"385\" data-end=\"682\">Este vaso cuenta con un motor incorporado de 400 mAh que activa un mecanismo magn\u00e9tico para revolver autom\u00e1ticamente el contenido con solo presionar un bot\u00f3n. Con una capacidad de 350 ml, es perfecto para usar en casa, la oficina o donde necesites una soluci\u00f3n r\u00e1pida y eficiente para tus bebidas.<\/p>\n<p class=\"\" data-start=\"684\" data-end=\"705\">Medidas del producto:<\/p>\n<p class=\"\" data-start=\"707\" data-end=\"754\">Capacidad: 350 ml<br data-start=\"724\" data-end=\"727\" \/>Bater\u00eda: 400 mAh recargable<\/p>\n<p class=\"\" data-start=\"756\" data-end=\"982\">Caracter\u00edsticas destacadas:<br data-start=\"783\" data-end=\"786\" \/>\u2714 Revolvedor magn\u00e9tico autom\u00e1tico con un solo bot\u00f3n<br data-start=\"837\" data-end=\"840\" \/>\u2714 Bater\u00eda recargable de larga duraci\u00f3n (400 mAh)<br data-start=\"888\" data-end=\"891\" \/>\u2714 Ideal para caf\u00e9, batidos, chocolate y m\u00e1s<br data-start=\"934\" data-end=\"937\" \/>\u2714 Dise\u00f1o moderno, port\u00e1til y f\u00e1cil de limpiar<\/p>\n<p class=\"\" data-start=\"984\" data-end=\"1076\">Haz tus ma\u00f1anas m\u00e1s pr\u00e1cticas y disfruta de tus bebidas perfectamente mezcladas al instante.<\/p>\n<p data-start=\"984\" data-end=\"1076\">C\u00f3digo: ELEC-VASO-771<\/p>\n","protected":false},"excerpt":{"rendered":"<p>Con bater\u00eda recargable y capacidad de 350 ml.<\/p>\n","protected":false},"featured_media":1479,"template":"","meta":{"_uag_custom_page_level_css":"","site-sidebar-layout":"default","site-content-layout":"","ast-site-content-layout":"default","site-content-style":"default","site-sidebar-style":"default","ast-global-header-display":"","ast-banner-title-visibility":"","ast-main-header-display":"","ast-hfb-above-header-display":"","ast-hfb-below-header-display":"","ast-hfb-mobile-header-display":"","site-post-title":"","ast-breadcrumbs-content":"","ast-featured-img":"","footer-sml-layout":"","theme-transparent-header-meta":"default","adv-header-id-meta":"","stick-header-meta":"","header-above-stick-meta":"","header-main-stick-meta":"","header-below-stick-meta":"","astra-migrate-meta-layouts":"set","ast-page-background-enabled":"default","ast-page-background-meta":{"desktop":{"background-color":"var(--ast-global-color-4)","background-image":"","background-repeat":"repeat","background-position":"center center","background-size":"auto","background-attachment":"scroll","background-type":"","background-media":"","overlay-type":"","overlay-color":"","overlay-opacity":"","overlay-gradient":""},"tablet":{"background-color":"","background-image":"","background-repeat":"repeat","background-position":"center center","background-size":"auto","background-attachment":"scroll","background-type":"","background-media":"","overlay-type":"","overlay-color":"","overlay-opacity":"","overlay-gradient":""},"mobile":{"background-color":"","background-image":"","background-repeat":"repeat","background-position":"center center","background-size":"auto","background-attachment":"scroll","background-type":"","background-media":"","overlay-type":"","overlay-color":"","overlay-opacity":"","overlay-gradient":""}},"ast-content-background-meta":{"desktop":{"background-color":"var(--ast-global-color-5)","background-image":"","background-repeat":"repeat","background-position":"center center","background-size":"auto","background-attachment":"scroll","background-type":"","background-media":"","overlay-type":"","overlay-color":"","overlay-opacity":"","overlay-gradient":""},"tablet":{"background-color":"var(--ast-global-color-5)","background-image":"","background-repeat":"repeat","background-position":"center center","background-size":"auto","background-attachment":"scroll","background-type":"","background-media":"","overlay-type":"","overlay-color":"","overlay-opacity":"","overlay-gradient":""},"mobile":{"background-color":"var(--ast-global-color-5)","background-image":"","background-repeat":"repeat","background-position":"center center","background-size":"auto","background-attachment":"scroll","background-type":"","background-media":"","overlay-type":"","overlay-color":"","overlay-opacity":"","overlay-gradient":""}}},"product_brand":[],"product_cat":[127],"product_tag":[125,126,124],"class_list":{"0":"post-1478","1":"product","2":"type-product","3":"status-publish","4":"has-post-thumbnail","6":"product_cat-termos-y-envases","7":"product_tag-taza","8":"product_tag-termo","9":"product_tag-vaso","10":"desktop-align-left","11":"tablet-align-left","12":"mobile-align-left","14":"first","15":"instock","16":"sold-individually","17":"shipping-taxable","18":"purchasable","19":"product-type-simple"},"uagb_featured_image_src":{"full":["https:\/\/casaisla.com.do\/wp-content\/uploads\/2025\/05\/ELEC-VASO-771.jpg",1600,1582,false],"thumbnail":["https:\/\/casaisla.com.do\/wp-content\/uploads\/2025\/05\/ELEC-VASO-771-150x150.jpg",150,150,true],"medium":["https:\/\/casaisla.com.do\/wp-content\/uploads\/2025\/05\/ELEC-VASO-771-300x297.jpg",300,297,true],"medium_large":["https:\/\/casaisla.com.do\/wp-content\/uploads\/2025\/05\/ELEC-VASO-771-768x759.jpg",768,759,true],"large":["https:\/\/casaisla.com.do\/wp-content\/uploads\/2025\/05\/ELEC-VASO-771-1024x1012.jpg",1024,1012,true],"1536x1536":["https:\/\/casaisla.com.do\/wp-content\/uploads\/2025\/05\/ELEC-VASO-771-1536x1519.jpg",1536,1519,true],"2048x2048":["https:\/\/casaisla.com.do\/wp-content\/uploads\/2025\/05\/ELEC-VASO-771.jpg",1600,1582,false],"woocommerce_thumbnail":["https:\/\/casaisla.com.do\/wp-content\/uploads\/2025\/05\/ELEC-VASO-771-300x300.jpg",300,300,true],"woocommerce_single":["https:\/\/casaisla.com.do\/wp-content\/uploads\/2025\/05\/ELEC-VASO-771-600x593.jpg",600,593,true],"woocommerce_gallery_thumbnail":["https:\/\/casaisla.com.do\/wp-content\/uploads\/2025\/05\/ELEC-VASO-771-100x100.jpg",100,100,true],"dgwt-wcas-product-suggestion":["https:\/\/casaisla.com.do\/wp-content\/uploads\/2025\/05\/ELEC-VASO-771-64x63.jpg",64,63,true]},"uagb_author_info":{"display_name":"casa isla","author_link":"https:\/\/casaisla.com.do\/index.php\/author\/"},"uagb_comment_info":0,"uagb_excerpt":"Con bater\u00eda recargable y capacidad de 350 ml.","jetpack_sharing_enabled":true,"_links":{"self":[{"href":"https:\/\/casaisla.com.do\/index.php\/wp-json\/wp\/v2\/product\/1478","targetHints":{"allow":["GET"]}}],"collection":[{"href":"https:\/\/casaisla.com.do\/index.php\/wp-json\/wp\/v2\/product"}],"about":[{"href":"https:\/\/casaisla.com.do\/index.php\/wp-json\/wp\/v2\/types\/product"}],"wp:featuredmedia":[{"embeddable":true,"href":"https:\/\/casaisla.com.do\/index.php\/wp-json\/wp\/v2\/media\/1479"}],"wp:attachment":[{"href":"https:\/\/casaisla.com.do\/index.php\/wp-json\/wp\/v2\/media?parent=1478"}],"wp:term":[{"taxonomy":"product_brand","embeddable":true,"href":"https:\/\/casaisla.com.do\/index.php\/wp-json\/wp\/v2\/product_brand?post=1478"},{"taxonomy":"product_cat","embeddable":true,"href":"https:\/\/casaisla.com.do\/index.php\/wp-json\/wp\/v2\/product_cat?post=1478"},{"taxonomy":"product_tag","embeddable":true,"href":"https:\/\/casaisla.com.do\/index.php\/wp-json\/wp\/v2\/product_tag?post=1478"}],"curies":[{"name":"wp","href":"https:\/\/api.w.org\/{rel}","templated":true}]}}