{"id":1493,"date":"2025-05-14T01:33:39","date_gmt":"2025-05-14T01:33:39","guid":{"rendered":"https:\/\/casaisla.com.do\/?post_type=product&#038;p=1493"},"modified":"2025-06-24T01:12:57","modified_gmt":"2025-06-24T01:12:57","slug":"manta-king-size-lisa","status":"publish","type":"product","link":"https:\/\/casaisla.com.do\/index.php\/product\/manta-king-size-lisa\/","title":{"rendered":"Manta lisa King Size"},"content":{"rendered":"<p>Precio al detalle: RD$ 395.00<\/p>\n<p>Precio al por mayor: RD$ 350.00<\/p>\n<p class=\"\" data-start=\"63\" data-end=\"358\">Agrega un toque de sofisticaci\u00f3n a tu habitaci\u00f3n con esta manta king size en colores lisos. Confeccionada en material suave y c\u00e1lido, ideal para ofrecerte comodidad y estilo en todo momento. Su dise\u00f1o liso se adapta f\u00e1cilmente a cualquier decoraci\u00f3n, brindando una apariencia moderna y elegante.<\/p>\n<p class=\"\" data-start=\"360\" data-end=\"385\"><strong data-start=\"360\" data-end=\"385\">Medidas del producto:<\/strong><\/p>\n<p class=\"\" data-start=\"79\" data-end=\"115\">Ancho: 220 cm (aprox. 86.6 pulgadas)<\/p>\n<p class=\"\" data-start=\"118\" data-end=\"154\">Largo: 230 cm (aprox. 90.6 pulgadas)<\/p>\n<p class=\"\" data-start=\"419\" data-end=\"567\"><strong data-start=\"419\" data-end=\"450\">Caracter\u00edsticas destacadas:<\/strong><br \/>\n\u2714 Material suave y c\u00e1lido<br data-start=\"476\" data-end=\"479\" \/>\u2714 Dise\u00f1o liso y elegante<br data-start=\"503\" data-end=\"506\" \/>\u2714 Perfecta para camas king size<br data-start=\"537\" data-end=\"540\" \/>\u2714 F\u00e1cil de lavar y mantener<\/p>\n<p class=\"\" data-start=\"569\" data-end=\"663\">Dale a tu cama la elegancia y el confort que merece con esta manta king size de colores lisos.<\/p>\n<p data-start=\"569\" data-end=\"663\">C\u00f3digo: MANT30-165<\/p>\n","protected":false},"excerpt":{"rendered":"<p>Manta tama\u00f1o king size lisa, Elegancia y comodidad para tu cama<\/p>\n","protected":false},"featured_media":1494,"template":"","meta":{"_uag_custom_page_level_css":"","site-sidebar-layout":"default","site-content-layout":"","ast-site-content-layout":"default","site-content-style":"default","site-sidebar-style":"default","ast-global-header-display":"","ast-banner-title-visibility":"","ast-main-header-display":"","ast-hfb-above-header-display":"","ast-hfb-below-header-display":"","ast-hfb-mobile-header-display":"","site-post-title":"","ast-breadcrumbs-content":"","ast-featured-img":"","footer-sml-layout":"","theme-transparent-header-meta":"default","adv-header-id-meta":"","stick-header-meta":"","header-above-stick-meta":"","header-main-stick-meta":"","header-below-stick-meta":"","astra-migrate-meta-layouts":"set","ast-page-background-enabled":"default","ast-page-background-meta":{"desktop":{"background-color":"var(--ast-global-color-4)","background-image":"","background-repeat":"repeat","background-position":"center center","background-size":"auto","background-attachment":"scroll","background-type":"","background-media":"","overlay-type":"","overlay-color":"","overlay-opacity":"","overlay-gradient":""},"tablet":{"background-color":"","background-image":"","background-repeat":"repeat","background-position":"center center","background-size":"auto","background-attachment":"scroll","background-type":"","background-media":"","overlay-type":"","overlay-color":"","overlay-opacity":"","overlay-gradient":""},"mobile":{"background-color":"","background-image":"","background-repeat":"repeat","background-position":"center center","background-size":"auto","background-attachment":"scroll","background-type":"","background-media":"","overlay-type":"","overlay-color":"","overlay-opacity":"","overlay-gradient":""}},"ast-content-background-meta":{"desktop":{"background-color":"var(--ast-global-color-5)","background-image":"","background-repeat":"repeat","background-position":"center center","background-size":"auto","background-attachment":"scroll","background-type":"","background-media":"","overlay-type":"","overlay-color":"","overlay-opacity":"","overlay-gradient":""},"tablet":{"background-color":"var(--ast-global-color-5)","background-image":"","background-repeat":"repeat","background-position":"center center","background-size":"auto","background-attachment":"scroll","background-type":"","background-media":"","overlay-type":"","overlay-color":"","overlay-opacity":"","overlay-gradient":""},"mobile":{"background-color":"var(--ast-global-color-5)","background-image":"","background-repeat":"repeat","background-position":"center center","background-size":"auto","background-attachment":"scroll","background-type":"","background-media":"","overlay-type":"","overlay-color":"","overlay-opacity":"","overlay-gradient":""}}},"product_brand":[],"product_cat":[32],"product_tag":[137,138,136,134,135],"class_list":{"0":"post-1493","1":"product","2":"type-product","3":"status-publish","4":"has-post-thumbnail","6":"product_cat-mantas","7":"product_tag-cobijas","8":"product_tag-frazada","9":"product_tag-frisas","10":"product_tag-manta","11":"product_tag-mantas","12":"desktop-align-left","13":"tablet-align-left","14":"mobile-align-left","16":"first","17":"instock","18":"sold-individually","19":"shipping-taxable","20":"purchasable","21":"product-type-simple"},"uagb_featured_image_src":{"full":["https:\/\/casaisla.com.do\/wp-content\/uploads\/2025\/05\/MANT30-310-6.jpg",1499,1536,false],"thumbnail":["https:\/\/casaisla.com.do\/wp-content\/uploads\/2025\/05\/MANT30-310-6-150x150.jpg",150,150,true],"medium":["https:\/\/casaisla.com.do\/wp-content\/uploads\/2025\/05\/MANT30-310-6-293x300.jpg",293,300,true],"medium_large":["https:\/\/casaisla.com.do\/wp-content\/uploads\/2025\/05\/MANT30-310-6-768x787.jpg",768,787,true],"large":["https:\/\/casaisla.com.do\/wp-content\/uploads\/2025\/05\/MANT30-310-6-999x1024.jpg",999,1024,true],"1536x1536":["https:\/\/casaisla.com.do\/wp-content\/uploads\/2025\/05\/MANT30-310-6.jpg",1499,1536,false],"2048x2048":["https:\/\/casaisla.com.do\/wp-content\/uploads\/2025\/05\/MANT30-310-6.jpg",1499,1536,false],"woocommerce_thumbnail":["https:\/\/casaisla.com.do\/wp-content\/uploads\/2025\/05\/MANT30-310-6-300x300.jpg",300,300,true],"woocommerce_single":["https:\/\/casaisla.com.do\/wp-content\/uploads\/2025\/05\/MANT30-310-6-600x615.jpg",600,615,true],"woocommerce_gallery_thumbnail":["https:\/\/casaisla.com.do\/wp-content\/uploads\/2025\/05\/MANT30-310-6-100x100.jpg",100,100,true],"dgwt-wcas-product-suggestion":["https:\/\/casaisla.com.do\/wp-content\/uploads\/2025\/05\/MANT30-310-6-64x66.jpg",64,66,true]},"uagb_author_info":{"display_name":"casa isla","author_link":"https:\/\/casaisla.com.do\/index.php\/author\/"},"uagb_comment_info":0,"uagb_excerpt":"Manta tama\u00f1o king size lisa, Elegancia y comodidad para tu cama","jetpack_sharing_enabled":true,"_links":{"self":[{"href":"https:\/\/casaisla.com.do\/index.php\/wp-json\/wp\/v2\/product\/1493","targetHints":{"allow":["GET"]}}],"collection":[{"href":"https:\/\/casaisla.com.do\/index.php\/wp-json\/wp\/v2\/product"}],"about":[{"href":"https:\/\/casaisla.com.do\/index.php\/wp-json\/wp\/v2\/types\/product"}],"wp:featuredmedia":[{"embeddable":true,"href":"https:\/\/casaisla.com.do\/index.php\/wp-json\/wp\/v2\/media\/1494"}],"wp:attachment":[{"href":"https:\/\/casaisla.com.do\/index.php\/wp-json\/wp\/v2\/media?parent=1493"}],"wp:term":[{"taxonomy":"product_brand","embeddable":true,"href":"https:\/\/casaisla.com.do\/index.php\/wp-json\/wp\/v2\/product_brand?post=1493"},{"taxonomy":"product_cat","embeddable":true,"href":"https:\/\/casaisla.com.do\/index.php\/wp-json\/wp\/v2\/product_cat?post=1493"},{"taxonomy":"product_tag","embeddable":true,"href":"https:\/\/casaisla.com.do\/index.php\/wp-json\/wp\/v2\/product_tag?post=1493"}],"curies":[{"name":"wp","href":"https:\/\/api.w.org\/{rel}","templated":true}]}}