{"id":1593,"date":"2025-05-16T00:54:35","date_gmt":"2025-05-16T00:54:35","guid":{"rendered":"https:\/\/casaisla.com.do\/?post_type=product&#038;p=1593"},"modified":"2025-05-16T00:56:11","modified_gmt":"2025-05-16T00:56:11","slug":"set-de-2-alfombras-multiuso","status":"publish","type":"product","link":"https:\/\/casaisla.com.do\/index.php\/product\/set-de-2-alfombras-multiuso\/","title":{"rendered":"Set de 2 alfombras multiuso"},"content":{"rendered":"<p>Precio al detalle: RD$ 350.00<\/p>\n<p>Precio al por mayor: RD$ 325.00<\/p>\n<p class=\"\" data-start=\"109\" data-end=\"400\">Aporta funcionalidad, estilo y confort a tu hogar con este pr\u00e1ctico <strong data-start=\"177\" data-end=\"208\">juego de alfombras multiuso<\/strong>, ideal para cocinas y otros espacios donde se necesite suavidad y protecci\u00f3n para el piso. Su dise\u00f1o moderno y materiales resistentes lo convierten en una excelente opci\u00f3n para el uso diario.<\/p>\n<p class=\"\" data-start=\"402\" data-end=\"690\">Este set incluye <strong data-start=\"419\" data-end=\"431\">2 piezas<\/strong>: una alfombra larga y una corta, perfectas para colocar frente al fregadero, la estufa o en \u00e1reas de alto tr\u00e1nsito. Su base antideslizante proporciona seguridad al caminar, mientras que su superficie acolchada brinda comodidad al estar de pie por m\u00e1s tiempo.<\/p>\n<p class=\"\" data-start=\"829\" data-end=\"1064\"><strong data-start=\"829\" data-end=\"860\">Caracter\u00edsticas destacadas:<\/strong><br data-start=\"860\" data-end=\"863\" \/>\u2714 Set de 2 piezas para mayor cobertura<br data-start=\"901\" data-end=\"904\" \/>\u2714 Dise\u00f1o multiuso, ideal para cocinas<br data-start=\"941\" data-end=\"944\" \/>\u2714 Superficie acolchada y agradable al pisar<br data-start=\"987\" data-end=\"990\" \/>\u2714 Base antideslizante para mayor seguridad<br data-start=\"1032\" data-end=\"1035\" \/>\u2714 F\u00e1cil de limpiar y mantener<\/p>\n<p class=\"\" data-start=\"1066\" data-end=\"1127\"><strong data-start=\"1066\" data-end=\"1127\">Renueva tus espacios con estilo, comodidad y practicidad.<\/strong><\/p>\n<p data-start=\"1066\" data-end=\"1127\">C\u00f3digo: ALFM-1860-2PS<\/p>\n","protected":false},"excerpt":{"rendered":"<p>Con base antideslizante, perfectas para cocina u otras \u00e1reas del hogar que necesitan confort y estilo.<\/p>\n","protected":false},"featured_media":1603,"template":"","meta":{"_uag_custom_page_level_css":"","site-sidebar-layout":"default","site-content-layout":"","ast-site-content-layout":"default","site-content-style":"default","site-sidebar-style":"default","ast-global-header-display":"","ast-banner-title-visibility":"","ast-main-header-display":"","ast-hfb-above-header-display":"","ast-hfb-below-header-display":"","ast-hfb-mobile-header-display":"","site-post-title":"","ast-breadcrumbs-content":"","ast-featured-img":"","footer-sml-layout":"","theme-transparent-header-meta":"default","adv-header-id-meta":"","stick-header-meta":"","header-above-stick-meta":"","header-main-stick-meta":"","header-below-stick-meta":"","astra-migrate-meta-layouts":"set","ast-page-background-enabled":"default","ast-page-background-meta":{"desktop":{"background-color":"var(--ast-global-color-4)","background-image":"","background-repeat":"repeat","background-position":"center center","background-size":"auto","background-attachment":"scroll","background-type":"","background-media":"","overlay-type":"","overlay-color":"","overlay-opacity":"","overlay-gradient":""},"tablet":{"background-color":"","background-image":"","background-repeat":"repeat","background-position":"center center","background-size":"auto","background-attachment":"scroll","background-type":"","background-media":"","overlay-type":"","overlay-color":"","overlay-opacity":"","overlay-gradient":""},"mobile":{"background-color":"","background-image":"","background-repeat":"repeat","background-position":"center center","background-size":"auto","background-attachment":"scroll","background-type":"","background-media":"","overlay-type":"","overlay-color":"","overlay-opacity":"","overlay-gradient":""}},"ast-content-background-meta":{"desktop":{"background-color":"var(--ast-global-color-5)","background-image":"","background-repeat":"repeat","background-position":"center center","background-size":"auto","background-attachment":"scroll","background-type":"","background-media":"","overlay-type":"","overlay-color":"","overlay-opacity":"","overlay-gradient":""},"tablet":{"background-color":"var(--ast-global-color-5)","background-image":"","background-repeat":"repeat","background-position":"center center","background-size":"auto","background-attachment":"scroll","background-type":"","background-media":"","overlay-type":"","overlay-color":"","overlay-opacity":"","overlay-gradient":""},"mobile":{"background-color":"var(--ast-global-color-5)","background-image":"","background-repeat":"repeat","background-position":"center center","background-size":"auto","background-attachment":"scroll","background-type":"","background-media":"","overlay-type":"","overlay-color":"","overlay-opacity":"","overlay-gradient":""}}},"product_brand":[],"product_cat":[33],"product_tag":[144,147,146,148],"class_list":{"0":"post-1593","1":"product","2":"type-product","3":"status-publish","4":"has-post-thumbnail","6":"product_cat-alfombras","7":"product_tag-alfombra","8":"product_tag-alfombras","9":"product_tag-juego-de-alfombra","10":"product_tag-set-de-alfombra","11":"desktop-align-left","12":"tablet-align-left","13":"mobile-align-left","15":"first","16":"instock","17":"sold-individually","18":"shipping-taxable","19":"purchasable","20":"product-type-simple"},"uagb_featured_image_src":{"full":["https:\/\/casaisla.com.do\/wp-content\/uploads\/2025\/05\/ALFM-1860-2P-3-1.jpg",1200,1200,false],"thumbnail":["https:\/\/casaisla.com.do\/wp-content\/uploads\/2025\/05\/ALFM-1860-2P-3-1-150x150.jpg",150,150,true],"medium":["https:\/\/casaisla.com.do\/wp-content\/uploads\/2025\/05\/ALFM-1860-2P-3-1-300x300.jpg",300,300,true],"medium_large":["https:\/\/casaisla.com.do\/wp-content\/uploads\/2025\/05\/ALFM-1860-2P-3-1-768x768.jpg",768,768,true],"large":["https:\/\/casaisla.com.do\/wp-content\/uploads\/2025\/05\/ALFM-1860-2P-3-1-1024x1024.jpg",1024,1024,true],"1536x1536":["https:\/\/casaisla.com.do\/wp-content\/uploads\/2025\/05\/ALFM-1860-2P-3-1.jpg",1200,1200,false],"2048x2048":["https:\/\/casaisla.com.do\/wp-content\/uploads\/2025\/05\/ALFM-1860-2P-3-1.jpg",1200,1200,false],"woocommerce_thumbnail":["https:\/\/casaisla.com.do\/wp-content\/uploads\/2025\/05\/ALFM-1860-2P-3-1-300x300.jpg",300,300,true],"woocommerce_single":["https:\/\/casaisla.com.do\/wp-content\/uploads\/2025\/05\/ALFM-1860-2P-3-1-600x600.jpg",600,600,true],"woocommerce_gallery_thumbnail":["https:\/\/casaisla.com.do\/wp-content\/uploads\/2025\/05\/ALFM-1860-2P-3-1-100x100.jpg",100,100,true],"dgwt-wcas-product-suggestion":["https:\/\/casaisla.com.do\/wp-content\/uploads\/2025\/05\/ALFM-1860-2P-3-1-64x64.jpg",64,64,true]},"uagb_author_info":{"display_name":"casa isla","author_link":"https:\/\/casaisla.com.do\/index.php\/author\/"},"uagb_comment_info":0,"uagb_excerpt":"Con base antideslizante, perfectas para cocina u otras \u00e1reas del hogar que necesitan confort y estilo.","jetpack_sharing_enabled":true,"_links":{"self":[{"href":"https:\/\/casaisla.com.do\/index.php\/wp-json\/wp\/v2\/product\/1593","targetHints":{"allow":["GET"]}}],"collection":[{"href":"https:\/\/casaisla.com.do\/index.php\/wp-json\/wp\/v2\/product"}],"about":[{"href":"https:\/\/casaisla.com.do\/index.php\/wp-json\/wp\/v2\/types\/product"}],"wp:featuredmedia":[{"embeddable":true,"href":"https:\/\/casaisla.com.do\/index.php\/wp-json\/wp\/v2\/media\/1603"}],"wp:attachment":[{"href":"https:\/\/casaisla.com.do\/index.php\/wp-json\/wp\/v2\/media?parent=1593"}],"wp:term":[{"taxonomy":"product_brand","embeddable":true,"href":"https:\/\/casaisla.com.do\/index.php\/wp-json\/wp\/v2\/product_brand?post=1593"},{"taxonomy":"product_cat","embeddable":true,"href":"https:\/\/casaisla.com.do\/index.php\/wp-json\/wp\/v2\/product_cat?post=1593"},{"taxonomy":"product_tag","embeddable":true,"href":"https:\/\/casaisla.com.do\/index.php\/wp-json\/wp\/v2\/product_tag?post=1593"}],"curies":[{"name":"wp","href":"https:\/\/api.w.org\/{rel}","templated":true}]}}