{"id":1647,"date":"2025-05-20T01:14:10","date_gmt":"2025-05-20T01:14:10","guid":{"rendered":"https:\/\/casaisla.com.do\/?post_type=product&#038;p=1647"},"modified":"2025-05-20T01:14:10","modified_gmt":"2025-05-20T01:14:10","slug":"tostadora-automatica-900w","status":"publish","type":"product","link":"https:\/\/casaisla.com.do\/index.php\/product\/tostadora-automatica-900w\/","title":{"rendered":"Tostadora autom\u00e1tica 900W"},"content":{"rendered":"<p>Precio al detalle: RD$ 620.00<\/p>\n<p>Precio al por mayor: RD$ 585.00<\/p>\n<p class=\"\" data-start=\"188\" data-end=\"475\">Agrega estilo y funcionalidad a tu cocina con esta tostadora autom\u00e1tica de 900\u202fW. Dise\u00f1ada para tostar dos rebanadas de pan de forma r\u00e1pida y uniforme, expulsa el pan autom\u00e1ticamente al finalizar para mayor comodidad. Su dise\u00f1o moderno y compacto la hace perfecta para cualquier espacio.<\/p>\n<p class=\"\" data-start=\"477\" data-end=\"677\"><strong data-start=\"477\" data-end=\"508\">Caracter\u00edsticas destacadas:<\/strong><br data-start=\"508\" data-end=\"511\" \/>\u2714 Potencia de 900\u202fW para un tostado r\u00e1pido<br data-start=\"553\" data-end=\"556\" \/>\u2714 Capacidad para 2 rebanadas<br data-start=\"584\" data-end=\"587\" \/>\u2714 Expulsi\u00f3n autom\u00e1tica del pan<br data-start=\"617\" data-end=\"620\" \/>\u2714 Estilo moderno y elegante<br data-start=\"647\" data-end=\"650\" \/>\u2714 F\u00e1cil de usar y limpiar<\/p>\n<p class=\"\" data-start=\"679\" data-end=\"735\">Ideal para desayunos pr\u00e1cticos y deliciosos cada ma\u00f1ana.<\/p>\n<p data-start=\"679\" data-end=\"735\">C\u00f3digo: TOST-556<\/p>\n","protected":false},"excerpt":{"rendered":"<p>Precio al detalle: RD$ 620.00 Precio al por mayor: RD$ 585.00 Agrega estilo y funcionalidad a tu cocina con esta tostadora autom\u00e1tica de 900\u202fW. Dise\u00f1ada para tostar dos rebanadas de pan de forma r\u00e1pida y uniforme, expulsa el pan autom\u00e1ticamente al finalizar para mayor comodidad. Su dise\u00f1o moderno y compacto la hace perfecta para cualquier [&hellip;]<\/p>\n","protected":false},"featured_media":1648,"template":"","meta":{"_uag_custom_page_level_css":"","site-sidebar-layout":"default","site-content-layout":"","ast-site-content-layout":"default","site-content-style":"default","site-sidebar-style":"default","ast-global-header-display":"","ast-banner-title-visibility":"","ast-main-header-display":"","ast-hfb-above-header-display":"","ast-hfb-below-header-display":"","ast-hfb-mobile-header-display":"","site-post-title":"","ast-breadcrumbs-content":"","ast-featured-img":"","footer-sml-layout":"","theme-transparent-header-meta":"default","adv-header-id-meta":"","stick-header-meta":"","header-above-stick-meta":"","header-main-stick-meta":"","header-below-stick-meta":"","astra-migrate-meta-layouts":"set","ast-page-background-enabled":"default","ast-page-background-meta":{"desktop":{"background-color":"var(--ast-global-color-4)","background-image":"","background-repeat":"repeat","background-position":"center center","background-size":"auto","background-attachment":"scroll","background-type":"","background-media":"","overlay-type":"","overlay-color":"","overlay-opacity":"","overlay-gradient":""},"tablet":{"background-color":"","background-image":"","background-repeat":"repeat","background-position":"center center","background-size":"auto","background-attachment":"scroll","background-type":"","background-media":"","overlay-type":"","overlay-color":"","overlay-opacity":"","overlay-gradient":""},"mobile":{"background-color":"","background-image":"","background-repeat":"repeat","background-position":"center center","background-size":"auto","background-attachment":"scroll","background-type":"","background-media":"","overlay-type":"","overlay-color":"","overlay-opacity":"","overlay-gradient":""}},"ast-content-background-meta":{"desktop":{"background-color":"var(--ast-global-color-5)","background-image":"","background-repeat":"repeat","background-position":"center center","background-size":"auto","background-attachment":"scroll","background-type":"","background-media":"","overlay-type":"","overlay-color":"","overlay-opacity":"","overlay-gradient":""},"tablet":{"background-color":"var(--ast-global-color-5)","background-image":"","background-repeat":"repeat","background-position":"center center","background-size":"auto","background-attachment":"scroll","background-type":"","background-media":"","overlay-type":"","overlay-color":"","overlay-opacity":"","overlay-gradient":""},"mobile":{"background-color":"var(--ast-global-color-5)","background-image":"","background-repeat":"repeat","background-position":"center center","background-size":"auto","background-attachment":"scroll","background-type":"","background-media":"","overlay-type":"","overlay-color":"","overlay-opacity":"","overlay-gradient":""}}},"product_brand":[],"product_cat":[35],"product_tag":[153],"class_list":{"0":"post-1647","1":"product","2":"type-product","3":"status-publish","4":"has-post-thumbnail","6":"product_cat-electrodomesticos","7":"product_tag-tostadora","8":"desktop-align-left","9":"tablet-align-left","10":"mobile-align-left","12":"first","13":"instock","14":"sold-individually","15":"shipping-taxable","16":"purchasable","17":"product-type-simple"},"uagb_featured_image_src":{"full":["https:\/\/casaisla.com.do\/wp-content\/uploads\/2025\/05\/TOST-556.jpg",1500,1500,false],"thumbnail":["https:\/\/casaisla.com.do\/wp-content\/uploads\/2025\/05\/TOST-556-150x150.jpg",150,150,true],"medium":["https:\/\/casaisla.com.do\/wp-content\/uploads\/2025\/05\/TOST-556-300x300.jpg",300,300,true],"medium_large":["https:\/\/casaisla.com.do\/wp-content\/uploads\/2025\/05\/TOST-556-768x768.jpg",768,768,true],"large":["https:\/\/casaisla.com.do\/wp-content\/uploads\/2025\/05\/TOST-556-1024x1024.jpg",1024,1024,true],"1536x1536":["https:\/\/casaisla.com.do\/wp-content\/uploads\/2025\/05\/TOST-556.jpg",1500,1500,false],"2048x2048":["https:\/\/casaisla.com.do\/wp-content\/uploads\/2025\/05\/TOST-556.jpg",1500,1500,false],"woocommerce_thumbnail":["https:\/\/casaisla.com.do\/wp-content\/uploads\/2025\/05\/TOST-556-300x300.jpg",300,300,true],"woocommerce_single":["https:\/\/casaisla.com.do\/wp-content\/uploads\/2025\/05\/TOST-556-600x600.jpg",600,600,true],"woocommerce_gallery_thumbnail":["https:\/\/casaisla.com.do\/wp-content\/uploads\/2025\/05\/TOST-556-100x100.jpg",100,100,true],"dgwt-wcas-product-suggestion":["https:\/\/casaisla.com.do\/wp-content\/uploads\/2025\/05\/TOST-556-64x64.jpg",64,64,true]},"uagb_author_info":{"display_name":"casa isla","author_link":"https:\/\/casaisla.com.do\/index.php\/author\/"},"uagb_comment_info":0,"uagb_excerpt":"Precio al detalle: RD$ 620.00 Precio al por mayor: RD$ 585.00 Agrega estilo y funcionalidad a tu cocina con esta tostadora autom\u00e1tica de 900\u202fW. Dise\u00f1ada para tostar dos rebanadas de pan de forma r\u00e1pida y uniforme, expulsa el pan autom\u00e1ticamente al finalizar para mayor comodidad. Su dise\u00f1o moderno y compacto la hace perfecta para cualquier&hellip;","jetpack_sharing_enabled":true,"_links":{"self":[{"href":"https:\/\/casaisla.com.do\/index.php\/wp-json\/wp\/v2\/product\/1647","targetHints":{"allow":["GET"]}}],"collection":[{"href":"https:\/\/casaisla.com.do\/index.php\/wp-json\/wp\/v2\/product"}],"about":[{"href":"https:\/\/casaisla.com.do\/index.php\/wp-json\/wp\/v2\/types\/product"}],"wp:featuredmedia":[{"embeddable":true,"href":"https:\/\/casaisla.com.do\/index.php\/wp-json\/wp\/v2\/media\/1648"}],"wp:attachment":[{"href":"https:\/\/casaisla.com.do\/index.php\/wp-json\/wp\/v2\/media?parent=1647"}],"wp:term":[{"taxonomy":"product_brand","embeddable":true,"href":"https:\/\/casaisla.com.do\/index.php\/wp-json\/wp\/v2\/product_brand?post=1647"},{"taxonomy":"product_cat","embeddable":true,"href":"https:\/\/casaisla.com.do\/index.php\/wp-json\/wp\/v2\/product_cat?post=1647"},{"taxonomy":"product_tag","embeddable":true,"href":"https:\/\/casaisla.com.do\/index.php\/wp-json\/wp\/v2\/product_tag?post=1647"}],"curies":[{"name":"wp","href":"https:\/\/api.w.org\/{rel}","templated":true}]}}