{"id":1847,"date":"2025-06-06T01:18:24","date_gmt":"2025-06-06T01:18:24","guid":{"rendered":"https:\/\/casaisla.com.do\/?post_type=product&#038;p=1847"},"modified":"2025-06-06T01:18:24","modified_gmt":"2025-06-06T01:18:24","slug":"protector-de-colchon-con-zipper-de-3-piezas-king","status":"publish","type":"product","link":"https:\/\/casaisla.com.do\/index.php\/product\/protector-de-colchon-con-zipper-de-3-piezas-king\/","title":{"rendered":"Protector de colch\u00f3n con zipper de 3 piezas King"},"content":{"rendered":"<p>Precio al detalle: RD$ 1,470.00<\/p>\n<p>Precio al por mayor: RD$ 1,395.00<\/p>\n<p>Tama\u00f1o King Size.<br \/>\nEste set incluye un protector de colch\u00f3n y dos protectores para almohada. Ideal para mantener tu cama limpia y protegida, gracias a su material impermeable y cierre completo con cremallera. El\u00e1stico ancho en todo el borde para un ajuste seguro y sin arrugas.<\/p>\n<p data-start=\"417\" data-end=\"557\"><strong data-start=\"417\" data-end=\"429\">Incluye:<\/strong><br \/>\n1 protector de colch\u00f3n \u2013 200 \u00d7 203 \u00d7 40 cm (79 \u00d7 80 \u00d7 16 pulgadas)<br data-start=\"153\" data-end=\"156\" \/>2 fundas de almohada \u2013 50 \u00d7 102 cm (20 \u00d7 40 pulgadas)<\/p>\n<p data-start=\"559\" data-end=\"756\"><strong data-start=\"559\" data-end=\"590\">Caracter\u00edsticas destacadas:<\/strong><br data-start=\"590\" data-end=\"593\" \/>\u2714 Impermeable y anti suciedad<br data-start=\"622\" data-end=\"625\" \/>\u2714 Cremallera completa (zipper) en todas las piezas<br data-start=\"675\" data-end=\"678\" \/>\u2714 El\u00e1stico completo para mejor ajuste<br data-start=\"715\" data-end=\"718\" \/>\u2714 Suave, transpirable y f\u00e1cil de lavar<\/p>\n<p>C\u00f3digo: CORB30-1733<\/p>\n","protected":false},"excerpt":{"rendered":"<p>Ideal para mantener tu cama limpia y protegida.<\/p>\n","protected":false},"featured_media":1852,"template":"","meta":{"_uag_custom_page_level_css":"","site-sidebar-layout":"default","site-content-layout":"","ast-site-content-layout":"default","site-content-style":"default","site-sidebar-style":"default","ast-global-header-display":"","ast-banner-title-visibility":"","ast-main-header-display":"","ast-hfb-above-header-display":"","ast-hfb-below-header-display":"","ast-hfb-mobile-header-display":"","site-post-title":"","ast-breadcrumbs-content":"","ast-featured-img":"","footer-sml-layout":"","theme-transparent-header-meta":"default","adv-header-id-meta":"","stick-header-meta":"","header-above-stick-meta":"","header-main-stick-meta":"","header-below-stick-meta":"","astra-migrate-meta-layouts":"set","ast-page-background-enabled":"default","ast-page-background-meta":{"desktop":{"background-color":"var(--ast-global-color-4)","background-image":"","background-repeat":"repeat","background-position":"center center","background-size":"auto","background-attachment":"scroll","background-type":"","background-media":"","overlay-type":"","overlay-color":"","overlay-opacity":"","overlay-gradient":""},"tablet":{"background-color":"","background-image":"","background-repeat":"repeat","background-position":"center center","background-size":"auto","background-attachment":"scroll","background-type":"","background-media":"","overlay-type":"","overlay-color":"","overlay-opacity":"","overlay-gradient":""},"mobile":{"background-color":"","background-image":"","background-repeat":"repeat","background-position":"center center","background-size":"auto","background-attachment":"scroll","background-type":"","background-media":"","overlay-type":"","overlay-color":"","overlay-opacity":"","overlay-gradient":""}},"ast-content-background-meta":{"desktop":{"background-color":"var(--ast-global-color-5)","background-image":"","background-repeat":"repeat","background-position":"center center","background-size":"auto","background-attachment":"scroll","background-type":"","background-media":"","overlay-type":"","overlay-color":"","overlay-opacity":"","overlay-gradient":""},"tablet":{"background-color":"var(--ast-global-color-5)","background-image":"","background-repeat":"repeat","background-position":"center center","background-size":"auto","background-attachment":"scroll","background-type":"","background-media":"","overlay-type":"","overlay-color":"","overlay-opacity":"","overlay-gradient":""},"mobile":{"background-color":"var(--ast-global-color-5)","background-image":"","background-repeat":"repeat","background-position":"center center","background-size":"auto","background-attachment":"scroll","background-type":"","background-media":"","overlay-type":"","overlay-color":"","overlay-opacity":"","overlay-gradient":""}}},"product_brand":[],"product_cat":[30,29],"product_tag":[186,185],"class_list":{"0":"post-1847","1":"product","2":"type-product","3":"status-publish","4":"has-post-thumbnail","6":"product_cat-cobertores","7":"product_cat-sabanas","8":"product_tag-forro-de-colchon","9":"product_tag-protector-de-colchon","10":"desktop-align-left","11":"tablet-align-left","12":"mobile-align-left","14":"first","15":"instock","16":"sold-individually","17":"shipping-taxable","18":"purchasable","19":"product-type-simple"},"uagb_featured_image_src":{"full":["https:\/\/casaisla.com.do\/wp-content\/uploads\/2025\/06\/CORB30-1733-2.jpg",1062,912,false],"thumbnail":["https:\/\/casaisla.com.do\/wp-content\/uploads\/2025\/06\/CORB30-1733-2-150x150.jpg",150,150,true],"medium":["https:\/\/casaisla.com.do\/wp-content\/uploads\/2025\/06\/CORB30-1733-2-300x258.jpg",300,258,true],"medium_large":["https:\/\/casaisla.com.do\/wp-content\/uploads\/2025\/06\/CORB30-1733-2-768x660.jpg",768,660,true],"large":["https:\/\/casaisla.com.do\/wp-content\/uploads\/2025\/06\/CORB30-1733-2-1024x879.jpg",1024,879,true],"1536x1536":["https:\/\/casaisla.com.do\/wp-content\/uploads\/2025\/06\/CORB30-1733-2.jpg",1062,912,false],"2048x2048":["https:\/\/casaisla.com.do\/wp-content\/uploads\/2025\/06\/CORB30-1733-2.jpg",1062,912,false],"woocommerce_thumbnail":["https:\/\/casaisla.com.do\/wp-content\/uploads\/2025\/06\/CORB30-1733-2-300x300.jpg",300,300,true],"woocommerce_single":["https:\/\/casaisla.com.do\/wp-content\/uploads\/2025\/06\/CORB30-1733-2-600x515.jpg",600,515,true],"woocommerce_gallery_thumbnail":["https:\/\/casaisla.com.do\/wp-content\/uploads\/2025\/06\/CORB30-1733-2-100x100.jpg",100,100,true],"dgwt-wcas-product-suggestion":["https:\/\/casaisla.com.do\/wp-content\/uploads\/2025\/06\/CORB30-1733-2-64x55.jpg",64,55,true]},"uagb_author_info":{"display_name":"casa isla","author_link":"https:\/\/casaisla.com.do\/index.php\/author\/"},"uagb_comment_info":0,"uagb_excerpt":"Ideal para mantener tu cama limpia y protegida.","jetpack_sharing_enabled":true,"_links":{"self":[{"href":"https:\/\/casaisla.com.do\/index.php\/wp-json\/wp\/v2\/product\/1847","targetHints":{"allow":["GET"]}}],"collection":[{"href":"https:\/\/casaisla.com.do\/index.php\/wp-json\/wp\/v2\/product"}],"about":[{"href":"https:\/\/casaisla.com.do\/index.php\/wp-json\/wp\/v2\/types\/product"}],"wp:featuredmedia":[{"embeddable":true,"href":"https:\/\/casaisla.com.do\/index.php\/wp-json\/wp\/v2\/media\/1852"}],"wp:attachment":[{"href":"https:\/\/casaisla.com.do\/index.php\/wp-json\/wp\/v2\/media?parent=1847"}],"wp:term":[{"taxonomy":"product_brand","embeddable":true,"href":"https:\/\/casaisla.com.do\/index.php\/wp-json\/wp\/v2\/product_brand?post=1847"},{"taxonomy":"product_cat","embeddable":true,"href":"https:\/\/casaisla.com.do\/index.php\/wp-json\/wp\/v2\/product_cat?post=1847"},{"taxonomy":"product_tag","embeddable":true,"href":"https:\/\/casaisla.com.do\/index.php\/wp-json\/wp\/v2\/product_tag?post=1847"}],"curies":[{"name":"wp","href":"https:\/\/api.w.org\/{rel}","templated":true}]}}