{"id":1903,"date":"2025-06-09T01:23:59","date_gmt":"2025-06-09T01:23:59","guid":{"rendered":"https:\/\/casaisla.com.do\/?post_type=product&#038;p=1903"},"modified":"2025-06-13T00:06:57","modified_gmt":"2025-06-13T00:06:57","slug":"termo-termico-de-500ml","status":"publish","type":"product","link":"https:\/\/casaisla.com.do\/index.php\/product\/termo-termico-de-500ml\/","title":{"rendered":"Termo t\u00e9rmico de 500ml"},"content":{"rendered":"<p>Precio al detalle: RD$ 385.00<\/p>\n<p>Precio al por mayor: RD$ 365.00<\/p>\n<p data-start=\"83\" data-end=\"351\">Ideal para mantener tus bebidas calientes o fr\u00edas por m\u00e1s tiempo, este termo t\u00e9rmico de 500 ml es perfecto para llevar caf\u00e9, t\u00e9 o agua a donde vayas. Su dise\u00f1o compacto y elegante lo hace f\u00e1cil de transportar y c\u00f3modo de usar en el trabajo, la escuela o al aire libre.<\/p>\n<p data-start=\"353\" data-end=\"412\"><strong data-start=\"353\" data-end=\"377\">Medidas aproximadas:<\/strong><br data-start=\"377\" data-end=\"380\" \/>7 cm x 24 cm | Capacidad: 500 ml<\/p>\n<p data-start=\"414\" data-end=\"613\"><strong data-start=\"414\" data-end=\"445\">Caracter\u00edsticas destacadas:<\/strong><br data-start=\"445\" data-end=\"448\" \/>\u2714 Doble pared con aislamiento t\u00e9rmico<br data-start=\"485\" data-end=\"488\" \/>\u2714 Conserva la temperatura por varias horas<br data-start=\"530\" data-end=\"533\" \/>\u2714 Tapa herm\u00e9tica a prueba de derrames<br data-start=\"570\" data-end=\"573\" \/>\u2714 Material resistente y f\u00e1cil de limpiar<\/p>\n<p>C\u00f3digo: TERM-604-0.5L<\/p>\n","protected":false},"excerpt":{"rendered":"<p>Ideal para mantener tus bebidas calientes o fr\u00edas por m\u00e1s tiempo.<\/p>\n","protected":false},"featured_media":1904,"template":"","meta":{"_uag_custom_page_level_css":"","site-sidebar-layout":"default","site-content-layout":"","ast-site-content-layout":"default","site-content-style":"default","site-sidebar-style":"default","ast-global-header-display":"","ast-banner-title-visibility":"","ast-main-header-display":"","ast-hfb-above-header-display":"","ast-hfb-below-header-display":"","ast-hfb-mobile-header-display":"","site-post-title":"","ast-breadcrumbs-content":"","ast-featured-img":"","footer-sml-layout":"","theme-transparent-header-meta":"default","adv-header-id-meta":"","stick-header-meta":"","header-above-stick-meta":"","header-main-stick-meta":"","header-below-stick-meta":"","astra-migrate-meta-layouts":"set","ast-page-background-enabled":"default","ast-page-background-meta":{"desktop":{"background-color":"var(--ast-global-color-4)","background-image":"","background-repeat":"repeat","background-position":"center center","background-size":"auto","background-attachment":"scroll","background-type":"","background-media":"","overlay-type":"","overlay-color":"","overlay-opacity":"","overlay-gradient":""},"tablet":{"background-color":"","background-image":"","background-repeat":"repeat","background-position":"center center","background-size":"auto","background-attachment":"scroll","background-type":"","background-media":"","overlay-type":"","overlay-color":"","overlay-opacity":"","overlay-gradient":""},"mobile":{"background-color":"","background-image":"","background-repeat":"repeat","background-position":"center center","background-size":"auto","background-attachment":"scroll","background-type":"","background-media":"","overlay-type":"","overlay-color":"","overlay-opacity":"","overlay-gradient":""}},"ast-content-background-meta":{"desktop":{"background-color":"var(--ast-global-color-5)","background-image":"","background-repeat":"repeat","background-position":"center center","background-size":"auto","background-attachment":"scroll","background-type":"","background-media":"","overlay-type":"","overlay-color":"","overlay-opacity":"","overlay-gradient":""},"tablet":{"background-color":"var(--ast-global-color-5)","background-image":"","background-repeat":"repeat","background-position":"center center","background-size":"auto","background-attachment":"scroll","background-type":"","background-media":"","overlay-type":"","overlay-color":"","overlay-opacity":"","overlay-gradient":""},"mobile":{"background-color":"var(--ast-global-color-5)","background-image":"","background-repeat":"repeat","background-position":"center center","background-size":"auto","background-attachment":"scroll","background-type":"","background-media":"","overlay-type":"","overlay-color":"","overlay-opacity":"","overlay-gradient":""}}},"product_brand":[],"product_cat":[127],"product_tag":[126,158],"class_list":{"0":"post-1903","1":"product","2":"type-product","3":"status-publish","4":"has-post-thumbnail","6":"product_cat-termos-y-envases","7":"product_tag-termo","8":"product_tag-termo-deportivo","9":"desktop-align-left","10":"tablet-align-left","11":"mobile-align-left","13":"first","14":"instock","15":"sold-individually","16":"shipping-taxable","17":"purchasable","18":"product-type-simple"},"uagb_featured_image_src":{"full":["https:\/\/casaisla.com.do\/wp-content\/uploads\/2025\/06\/TERM-604-0.5L.jpg",1600,1600,false],"thumbnail":["https:\/\/casaisla.com.do\/wp-content\/uploads\/2025\/06\/TERM-604-0.5L-150x150.jpg",150,150,true],"medium":["https:\/\/casaisla.com.do\/wp-content\/uploads\/2025\/06\/TERM-604-0.5L-300x300.jpg",300,300,true],"medium_large":["https:\/\/casaisla.com.do\/wp-content\/uploads\/2025\/06\/TERM-604-0.5L-768x768.jpg",768,768,true],"large":["https:\/\/casaisla.com.do\/wp-content\/uploads\/2025\/06\/TERM-604-0.5L-1024x1024.jpg",1024,1024,true],"1536x1536":["https:\/\/casaisla.com.do\/wp-content\/uploads\/2025\/06\/TERM-604-0.5L-1536x1536.jpg",1536,1536,true],"2048x2048":["https:\/\/casaisla.com.do\/wp-content\/uploads\/2025\/06\/TERM-604-0.5L.jpg",1600,1600,false],"woocommerce_thumbnail":["https:\/\/casaisla.com.do\/wp-content\/uploads\/2025\/06\/TERM-604-0.5L-300x300.jpg",300,300,true],"woocommerce_single":["https:\/\/casaisla.com.do\/wp-content\/uploads\/2025\/06\/TERM-604-0.5L-600x600.jpg",600,600,true],"woocommerce_gallery_thumbnail":["https:\/\/casaisla.com.do\/wp-content\/uploads\/2025\/06\/TERM-604-0.5L-100x100.jpg",100,100,true],"dgwt-wcas-product-suggestion":["https:\/\/casaisla.com.do\/wp-content\/uploads\/2025\/06\/TERM-604-0.5L-64x64.jpg",64,64,true]},"uagb_author_info":{"display_name":"casa isla","author_link":"https:\/\/casaisla.com.do\/index.php\/author\/"},"uagb_comment_info":0,"uagb_excerpt":"Ideal para mantener tus bebidas calientes o fr\u00edas por m\u00e1s tiempo.","jetpack_sharing_enabled":true,"_links":{"self":[{"href":"https:\/\/casaisla.com.do\/index.php\/wp-json\/wp\/v2\/product\/1903","targetHints":{"allow":["GET"]}}],"collection":[{"href":"https:\/\/casaisla.com.do\/index.php\/wp-json\/wp\/v2\/product"}],"about":[{"href":"https:\/\/casaisla.com.do\/index.php\/wp-json\/wp\/v2\/types\/product"}],"wp:featuredmedia":[{"embeddable":true,"href":"https:\/\/casaisla.com.do\/index.php\/wp-json\/wp\/v2\/media\/1904"}],"wp:attachment":[{"href":"https:\/\/casaisla.com.do\/index.php\/wp-json\/wp\/v2\/media?parent=1903"}],"wp:term":[{"taxonomy":"product_brand","embeddable":true,"href":"https:\/\/casaisla.com.do\/index.php\/wp-json\/wp\/v2\/product_brand?post=1903"},{"taxonomy":"product_cat","embeddable":true,"href":"https:\/\/casaisla.com.do\/index.php\/wp-json\/wp\/v2\/product_cat?post=1903"},{"taxonomy":"product_tag","embeddable":true,"href":"https:\/\/casaisla.com.do\/index.php\/wp-json\/wp\/v2\/product_tag?post=1903"}],"curies":[{"name":"wp","href":"https:\/\/api.w.org\/{rel}","templated":true}]}}