{"id":1907,"date":"2025-06-10T22:22:47","date_gmt":"2025-06-10T22:22:47","guid":{"rendered":"https:\/\/casaisla.com.do\/?post_type=product&#038;p=1907"},"modified":"2025-06-10T22:28:15","modified_gmt":"2025-06-10T22:28:15","slug":"set-de-4-cubrecolchones","status":"publish","type":"product","link":"https:\/\/casaisla.com.do\/index.php\/product\/set-de-4-cubrecolchones\/","title":{"rendered":"Set de 4 cubrecolchones"},"content":{"rendered":"<p>Precio al detalle: RD$ 1,150.00<\/p>\n<p>Precio al por mayor: RD$ 1,075.00<\/p>\n<p data-start=\"98\" data-end=\"363\">Ideal para mantener tu cama siempre limpia y protegida, este set de 4 cubrecolchones ajustables ofrece comodidad, resistencia y un ajuste perfecto. Fabricados con materiales de buena calidad, son suaves al tacto y f\u00e1ciles de colocar gracias a su dise\u00f1o el\u00e1stico.<\/p>\n<p data-start=\"365\" data-end=\"454\"><strong data-start=\"365\" data-end=\"403\">Medidas aproximadas (cada unidad):<\/strong><br data-start=\"403\" data-end=\"406\" \/>60 x 80 + 14 pulgadas (aprox. 152 x 203 x 36 cm)<\/p>\n<p data-start=\"456\" data-end=\"662\"><strong data-start=\"456\" data-end=\"487\">Caracter\u00edsticas destacadas:<\/strong><br data-start=\"487\" data-end=\"490\" \/>\u2714 Tela suave, transpirable y duradera<br data-start=\"527\" data-end=\"530\" \/>\u2714 Ajuste el\u00e1stico que se adapta a diferentes grosores de colch\u00f3n<br data-start=\"594\" data-end=\"597\" \/>\u2714 F\u00e1ciles de lavar: se pueden meter directamente en la lavadora<\/p>\n<p data-start=\"467\" data-end=\"673\">C\u00f3digo: CUBR-COLC-25-1069<\/p>\n","protected":false},"excerpt":{"rendered":"<p>C\u00f3modos, duraderos y de f\u00e1cil cuidado.<\/p>\n","protected":false},"featured_media":1915,"template":"","meta":{"_uag_custom_page_level_css":"","site-sidebar-layout":"default","site-content-layout":"","ast-site-content-layout":"default","site-content-style":"default","site-sidebar-style":"default","ast-global-header-display":"","ast-banner-title-visibility":"","ast-main-header-display":"","ast-hfb-above-header-display":"","ast-hfb-below-header-display":"","ast-hfb-mobile-header-display":"","site-post-title":"","ast-breadcrumbs-content":"","ast-featured-img":"","footer-sml-layout":"","theme-transparent-header-meta":"default","adv-header-id-meta":"","stick-header-meta":"","header-above-stick-meta":"","header-main-stick-meta":"","header-below-stick-meta":"","astra-migrate-meta-layouts":"set","ast-page-background-enabled":"default","ast-page-background-meta":{"desktop":{"background-color":"var(--ast-global-color-4)","background-image":"","background-repeat":"repeat","background-position":"center center","background-size":"auto","background-attachment":"scroll","background-type":"","background-media":"","overlay-type":"","overlay-color":"","overlay-opacity":"","overlay-gradient":""},"tablet":{"background-color":"","background-image":"","background-repeat":"repeat","background-position":"center center","background-size":"auto","background-attachment":"scroll","background-type":"","background-media":"","overlay-type":"","overlay-color":"","overlay-opacity":"","overlay-gradient":""},"mobile":{"background-color":"","background-image":"","background-repeat":"repeat","background-position":"center center","background-size":"auto","background-attachment":"scroll","background-type":"","background-media":"","overlay-type":"","overlay-color":"","overlay-opacity":"","overlay-gradient":""}},"ast-content-background-meta":{"desktop":{"background-color":"var(--ast-global-color-5)","background-image":"","background-repeat":"repeat","background-position":"center center","background-size":"auto","background-attachment":"scroll","background-type":"","background-media":"","overlay-type":"","overlay-color":"","overlay-opacity":"","overlay-gradient":""},"tablet":{"background-color":"var(--ast-global-color-5)","background-image":"","background-repeat":"repeat","background-position":"center center","background-size":"auto","background-attachment":"scroll","background-type":"","background-media":"","overlay-type":"","overlay-color":"","overlay-opacity":"","overlay-gradient":""},"mobile":{"background-color":"var(--ast-global-color-5)","background-image":"","background-repeat":"repeat","background-position":"center center","background-size":"auto","background-attachment":"scroll","background-type":"","background-media":"","overlay-type":"","overlay-color":"","overlay-opacity":"","overlay-gradient":""}}},"product_brand":[],"product_cat":[29],"product_tag":[194],"class_list":{"0":"post-1907","1":"product","2":"type-product","3":"status-publish","4":"has-post-thumbnail","6":"product_cat-sabanas","7":"product_tag-cubrecolchon","8":"desktop-align-left","9":"tablet-align-left","10":"mobile-align-left","12":"first","13":"instock","14":"sold-individually","15":"shipping-taxable","16":"purchasable","17":"product-type-simple"},"uagb_featured_image_src":{"full":["https:\/\/casaisla.com.do\/wp-content\/uploads\/2025\/06\/CUBR-COLC-25-1069-8.jpg",1024,1024,false],"thumbnail":["https:\/\/casaisla.com.do\/wp-content\/uploads\/2025\/06\/CUBR-COLC-25-1069-8-150x150.jpg",150,150,true],"medium":["https:\/\/casaisla.com.do\/wp-content\/uploads\/2025\/06\/CUBR-COLC-25-1069-8-300x300.jpg",300,300,true],"medium_large":["https:\/\/casaisla.com.do\/wp-content\/uploads\/2025\/06\/CUBR-COLC-25-1069-8-768x768.jpg",768,768,true],"large":["https:\/\/casaisla.com.do\/wp-content\/uploads\/2025\/06\/CUBR-COLC-25-1069-8.jpg",1024,1024,false],"1536x1536":["https:\/\/casaisla.com.do\/wp-content\/uploads\/2025\/06\/CUBR-COLC-25-1069-8.jpg",1024,1024,false],"2048x2048":["https:\/\/casaisla.com.do\/wp-content\/uploads\/2025\/06\/CUBR-COLC-25-1069-8.jpg",1024,1024,false],"woocommerce_thumbnail":["https:\/\/casaisla.com.do\/wp-content\/uploads\/2025\/06\/CUBR-COLC-25-1069-8-300x300.jpg",300,300,true],"woocommerce_single":["https:\/\/casaisla.com.do\/wp-content\/uploads\/2025\/06\/CUBR-COLC-25-1069-8-600x600.jpg",600,600,true],"woocommerce_gallery_thumbnail":["https:\/\/casaisla.com.do\/wp-content\/uploads\/2025\/06\/CUBR-COLC-25-1069-8-100x100.jpg",100,100,true],"dgwt-wcas-product-suggestion":["https:\/\/casaisla.com.do\/wp-content\/uploads\/2025\/06\/CUBR-COLC-25-1069-8-64x64.jpg",64,64,true]},"uagb_author_info":{"display_name":"casa isla","author_link":"https:\/\/casaisla.com.do\/index.php\/author\/"},"uagb_comment_info":0,"uagb_excerpt":"C\u00f3modos, duraderos y de f\u00e1cil cuidado.","jetpack_sharing_enabled":true,"_links":{"self":[{"href":"https:\/\/casaisla.com.do\/index.php\/wp-json\/wp\/v2\/product\/1907","targetHints":{"allow":["GET"]}}],"collection":[{"href":"https:\/\/casaisla.com.do\/index.php\/wp-json\/wp\/v2\/product"}],"about":[{"href":"https:\/\/casaisla.com.do\/index.php\/wp-json\/wp\/v2\/types\/product"}],"wp:featuredmedia":[{"embeddable":true,"href":"https:\/\/casaisla.com.do\/index.php\/wp-json\/wp\/v2\/media\/1915"}],"wp:attachment":[{"href":"https:\/\/casaisla.com.do\/index.php\/wp-json\/wp\/v2\/media?parent=1907"}],"wp:term":[{"taxonomy":"product_brand","embeddable":true,"href":"https:\/\/casaisla.com.do\/index.php\/wp-json\/wp\/v2\/product_brand?post=1907"},{"taxonomy":"product_cat","embeddable":true,"href":"https:\/\/casaisla.com.do\/index.php\/wp-json\/wp\/v2\/product_cat?post=1907"},{"taxonomy":"product_tag","embeddable":true,"href":"https:\/\/casaisla.com.do\/index.php\/wp-json\/wp\/v2\/product_tag?post=1907"}],"curies":[{"name":"wp","href":"https:\/\/api.w.org\/{rel}","templated":true}]}}