{"id":1930,"date":"2025-06-11T00:56:35","date_gmt":"2025-06-11T00:56:35","guid":{"rendered":"https:\/\/casaisla.com.do\/?post_type=product&#038;p=1930"},"modified":"2025-06-11T00:56:35","modified_gmt":"2025-06-11T00:56:35","slug":"juego-de-bano-de-6-piezas","status":"publish","type":"product","link":"https:\/\/casaisla.com.do\/index.php\/product\/juego-de-bano-de-6-piezas\/","title":{"rendered":"Juego de ba\u00f1o de 6 piezas"},"content":{"rendered":"<p>Precio al detalle: RD$ 935.00<\/p>\n<p>Precio al por mayor: RD$ 875.00<\/p>\n<p data-start=\"83\" data-end=\"438\">Ideal para renovar tu ba\u00f1o con estilo y funcionalidad, este juego de ba\u00f1o de 6 piezas combina practicidad y dise\u00f1o en cada detalle. Incluye todo lo necesario para darle un toque decorativo y c\u00f3modo a tu espacio, desde la cortina de ducha hasta alfombrillas y cubiertas. Sus materiales suaves y resistentes garantizan confort, f\u00e1cil limpieza y durabilidad.<\/p>\n<p data-start=\"440\" data-end=\"462\">Medidas aproximadas:<\/p>\n<p data-start=\"440\" data-end=\"462\">Cortina de ducha: 180 x 180 cm<br \/>\nAlfombrilla antideslizante: 75 x 44 cm<br \/>\nAlfombrilla de ba\u00f1o: 44 x 36 cm<br \/>\nTapa de inodoro: 42 x 40 cm<br \/>\nTapa de tanque: 43 x 23 cm<br \/>\nGorro de ba\u00f1o: 13 x 28 cm<\/p>\n<p data-start=\"669\" data-end=\"929\">Caracter\u00edsticas destacadas:<br data-start=\"696\" data-end=\"699\" \/>\u2714 Juego completo de 6 piezas para ba\u00f1o<br data-start=\"737\" data-end=\"740\" \/>\u2714 Materiales suaves, lavables y duraderos<br data-start=\"781\" data-end=\"784\" \/>\u2714 Alfombrillas con base antideslizante para mayor seguridad<br data-start=\"843\" data-end=\"846\" \/>\u2714 Cortina de ducha resistente al agua<br data-start=\"883\" data-end=\"886\" \/>\u2714 Dise\u00f1o decorativo para embellecer tu ba\u00f1o<\/p>\n<p data-start=\"669\" data-end=\"929\">C\u00f3digo: BANO-538-6<\/p>\n","protected":false},"excerpt":{"rendered":"<p>Dise\u00f1o decorativo, materiales lavables y antideslizantes. \u00a1Renueva tu ba\u00f1o con estilo y confort!<\/p>\n","protected":false},"featured_media":1935,"template":"","meta":{"_uag_custom_page_level_css":"","site-sidebar-layout":"default","site-content-layout":"","ast-site-content-layout":"default","site-content-style":"default","site-sidebar-style":"default","ast-global-header-display":"","ast-banner-title-visibility":"","ast-main-header-display":"","ast-hfb-above-header-display":"","ast-hfb-below-header-display":"","ast-hfb-mobile-header-display":"","site-post-title":"","ast-breadcrumbs-content":"","ast-featured-img":"","footer-sml-layout":"","theme-transparent-header-meta":"default","adv-header-id-meta":"","stick-header-meta":"","header-above-stick-meta":"","header-main-stick-meta":"","header-below-stick-meta":"","astra-migrate-meta-layouts":"set","ast-page-background-enabled":"default","ast-page-background-meta":{"desktop":{"background-color":"var(--ast-global-color-4)","background-image":"","background-repeat":"repeat","background-position":"center center","background-size":"auto","background-attachment":"scroll","background-type":"","background-media":"","overlay-type":"","overlay-color":"","overlay-opacity":"","overlay-gradient":""},"tablet":{"background-color":"","background-image":"","background-repeat":"repeat","background-position":"center center","background-size":"auto","background-attachment":"scroll","background-type":"","background-media":"","overlay-type":"","overlay-color":"","overlay-opacity":"","overlay-gradient":""},"mobile":{"background-color":"","background-image":"","background-repeat":"repeat","background-position":"center center","background-size":"auto","background-attachment":"scroll","background-type":"","background-media":"","overlay-type":"","overlay-color":"","overlay-opacity":"","overlay-gradient":""}},"ast-content-background-meta":{"desktop":{"background-color":"var(--ast-global-color-5)","background-image":"","background-repeat":"repeat","background-position":"center center","background-size":"auto","background-attachment":"scroll","background-type":"","background-media":"","overlay-type":"","overlay-color":"","overlay-opacity":"","overlay-gradient":""},"tablet":{"background-color":"var(--ast-global-color-5)","background-image":"","background-repeat":"repeat","background-position":"center center","background-size":"auto","background-attachment":"scroll","background-type":"","background-media":"","overlay-type":"","overlay-color":"","overlay-opacity":"","overlay-gradient":""},"mobile":{"background-color":"var(--ast-global-color-5)","background-image":"","background-repeat":"repeat","background-position":"center center","background-size":"auto","background-attachment":"scroll","background-type":"","background-media":"","overlay-type":"","overlay-color":"","overlay-opacity":"","overlay-gradient":""}}},"product_brand":[],"product_cat":[175],"product_tag":[199],"class_list":{"0":"post-1930","1":"product","2":"type-product","3":"status-publish","4":"has-post-thumbnail","6":"product_cat-todo-para-tu-bano","7":"product_tag-juego-de-bano","8":"desktop-align-left","9":"tablet-align-left","10":"mobile-align-left","12":"first","13":"instock","14":"sold-individually","15":"shipping-taxable","16":"purchasable","17":"product-type-simple"},"uagb_featured_image_src":{"full":["https:\/\/casaisla.com.do\/wp-content\/uploads\/2025\/06\/BANO-538-6E-10.jpg",1281,1199,false],"thumbnail":["https:\/\/casaisla.com.do\/wp-content\/uploads\/2025\/06\/BANO-538-6E-10-150x150.jpg",150,150,true],"medium":["https:\/\/casaisla.com.do\/wp-content\/uploads\/2025\/06\/BANO-538-6E-10-300x281.jpg",300,281,true],"medium_large":["https:\/\/casaisla.com.do\/wp-content\/uploads\/2025\/06\/BANO-538-6E-10-768x719.jpg",768,719,true],"large":["https:\/\/casaisla.com.do\/wp-content\/uploads\/2025\/06\/BANO-538-6E-10-1024x958.jpg",1024,958,true],"1536x1536":["https:\/\/casaisla.com.do\/wp-content\/uploads\/2025\/06\/BANO-538-6E-10.jpg",1281,1199,false],"2048x2048":["https:\/\/casaisla.com.do\/wp-content\/uploads\/2025\/06\/BANO-538-6E-10.jpg",1281,1199,false],"woocommerce_thumbnail":["https:\/\/casaisla.com.do\/wp-content\/uploads\/2025\/06\/BANO-538-6E-10-300x300.jpg",300,300,true],"woocommerce_single":["https:\/\/casaisla.com.do\/wp-content\/uploads\/2025\/06\/BANO-538-6E-10-600x562.jpg",600,562,true],"woocommerce_gallery_thumbnail":["https:\/\/casaisla.com.do\/wp-content\/uploads\/2025\/06\/BANO-538-6E-10-100x100.jpg",100,100,true],"dgwt-wcas-product-suggestion":["https:\/\/casaisla.com.do\/wp-content\/uploads\/2025\/06\/BANO-538-6E-10-64x60.jpg",64,60,true]},"uagb_author_info":{"display_name":"casa isla","author_link":"https:\/\/casaisla.com.do\/index.php\/author\/"},"uagb_comment_info":0,"uagb_excerpt":"Dise\u00f1o decorativo, materiales lavables y antideslizantes. \u00a1Renueva tu ba\u00f1o con estilo y confort!","jetpack_sharing_enabled":true,"_links":{"self":[{"href":"https:\/\/casaisla.com.do\/index.php\/wp-json\/wp\/v2\/product\/1930","targetHints":{"allow":["GET"]}}],"collection":[{"href":"https:\/\/casaisla.com.do\/index.php\/wp-json\/wp\/v2\/product"}],"about":[{"href":"https:\/\/casaisla.com.do\/index.php\/wp-json\/wp\/v2\/types\/product"}],"wp:featuredmedia":[{"embeddable":true,"href":"https:\/\/casaisla.com.do\/index.php\/wp-json\/wp\/v2\/media\/1935"}],"wp:attachment":[{"href":"https:\/\/casaisla.com.do\/index.php\/wp-json\/wp\/v2\/media?parent=1930"}],"wp:term":[{"taxonomy":"product_brand","embeddable":true,"href":"https:\/\/casaisla.com.do\/index.php\/wp-json\/wp\/v2\/product_brand?post=1930"},{"taxonomy":"product_cat","embeddable":true,"href":"https:\/\/casaisla.com.do\/index.php\/wp-json\/wp\/v2\/product_cat?post=1930"},{"taxonomy":"product_tag","embeddable":true,"href":"https:\/\/casaisla.com.do\/index.php\/wp-json\/wp\/v2\/product_tag?post=1930"}],"curies":[{"name":"wp","href":"https:\/\/api.w.org\/{rel}","templated":true}]}}