{"id":2078,"date":"2025-06-22T00:26:06","date_gmt":"2025-06-22T00:26:06","guid":{"rendered":"https:\/\/casaisla.com.do\/?post_type=product&#038;p=2078"},"modified":"2025-06-22T00:28:04","modified_gmt":"2025-06-22T00:28:04","slug":"protector-de-colchon-estampado-con-zipper-de-3-piezas-queen","status":"publish","type":"product","link":"https:\/\/casaisla.com.do\/index.php\/product\/protector-de-colchon-estampado-con-zipper-de-3-piezas-queen\/","title":{"rendered":"Protector de colch\u00f3n estampado con zipper de 3 piezas Queen"},"content":{"rendered":"<p>Precio al detalle: RD$ 1,325.00<\/p>\n<p>Precio al por mayor: RD$ 1,250.00<\/p>\n<p data-start=\"157\" data-end=\"415\">Tama\u00f1o Queen Size.<br \/>\nEste set incluye un protector de colch\u00f3n y dos protectores para almohada. Ideal para mantener tu cama limpia y protegida, gracias a su material impermeable y cierre completo con cremallera. El\u00e1stico ancho en todo el borde para un ajuste seguro y sin arrugas.<\/p>\n<p data-start=\"417\" data-end=\"557\"><strong data-start=\"417\" data-end=\"429\">Incluye:<\/strong><br data-start=\"429\" data-end=\"432\" \/>\u00a01 protector de colch\u00f3n \u2013 150 \u00d7 203 \u00d7 35 cm (60 \u00d7 80 \u00d7 14 pulgadas)<br data-start=\"500\" data-end=\"503\" \/>\u00a02 fundas de almohada \u2013 51 \u00d7 76 cm (20 \u00d7 30 pulgadas)<\/p>\n<p data-start=\"559\" data-end=\"756\"><strong data-start=\"559\" data-end=\"590\">Caracter\u00edsticas destacadas:<\/strong><br data-start=\"590\" data-end=\"593\" \/>\u2714 Impermeable y anti suciedad<br data-start=\"622\" data-end=\"625\" \/>\u2714 Cremallera completa (zipper) en todas las piezas<br data-start=\"675\" data-end=\"678\" \/>\u2714 El\u00e1stico completo para mejor ajuste<br data-start=\"715\" data-end=\"718\" \/>\u2714 Suave, transpirable y f\u00e1cil de lavar<\/p>\n<p>C\u00f3digo: CORB25-1734<\/p>\n","protected":false},"excerpt":{"rendered":"<p>Ideal para mantener tu cama limpia y protegida.<\/p>\n","protected":false},"featured_media":2081,"template":"","meta":{"_uag_custom_page_level_css":"","site-sidebar-layout":"default","site-content-layout":"","ast-site-content-layout":"default","site-content-style":"default","site-sidebar-style":"default","ast-global-header-display":"","ast-banner-title-visibility":"","ast-main-header-display":"","ast-hfb-above-header-display":"","ast-hfb-below-header-display":"","ast-hfb-mobile-header-display":"","site-post-title":"","ast-breadcrumbs-content":"","ast-featured-img":"","footer-sml-layout":"","theme-transparent-header-meta":"default","adv-header-id-meta":"","stick-header-meta":"","header-above-stick-meta":"","header-main-stick-meta":"","header-below-stick-meta":"","astra-migrate-meta-layouts":"set","ast-page-background-enabled":"default","ast-page-background-meta":{"desktop":{"background-color":"var(--ast-global-color-4)","background-image":"","background-repeat":"repeat","background-position":"center center","background-size":"auto","background-attachment":"scroll","background-type":"","background-media":"","overlay-type":"","overlay-color":"","overlay-opacity":"","overlay-gradient":""},"tablet":{"background-color":"","background-image":"","background-repeat":"repeat","background-position":"center center","background-size":"auto","background-attachment":"scroll","background-type":"","background-media":"","overlay-type":"","overlay-color":"","overlay-opacity":"","overlay-gradient":""},"mobile":{"background-color":"","background-image":"","background-repeat":"repeat","background-position":"center center","background-size":"auto","background-attachment":"scroll","background-type":"","background-media":"","overlay-type":"","overlay-color":"","overlay-opacity":"","overlay-gradient":""}},"ast-content-background-meta":{"desktop":{"background-color":"var(--ast-global-color-5)","background-image":"","background-repeat":"repeat","background-position":"center center","background-size":"auto","background-attachment":"scroll","background-type":"","background-media":"","overlay-type":"","overlay-color":"","overlay-opacity":"","overlay-gradient":""},"tablet":{"background-color":"var(--ast-global-color-5)","background-image":"","background-repeat":"repeat","background-position":"center center","background-size":"auto","background-attachment":"scroll","background-type":"","background-media":"","overlay-type":"","overlay-color":"","overlay-opacity":"","overlay-gradient":""},"mobile":{"background-color":"var(--ast-global-color-5)","background-image":"","background-repeat":"repeat","background-position":"center center","background-size":"auto","background-attachment":"scroll","background-type":"","background-media":"","overlay-type":"","overlay-color":"","overlay-opacity":"","overlay-gradient":""}}},"product_brand":[],"product_cat":[30,29],"product_tag":[186,185],"class_list":{"0":"post-2078","1":"product","2":"type-product","3":"status-publish","4":"has-post-thumbnail","6":"product_cat-cobertores","7":"product_cat-sabanas","8":"product_tag-forro-de-colchon","9":"product_tag-protector-de-colchon","10":"desktop-align-left","11":"tablet-align-left","12":"mobile-align-left","14":"first","15":"instock","16":"sold-individually","17":"shipping-taxable","18":"purchasable","19":"product-type-simple"},"uagb_featured_image_src":{"full":["https:\/\/casaisla.com.do\/wp-content\/uploads\/2025\/06\/CORB25-1734-1.jpg",1397,1199,false],"thumbnail":["https:\/\/casaisla.com.do\/wp-content\/uploads\/2025\/06\/CORB25-1734-1-150x150.jpg",150,150,true],"medium":["https:\/\/casaisla.com.do\/wp-content\/uploads\/2025\/06\/CORB25-1734-1-300x257.jpg",300,257,true],"medium_large":["https:\/\/casaisla.com.do\/wp-content\/uploads\/2025\/06\/CORB25-1734-1-768x659.jpg",768,659,true],"large":["https:\/\/casaisla.com.do\/wp-content\/uploads\/2025\/06\/CORB25-1734-1-1024x879.jpg",1024,879,true],"1536x1536":["https:\/\/casaisla.com.do\/wp-content\/uploads\/2025\/06\/CORB25-1734-1.jpg",1397,1199,false],"2048x2048":["https:\/\/casaisla.com.do\/wp-content\/uploads\/2025\/06\/CORB25-1734-1.jpg",1397,1199,false],"woocommerce_thumbnail":["https:\/\/casaisla.com.do\/wp-content\/uploads\/2025\/06\/CORB25-1734-1-300x300.jpg",300,300,true],"woocommerce_single":["https:\/\/casaisla.com.do\/wp-content\/uploads\/2025\/06\/CORB25-1734-1-600x515.jpg",600,515,true],"woocommerce_gallery_thumbnail":["https:\/\/casaisla.com.do\/wp-content\/uploads\/2025\/06\/CORB25-1734-1-100x100.jpg",100,100,true],"dgwt-wcas-product-suggestion":["https:\/\/casaisla.com.do\/wp-content\/uploads\/2025\/06\/CORB25-1734-1-64x55.jpg",64,55,true]},"uagb_author_info":{"display_name":"casa isla","author_link":"https:\/\/casaisla.com.do\/index.php\/author\/"},"uagb_comment_info":0,"uagb_excerpt":"Ideal para mantener tu cama limpia y protegida.","jetpack_sharing_enabled":true,"_links":{"self":[{"href":"https:\/\/casaisla.com.do\/index.php\/wp-json\/wp\/v2\/product\/2078","targetHints":{"allow":["GET"]}}],"collection":[{"href":"https:\/\/casaisla.com.do\/index.php\/wp-json\/wp\/v2\/product"}],"about":[{"href":"https:\/\/casaisla.com.do\/index.php\/wp-json\/wp\/v2\/types\/product"}],"wp:featuredmedia":[{"embeddable":true,"href":"https:\/\/casaisla.com.do\/index.php\/wp-json\/wp\/v2\/media\/2081"}],"wp:attachment":[{"href":"https:\/\/casaisla.com.do\/index.php\/wp-json\/wp\/v2\/media?parent=2078"}],"wp:term":[{"taxonomy":"product_brand","embeddable":true,"href":"https:\/\/casaisla.com.do\/index.php\/wp-json\/wp\/v2\/product_brand?post=2078"},{"taxonomy":"product_cat","embeddable":true,"href":"https:\/\/casaisla.com.do\/index.php\/wp-json\/wp\/v2\/product_cat?post=2078"},{"taxonomy":"product_tag","embeddable":true,"href":"https:\/\/casaisla.com.do\/index.php\/wp-json\/wp\/v2\/product_tag?post=2078"}],"curies":[{"name":"wp","href":"https:\/\/api.w.org\/{rel}","templated":true}]}}