{"id":2124,"date":"2025-06-24T01:14:25","date_gmt":"2025-06-24T01:14:25","guid":{"rendered":"https:\/\/casaisla.com.do\/?post_type=product&#038;p=2124"},"modified":"2025-06-24T01:17:21","modified_gmt":"2025-06-24T01:17:21","slug":"manta-lisa-queen-full-size","status":"publish","type":"product","link":"https:\/\/casaisla.com.do\/index.php\/product\/manta-lisa-queen-full-size\/","title":{"rendered":"Manta lisa Queen\/Full Size"},"content":{"rendered":"<p>Precio al detalle: RD$ 350.00<\/p>\n<p>Precio al por mayor: RD$ 300.00<\/p>\n<p class=\"\" data-start=\"63\" data-end=\"358\">Agrega un toque de sofisticaci\u00f3n a tu habitaci\u00f3n con esta manta Queen\/Full Size en colores lisos. Confeccionada en material suave y c\u00e1lido, ideal para ofrecerte comodidad y estilo en todo momento. Su dise\u00f1o liso se adapta f\u00e1cilmente a cualquier decoraci\u00f3n, brindando una apariencia moderna y elegante.<\/p>\n<p class=\"\" data-start=\"360\" data-end=\"385\"><strong data-start=\"360\" data-end=\"385\">Medidas del producto:<\/strong><\/p>\n<p class=\"\" data-start=\"79\" data-end=\"115\">Ancho: 190 cm<\/p>\n<p class=\"\" data-start=\"118\" data-end=\"154\">Largo: 230 cm<\/p>\n<p class=\"\" data-start=\"419\" data-end=\"567\"><strong data-start=\"419\" data-end=\"450\">Caracter\u00edsticas destacadas:<\/strong><br \/>\n\u2714 Material suave y c\u00e1lido<br data-start=\"476\" data-end=\"479\" \/>\u2714 Dise\u00f1o liso y elegante<br data-start=\"537\" data-end=\"540\" \/>\u2714 F\u00e1cil de lavar y mantener<\/p>\n<p data-start=\"569\" data-end=\"663\">C\u00f3digo: MANT20-165<\/p>\n","protected":false},"excerpt":{"rendered":"<p>Frisa Queen\/Full lisa, Elegancia y comodidad para tu cama.<\/p>\n","protected":false},"featured_media":2135,"template":"","meta":{"_uag_custom_page_level_css":"","site-sidebar-layout":"default","site-content-layout":"","ast-site-content-layout":"default","site-content-style":"default","site-sidebar-style":"default","ast-global-header-display":"","ast-banner-title-visibility":"","ast-main-header-display":"","ast-hfb-above-header-display":"","ast-hfb-below-header-display":"","ast-hfb-mobile-header-display":"","site-post-title":"","ast-breadcrumbs-content":"","ast-featured-img":"","footer-sml-layout":"","theme-transparent-header-meta":"default","adv-header-id-meta":"","stick-header-meta":"","header-above-stick-meta":"","header-main-stick-meta":"","header-below-stick-meta":"","astra-migrate-meta-layouts":"set","ast-page-background-enabled":"default","ast-page-background-meta":{"desktop":{"background-color":"var(--ast-global-color-4)","background-image":"","background-repeat":"repeat","background-position":"center center","background-size":"auto","background-attachment":"scroll","background-type":"","background-media":"","overlay-type":"","overlay-color":"","overlay-opacity":"","overlay-gradient":""},"tablet":{"background-color":"","background-image":"","background-repeat":"repeat","background-position":"center center","background-size":"auto","background-attachment":"scroll","background-type":"","background-media":"","overlay-type":"","overlay-color":"","overlay-opacity":"","overlay-gradient":""},"mobile":{"background-color":"","background-image":"","background-repeat":"repeat","background-position":"center center","background-size":"auto","background-attachment":"scroll","background-type":"","background-media":"","overlay-type":"","overlay-color":"","overlay-opacity":"","overlay-gradient":""}},"ast-content-background-meta":{"desktop":{"background-color":"var(--ast-global-color-5)","background-image":"","background-repeat":"repeat","background-position":"center center","background-size":"auto","background-attachment":"scroll","background-type":"","background-media":"","overlay-type":"","overlay-color":"","overlay-opacity":"","overlay-gradient":""},"tablet":{"background-color":"var(--ast-global-color-5)","background-image":"","background-repeat":"repeat","background-position":"center center","background-size":"auto","background-attachment":"scroll","background-type":"","background-media":"","overlay-type":"","overlay-color":"","overlay-opacity":"","overlay-gradient":""},"mobile":{"background-color":"var(--ast-global-color-5)","background-image":"","background-repeat":"repeat","background-position":"center center","background-size":"auto","background-attachment":"scroll","background-type":"","background-media":"","overlay-type":"","overlay-color":"","overlay-opacity":"","overlay-gradient":""}}},"product_brand":[],"product_cat":[32],"product_tag":[143,138,139,136,134,141,135],"class_list":{"0":"post-2124","1":"product","2":"type-product","3":"status-publish","4":"has-post-thumbnail","6":"product_cat-mantas","7":"product_tag-cobija","8":"product_tag-frazada","9":"product_tag-frisa","10":"product_tag-frisas","11":"product_tag-manta","12":"product_tag-manta-queen","13":"product_tag-mantas","14":"desktop-align-left","15":"tablet-align-left","16":"mobile-align-left","18":"first","19":"instock","20":"sold-individually","21":"shipping-taxable","22":"purchasable","23":"product-type-simple"},"uagb_featured_image_src":{"full":["https:\/\/casaisla.com.do\/wp-content\/uploads\/2025\/06\/MANT20-165-3.jpg",1199,1229,false],"thumbnail":["https:\/\/casaisla.com.do\/wp-content\/uploads\/2025\/06\/MANT20-165-3-150x150.jpg",150,150,true],"medium":["https:\/\/casaisla.com.do\/wp-content\/uploads\/2025\/06\/MANT20-165-3-293x300.jpg",293,300,true],"medium_large":["https:\/\/casaisla.com.do\/wp-content\/uploads\/2025\/06\/MANT20-165-3-768x787.jpg",768,787,true],"large":["https:\/\/casaisla.com.do\/wp-content\/uploads\/2025\/06\/MANT20-165-3-999x1024.jpg",999,1024,true],"1536x1536":["https:\/\/casaisla.com.do\/wp-content\/uploads\/2025\/06\/MANT20-165-3.jpg",1199,1229,false],"2048x2048":["https:\/\/casaisla.com.do\/wp-content\/uploads\/2025\/06\/MANT20-165-3.jpg",1199,1229,false],"woocommerce_thumbnail":["https:\/\/casaisla.com.do\/wp-content\/uploads\/2025\/06\/MANT20-165-3-300x300.jpg",300,300,true],"woocommerce_single":["https:\/\/casaisla.com.do\/wp-content\/uploads\/2025\/06\/MANT20-165-3-600x615.jpg",600,615,true],"woocommerce_gallery_thumbnail":["https:\/\/casaisla.com.do\/wp-content\/uploads\/2025\/06\/MANT20-165-3-100x100.jpg",100,100,true],"dgwt-wcas-product-suggestion":["https:\/\/casaisla.com.do\/wp-content\/uploads\/2025\/06\/MANT20-165-3-64x66.jpg",64,66,true]},"uagb_author_info":{"display_name":"casa isla","author_link":"https:\/\/casaisla.com.do\/index.php\/author\/"},"uagb_comment_info":0,"uagb_excerpt":"Frisa Queen\/Full lisa, Elegancia y comodidad para tu cama.","jetpack_sharing_enabled":true,"_links":{"self":[{"href":"https:\/\/casaisla.com.do\/index.php\/wp-json\/wp\/v2\/product\/2124","targetHints":{"allow":["GET"]}}],"collection":[{"href":"https:\/\/casaisla.com.do\/index.php\/wp-json\/wp\/v2\/product"}],"about":[{"href":"https:\/\/casaisla.com.do\/index.php\/wp-json\/wp\/v2\/types\/product"}],"wp:featuredmedia":[{"embeddable":true,"href":"https:\/\/casaisla.com.do\/index.php\/wp-json\/wp\/v2\/media\/2135"}],"wp:attachment":[{"href":"https:\/\/casaisla.com.do\/index.php\/wp-json\/wp\/v2\/media?parent=2124"}],"wp:term":[{"taxonomy":"product_brand","embeddable":true,"href":"https:\/\/casaisla.com.do\/index.php\/wp-json\/wp\/v2\/product_brand?post=2124"},{"taxonomy":"product_cat","embeddable":true,"href":"https:\/\/casaisla.com.do\/index.php\/wp-json\/wp\/v2\/product_cat?post=2124"},{"taxonomy":"product_tag","embeddable":true,"href":"https:\/\/casaisla.com.do\/index.php\/wp-json\/wp\/v2\/product_tag?post=2124"}],"curies":[{"name":"wp","href":"https:\/\/api.w.org\/{rel}","templated":true}]}}