{"id":2171,"date":"2025-06-25T00:19:12","date_gmt":"2025-06-25T00:19:12","guid":{"rendered":"https:\/\/casaisla.com.do\/?post_type=product&#038;p=2171"},"modified":"2025-06-25T00:19:12","modified_gmt":"2025-06-25T00:19:12","slug":"juego-de-bano-de-3-piezas-3","status":"publish","type":"product","link":"https:\/\/casaisla.com.do\/index.php\/product\/juego-de-bano-de-3-piezas-3\/","title":{"rendered":"Juego de ba\u00f1o de 3 piezas"},"content":{"rendered":"<p>Precio al detalle: RD$ 475.00<\/p>\n<p>Precio al por mayor: RD$ 435.00<\/p>\n<p data-sourcepos=\"3:1-3:142\">Mejora el confort y estilo de tu ba\u00f1o con este pr\u00e1ctico juego de 3 piezas. Todas las piezas est\u00e1n dise\u00f1adas para brindar suavidad y seguridad.<\/p>\n<p data-sourcepos=\"3:1-3:142\"><strong>Medidas:<br \/>\n<\/strong>1 Alfombra Antideslizante: 50 cm x 80 cm<br \/>\n1 Alfombrilla de Ba\u00f1o: 50 cm x 40 cm<br \/>\n1 Tapa de Inodoro: 42 cm x 40 cm<\/p>\n<p data-sourcepos=\"10:1-14:29\"><strong>Caracter\u00edsticas destacadas:<br \/>\n<\/strong> \u2714 Incluye 3 piezas esenciales para el ba\u00f1o<br \/>\n\u2714 Material antideslizante para mayor seguridad<br \/>\n\u2714 Aporta un toque de confort y estilo<br \/>\n\u2714 F\u00e1cil de limpiar y mantener<\/p>\n<p data-sourcepos=\"10:1-14:29\">C\u00f3digo: SET3P-141-C<\/p>\n","protected":false},"excerpt":{"rendered":"<p>Renueva tu ba\u00f1o con este set de alfombras antideslizantes y tapa de inodoro.<\/p>\n","protected":false},"featured_media":2178,"template":"","meta":{"_uag_custom_page_level_css":"","site-sidebar-layout":"default","site-content-layout":"","ast-site-content-layout":"default","site-content-style":"default","site-sidebar-style":"default","ast-global-header-display":"","ast-banner-title-visibility":"","ast-main-header-display":"","ast-hfb-above-header-display":"","ast-hfb-below-header-display":"","ast-hfb-mobile-header-display":"","site-post-title":"","ast-breadcrumbs-content":"","ast-featured-img":"","footer-sml-layout":"","theme-transparent-header-meta":"default","adv-header-id-meta":"","stick-header-meta":"","header-above-stick-meta":"","header-main-stick-meta":"","header-below-stick-meta":"","astra-migrate-meta-layouts":"set","ast-page-background-enabled":"default","ast-page-background-meta":{"desktop":{"background-color":"var(--ast-global-color-4)","background-image":"","background-repeat":"repeat","background-position":"center center","background-size":"auto","background-attachment":"scroll","background-type":"","background-media":"","overlay-type":"","overlay-color":"","overlay-opacity":"","overlay-gradient":""},"tablet":{"background-color":"","background-image":"","background-repeat":"repeat","background-position":"center center","background-size":"auto","background-attachment":"scroll","background-type":"","background-media":"","overlay-type":"","overlay-color":"","overlay-opacity":"","overlay-gradient":""},"mobile":{"background-color":"","background-image":"","background-repeat":"repeat","background-position":"center center","background-size":"auto","background-attachment":"scroll","background-type":"","background-media":"","overlay-type":"","overlay-color":"","overlay-opacity":"","overlay-gradient":""}},"ast-content-background-meta":{"desktop":{"background-color":"var(--ast-global-color-5)","background-image":"","background-repeat":"repeat","background-position":"center center","background-size":"auto","background-attachment":"scroll","background-type":"","background-media":"","overlay-type":"","overlay-color":"","overlay-opacity":"","overlay-gradient":""},"tablet":{"background-color":"var(--ast-global-color-5)","background-image":"","background-repeat":"repeat","background-position":"center center","background-size":"auto","background-attachment":"scroll","background-type":"","background-media":"","overlay-type":"","overlay-color":"","overlay-opacity":"","overlay-gradient":""},"mobile":{"background-color":"var(--ast-global-color-5)","background-image":"","background-repeat":"repeat","background-position":"center center","background-size":"auto","background-attachment":"scroll","background-type":"","background-media":"","overlay-type":"","overlay-color":"","overlay-opacity":"","overlay-gradient":""}}},"product_brand":[],"product_cat":[175],"product_tag":[199],"class_list":{"0":"post-2171","1":"product","2":"type-product","3":"status-publish","4":"has-post-thumbnail","6":"product_cat-todo-para-tu-bano","7":"product_tag-juego-de-bano","8":"desktop-align-left","9":"tablet-align-left","10":"mobile-align-left","12":"first","13":"instock","14":"sold-individually","15":"shipping-taxable","16":"purchasable","17":"product-type-simple"},"uagb_featured_image_src":{"full":["https:\/\/casaisla.com.do\/wp-content\/uploads\/2025\/06\/SET3P-141-C-1.jpg",1200,1200,false],"thumbnail":["https:\/\/casaisla.com.do\/wp-content\/uploads\/2025\/06\/SET3P-141-C-1-150x150.jpg",150,150,true],"medium":["https:\/\/casaisla.com.do\/wp-content\/uploads\/2025\/06\/SET3P-141-C-1-300x300.jpg",300,300,true],"medium_large":["https:\/\/casaisla.com.do\/wp-content\/uploads\/2025\/06\/SET3P-141-C-1-768x768.jpg",768,768,true],"large":["https:\/\/casaisla.com.do\/wp-content\/uploads\/2025\/06\/SET3P-141-C-1-1024x1024.jpg",1024,1024,true],"1536x1536":["https:\/\/casaisla.com.do\/wp-content\/uploads\/2025\/06\/SET3P-141-C-1.jpg",1200,1200,false],"2048x2048":["https:\/\/casaisla.com.do\/wp-content\/uploads\/2025\/06\/SET3P-141-C-1.jpg",1200,1200,false],"woocommerce_thumbnail":["https:\/\/casaisla.com.do\/wp-content\/uploads\/2025\/06\/SET3P-141-C-1-300x300.jpg",300,300,true],"woocommerce_single":["https:\/\/casaisla.com.do\/wp-content\/uploads\/2025\/06\/SET3P-141-C-1-600x600.jpg",600,600,true],"woocommerce_gallery_thumbnail":["https:\/\/casaisla.com.do\/wp-content\/uploads\/2025\/06\/SET3P-141-C-1-100x100.jpg",100,100,true],"dgwt-wcas-product-suggestion":["https:\/\/casaisla.com.do\/wp-content\/uploads\/2025\/06\/SET3P-141-C-1-64x64.jpg",64,64,true]},"uagb_author_info":{"display_name":"casa isla","author_link":"https:\/\/casaisla.com.do\/index.php\/author\/"},"uagb_comment_info":0,"uagb_excerpt":"Renueva tu ba\u00f1o con este set de alfombras antideslizantes y tapa de inodoro.","jetpack_sharing_enabled":true,"_links":{"self":[{"href":"https:\/\/casaisla.com.do\/index.php\/wp-json\/wp\/v2\/product\/2171","targetHints":{"allow":["GET"]}}],"collection":[{"href":"https:\/\/casaisla.com.do\/index.php\/wp-json\/wp\/v2\/product"}],"about":[{"href":"https:\/\/casaisla.com.do\/index.php\/wp-json\/wp\/v2\/types\/product"}],"wp:featuredmedia":[{"embeddable":true,"href":"https:\/\/casaisla.com.do\/index.php\/wp-json\/wp\/v2\/media\/2178"}],"wp:attachment":[{"href":"https:\/\/casaisla.com.do\/index.php\/wp-json\/wp\/v2\/media?parent=2171"}],"wp:term":[{"taxonomy":"product_brand","embeddable":true,"href":"https:\/\/casaisla.com.do\/index.php\/wp-json\/wp\/v2\/product_brand?post=2171"},{"taxonomy":"product_cat","embeddable":true,"href":"https:\/\/casaisla.com.do\/index.php\/wp-json\/wp\/v2\/product_cat?post=2171"},{"taxonomy":"product_tag","embeddable":true,"href":"https:\/\/casaisla.com.do\/index.php\/wp-json\/wp\/v2\/product_tag?post=2171"}],"curies":[{"name":"wp","href":"https:\/\/api.w.org\/{rel}","templated":true}]}}