{"id":2193,"date":"2025-07-01T00:33:35","date_gmt":"2025-07-01T00:33:35","guid":{"rendered":"https:\/\/casaisla.com.do\/?post_type=product&#038;p=2193"},"modified":"2025-07-01T00:33:35","modified_gmt":"2025-07-01T00:33:35","slug":"pinza-de-cocina","status":"publish","type":"product","link":"https:\/\/casaisla.com.do\/index.php\/product\/pinza-de-cocina\/","title":{"rendered":"Pinza de cocina"},"content":{"rendered":"<p>Una pinza de cocina<\/p>\n<p>31 cm<br \/>\nPrecio al detalle: RD$ 115.00<br \/>\nPrecio al por mayor: RD$ 100.00<\/p>\n<p>27 cm<br \/>\nPrecio al detalle: RD$ 105.00<br \/>\nPrecio al por mayor: RD$ 100.00<\/p>\n<p>23 cm<br \/>\nPrecio al detalle: RD$ 95.00<br \/>\nPrecio al por mayor: RD$ 90.00<\/p>\n<p>Ideal para cocinar sin complicaciones, esta pinza de cocina de acero inoxidable es perfecta para manipular alimentos en la sart\u00e9n, parrilla o servir. Su dise\u00f1o pr\u00e1ctico y resistente facilita el agarre y manejo.<\/p>\n<p><b>Caracter\u00edsticas destacadas:<br \/>\n<\/b> \u2714 Acero inoxidable resistente y duradero<br \/>\n\u2714\u00a0Dise\u00f1o ergon\u00f3mico para un agarre c\u00f3modo<br \/>\n\u2714 Ideales para diversas preparaciones culinarias<\/p>\n<p>C\u00f3digo:<\/p>\n","protected":false},"excerpt":{"rendered":"<p>Perfecta para manipular alimentos en la sart\u00e9n, parrilla o servir.<\/p>\n","protected":false},"featured_media":2194,"template":"","meta":{"_uag_custom_page_level_css":"","site-sidebar-layout":"default","site-content-layout":"","ast-site-content-layout":"default","site-content-style":"default","site-sidebar-style":"default","ast-global-header-display":"","ast-banner-title-visibility":"","ast-main-header-display":"","ast-hfb-above-header-display":"","ast-hfb-below-header-display":"","ast-hfb-mobile-header-display":"","site-post-title":"","ast-breadcrumbs-content":"","ast-featured-img":"","footer-sml-layout":"","theme-transparent-header-meta":"default","adv-header-id-meta":"","stick-header-meta":"","header-above-stick-meta":"","header-main-stick-meta":"","header-below-stick-meta":"","astra-migrate-meta-layouts":"set","ast-page-background-enabled":"default","ast-page-background-meta":{"desktop":{"background-color":"var(--ast-global-color-4)","background-image":"","background-repeat":"repeat","background-position":"center center","background-size":"auto","background-attachment":"scroll","background-type":"","background-media":"","overlay-type":"","overlay-color":"","overlay-opacity":"","overlay-gradient":""},"tablet":{"background-color":"","background-image":"","background-repeat":"repeat","background-position":"center center","background-size":"auto","background-attachment":"scroll","background-type":"","background-media":"","overlay-type":"","overlay-color":"","overlay-opacity":"","overlay-gradient":""},"mobile":{"background-color":"","background-image":"","background-repeat":"repeat","background-position":"center center","background-size":"auto","background-attachment":"scroll","background-type":"","background-media":"","overlay-type":"","overlay-color":"","overlay-opacity":"","overlay-gradient":""}},"ast-content-background-meta":{"desktop":{"background-color":"var(--ast-global-color-5)","background-image":"","background-repeat":"repeat","background-position":"center center","background-size":"auto","background-attachment":"scroll","background-type":"","background-media":"","overlay-type":"","overlay-color":"","overlay-opacity":"","overlay-gradient":""},"tablet":{"background-color":"var(--ast-global-color-5)","background-image":"","background-repeat":"repeat","background-position":"center center","background-size":"auto","background-attachment":"scroll","background-type":"","background-media":"","overlay-type":"","overlay-color":"","overlay-opacity":"","overlay-gradient":""},"mobile":{"background-color":"var(--ast-global-color-5)","background-image":"","background-repeat":"repeat","background-position":"center center","background-size":"auto","background-attachment":"scroll","background-type":"","background-media":"","overlay-type":"","overlay-color":"","overlay-opacity":"","overlay-gradient":""}}},"product_brand":[],"product_cat":[174],"product_tag":[220],"class_list":{"0":"post-2193","1":"product","2":"type-product","3":"status-publish","4":"has-post-thumbnail","6":"product_cat-articulos-de-cocina-y-comedor","7":"product_tag-pinzas","8":"desktop-align-left","9":"tablet-align-left","10":"mobile-align-left","12":"first","13":"instock","14":"sold-individually","15":"shipping-taxable","16":"purchasable","17":"product-type-simple"},"uagb_featured_image_src":{"full":["https:\/\/casaisla.com.do\/wp-content\/uploads\/2025\/07\/COCI-PINZ-636.jpg",1483,1600,false],"thumbnail":["https:\/\/casaisla.com.do\/wp-content\/uploads\/2025\/07\/COCI-PINZ-636-150x150.jpg",150,150,true],"medium":["https:\/\/casaisla.com.do\/wp-content\/uploads\/2025\/07\/COCI-PINZ-636-278x300.jpg",278,300,true],"medium_large":["https:\/\/casaisla.com.do\/wp-content\/uploads\/2025\/07\/COCI-PINZ-636-768x829.jpg",768,829,true],"large":["https:\/\/casaisla.com.do\/wp-content\/uploads\/2025\/07\/COCI-PINZ-636-949x1024.jpg",949,1024,true],"1536x1536":["https:\/\/casaisla.com.do\/wp-content\/uploads\/2025\/07\/COCI-PINZ-636-1424x1536.jpg",1424,1536,true],"2048x2048":["https:\/\/casaisla.com.do\/wp-content\/uploads\/2025\/07\/COCI-PINZ-636.jpg",1483,1600,false],"woocommerce_thumbnail":["https:\/\/casaisla.com.do\/wp-content\/uploads\/2025\/07\/COCI-PINZ-636-300x300.jpg",300,300,true],"woocommerce_single":["https:\/\/casaisla.com.do\/wp-content\/uploads\/2025\/07\/COCI-PINZ-636-600x647.jpg",600,647,true],"woocommerce_gallery_thumbnail":["https:\/\/casaisla.com.do\/wp-content\/uploads\/2025\/07\/COCI-PINZ-636-100x100.jpg",100,100,true],"dgwt-wcas-product-suggestion":["https:\/\/casaisla.com.do\/wp-content\/uploads\/2025\/07\/COCI-PINZ-636-64x69.jpg",64,69,true]},"uagb_author_info":{"display_name":"casa isla","author_link":"https:\/\/casaisla.com.do\/index.php\/author\/"},"uagb_comment_info":0,"uagb_excerpt":"Perfecta para manipular alimentos en la sart\u00e9n, parrilla o servir.","jetpack_sharing_enabled":true,"_links":{"self":[{"href":"https:\/\/casaisla.com.do\/index.php\/wp-json\/wp\/v2\/product\/2193","targetHints":{"allow":["GET"]}}],"collection":[{"href":"https:\/\/casaisla.com.do\/index.php\/wp-json\/wp\/v2\/product"}],"about":[{"href":"https:\/\/casaisla.com.do\/index.php\/wp-json\/wp\/v2\/types\/product"}],"wp:featuredmedia":[{"embeddable":true,"href":"https:\/\/casaisla.com.do\/index.php\/wp-json\/wp\/v2\/media\/2194"}],"wp:attachment":[{"href":"https:\/\/casaisla.com.do\/index.php\/wp-json\/wp\/v2\/media?parent=2193"}],"wp:term":[{"taxonomy":"product_brand","embeddable":true,"href":"https:\/\/casaisla.com.do\/index.php\/wp-json\/wp\/v2\/product_brand?post=2193"},{"taxonomy":"product_cat","embeddable":true,"href":"https:\/\/casaisla.com.do\/index.php\/wp-json\/wp\/v2\/product_cat?post=2193"},{"taxonomy":"product_tag","embeddable":true,"href":"https:\/\/casaisla.com.do\/index.php\/wp-json\/wp\/v2\/product_tag?post=2193"}],"curies":[{"name":"wp","href":"https:\/\/api.w.org\/{rel}","templated":true}]}}