{"id":2250,"date":"2025-07-03T00:18:03","date_gmt":"2025-07-03T00:18:03","guid":{"rendered":"https:\/\/casaisla.com.do\/?post_type=product&#038;p=2250"},"modified":"2025-07-03T00:18:04","modified_gmt":"2025-07-03T00:18:04","slug":"juego-de-ollas-premium-de-6-piezas-26-24-22","status":"publish","type":"product","link":"https:\/\/casaisla.com.do\/index.php\/product\/juego-de-ollas-premium-de-6-piezas-26-24-22\/","title":{"rendered":"Juego de ollas premium de 6 piezas 26-24-22"},"content":{"rendered":"<p>Precio al detalle: RD$ 2,650.00<\/p>\n<p>Precio al por mayor: RD$ 2,500.00<\/p>\n<p class=\"ds-markdown-paragraph\">Set completo ideal para banquetes y cocinas con alta demanda. Las ollas ofrecen m\u00e1xima capacidad y distribuci\u00f3n uniforme de calor, perfectas para eventos o negocios gastron\u00f3micos.<\/p>\n<p class=\"ds-markdown-paragraph\"><strong>Contenido del set:<\/strong><\/p>\n<p class=\"ds-markdown-paragraph\">Olla extra grande: 26 cm (10.2&#8243;) &#8211; 7.2 litros<\/p>\n<p class=\"ds-markdown-paragraph\">Olla grande: 24 cm (9.4&#8243;) &#8211; 6.0 litros<\/p>\n<p class=\"ds-markdown-paragraph\">Olla mediana: 22 cm (8.7&#8243;) &#8211; 4.8 litros<\/p>\n<p class=\"ds-markdown-paragraph\"><em>(Incluye 3 tapas correspondientes)<\/em><\/p>\n<p class=\"ds-markdown-paragraph\"><strong>Caracter\u00edsticas principales:<\/strong><br \/>\n\u2714 Bases gruesas para cocci\u00f3n profesional<br \/>\n\u2714 Asas reforzadas para mayor seguridad<br \/>\n\u2714 Compatibles con todo tipo de cocinas<\/p>\n<p>C\u00f3digo: OLLA-544-C<\/p>\n","protected":false},"excerpt":{"rendered":"<p>Capacidad para grandes preparaciones.<\/p>\n","protected":false},"featured_media":2249,"template":"","meta":{"_uag_custom_page_level_css":"","site-sidebar-layout":"default","site-content-layout":"","ast-site-content-layout":"default","site-content-style":"default","site-sidebar-style":"default","ast-global-header-display":"","ast-banner-title-visibility":"","ast-main-header-display":"","ast-hfb-above-header-display":"","ast-hfb-below-header-display":"","ast-hfb-mobile-header-display":"","site-post-title":"","ast-breadcrumbs-content":"","ast-featured-img":"","footer-sml-layout":"","theme-transparent-header-meta":"default","adv-header-id-meta":"","stick-header-meta":"","header-above-stick-meta":"","header-main-stick-meta":"","header-below-stick-meta":"","astra-migrate-meta-layouts":"set","ast-page-background-enabled":"default","ast-page-background-meta":{"desktop":{"background-color":"var(--ast-global-color-4)","background-image":"","background-repeat":"repeat","background-position":"center center","background-size":"auto","background-attachment":"scroll","background-type":"","background-media":"","overlay-type":"","overlay-color":"","overlay-opacity":"","overlay-gradient":""},"tablet":{"background-color":"","background-image":"","background-repeat":"repeat","background-position":"center center","background-size":"auto","background-attachment":"scroll","background-type":"","background-media":"","overlay-type":"","overlay-color":"","overlay-opacity":"","overlay-gradient":""},"mobile":{"background-color":"","background-image":"","background-repeat":"repeat","background-position":"center center","background-size":"auto","background-attachment":"scroll","background-type":"","background-media":"","overlay-type":"","overlay-color":"","overlay-opacity":"","overlay-gradient":""}},"ast-content-background-meta":{"desktop":{"background-color":"var(--ast-global-color-5)","background-image":"","background-repeat":"repeat","background-position":"center center","background-size":"auto","background-attachment":"scroll","background-type":"","background-media":"","overlay-type":"","overlay-color":"","overlay-opacity":"","overlay-gradient":""},"tablet":{"background-color":"var(--ast-global-color-5)","background-image":"","background-repeat":"repeat","background-position":"center center","background-size":"auto","background-attachment":"scroll","background-type":"","background-media":"","overlay-type":"","overlay-color":"","overlay-opacity":"","overlay-gradient":""},"mobile":{"background-color":"var(--ast-global-color-5)","background-image":"","background-repeat":"repeat","background-position":"center center","background-size":"auto","background-attachment":"scroll","background-type":"","background-media":"","overlay-type":"","overlay-color":"","overlay-opacity":"","overlay-gradient":""}}},"product_brand":[],"product_cat":[174],"product_tag":[228],"class_list":{"0":"post-2250","1":"product","2":"type-product","3":"status-publish","4":"has-post-thumbnail","6":"product_cat-articulos-de-cocina-y-comedor","7":"product_tag-juego-de-ollas","8":"desktop-align-left","9":"tablet-align-left","10":"mobile-align-left","12":"first","13":"instock","14":"sold-individually","15":"shipping-taxable","16":"purchasable","17":"product-type-simple"},"uagb_featured_image_src":{"full":["https:\/\/casaisla.com.do\/wp-content\/uploads\/2025\/07\/OLLA-544-C.jpg",1499,1508,false],"thumbnail":["https:\/\/casaisla.com.do\/wp-content\/uploads\/2025\/07\/OLLA-544-C-150x150.jpg",150,150,true],"medium":["https:\/\/casaisla.com.do\/wp-content\/uploads\/2025\/07\/OLLA-544-C-298x300.jpg",298,300,true],"medium_large":["https:\/\/casaisla.com.do\/wp-content\/uploads\/2025\/07\/OLLA-544-C-768x773.jpg",768,773,true],"large":["https:\/\/casaisla.com.do\/wp-content\/uploads\/2025\/07\/OLLA-544-C-1018x1024.jpg",1018,1024,true],"1536x1536":["https:\/\/casaisla.com.do\/wp-content\/uploads\/2025\/07\/OLLA-544-C.jpg",1499,1508,false],"2048x2048":["https:\/\/casaisla.com.do\/wp-content\/uploads\/2025\/07\/OLLA-544-C.jpg",1499,1508,false],"woocommerce_thumbnail":["https:\/\/casaisla.com.do\/wp-content\/uploads\/2025\/07\/OLLA-544-C-300x300.jpg",300,300,true],"woocommerce_single":["https:\/\/casaisla.com.do\/wp-content\/uploads\/2025\/07\/OLLA-544-C-600x604.jpg",600,604,true],"woocommerce_gallery_thumbnail":["https:\/\/casaisla.com.do\/wp-content\/uploads\/2025\/07\/OLLA-544-C-100x100.jpg",100,100,true],"dgwt-wcas-product-suggestion":["https:\/\/casaisla.com.do\/wp-content\/uploads\/2025\/07\/OLLA-544-C-64x64.jpg",64,64,true]},"uagb_author_info":{"display_name":"casa isla","author_link":"https:\/\/casaisla.com.do\/index.php\/author\/"},"uagb_comment_info":0,"uagb_excerpt":"Capacidad para grandes preparaciones.","jetpack_sharing_enabled":true,"_links":{"self":[{"href":"https:\/\/casaisla.com.do\/index.php\/wp-json\/wp\/v2\/product\/2250","targetHints":{"allow":["GET"]}}],"collection":[{"href":"https:\/\/casaisla.com.do\/index.php\/wp-json\/wp\/v2\/product"}],"about":[{"href":"https:\/\/casaisla.com.do\/index.php\/wp-json\/wp\/v2\/types\/product"}],"wp:featuredmedia":[{"embeddable":true,"href":"https:\/\/casaisla.com.do\/index.php\/wp-json\/wp\/v2\/media\/2249"}],"wp:attachment":[{"href":"https:\/\/casaisla.com.do\/index.php\/wp-json\/wp\/v2\/media?parent=2250"}],"wp:term":[{"taxonomy":"product_brand","embeddable":true,"href":"https:\/\/casaisla.com.do\/index.php\/wp-json\/wp\/v2\/product_brand?post=2250"},{"taxonomy":"product_cat","embeddable":true,"href":"https:\/\/casaisla.com.do\/index.php\/wp-json\/wp\/v2\/product_cat?post=2250"},{"taxonomy":"product_tag","embeddable":true,"href":"https:\/\/casaisla.com.do\/index.php\/wp-json\/wp\/v2\/product_tag?post=2250"}],"curies":[{"name":"wp","href":"https:\/\/api.w.org\/{rel}","templated":true}]}}