{"id":2268,"date":"2025-07-05T01:17:44","date_gmt":"2025-07-05T01:17:44","guid":{"rendered":"https:\/\/casaisla.com.do\/?post_type=product&#038;p=2268"},"modified":"2025-07-05T01:28:38","modified_gmt":"2025-07-05T01:28:38","slug":"juego-de-calderos-de-aluminio-3-piezas","status":"publish","type":"product","link":"https:\/\/casaisla.com.do\/index.php\/product\/juego-de-calderos-de-aluminio-3-piezas\/","title":{"rendered":"Juego de calderos de aluminio 3 piezas"},"content":{"rendered":"<p>Precio al detalle: RD$ 1,395.00<\/p>\n<p>Precio al por mayor: RD$ 1,295.00<\/p>\n<p class=\"ds-markdown-paragraph\">Set esencial para preparaciones que requieren cocci\u00f3n uniforme y r\u00e1pida. Ideal para guisos, sopas y grandes cantidades, gracias a la excelente conductividad t\u00e9rmica del aluminio.<\/p>\n<p class=\"ds-markdown-paragraph\"><strong>Contenido del set:<\/strong><\/p>\n<ol start=\"1\">\n<li>\n<p class=\"ds-markdown-paragraph\">Caldero grande: 26 cm (10.2&#8243;)<\/p>\n<\/li>\n<li>\n<p class=\"ds-markdown-paragraph\">Caldero mediano: 24 cm (9.4&#8243;)<\/p>\n<\/li>\n<li>\n<p class=\"ds-markdown-paragraph\">Caldero peque\u00f1o: 20 cm (7.9&#8243;)<\/p>\n<\/li>\n<li>(sus respectivas tapas )<\/li>\n<\/ol>\n<p class=\"ds-markdown-paragraph\"><strong>Caracter\u00edsticas principales:<\/strong><br \/>\n\u2714 Aluminio de grado profesional de alta resistencia<br \/>\n\u2714 Bases gruesas para distribuci\u00f3n \u00f3ptima del calor<br \/>\n\u2714 Asas firmes para manejo seguro<br \/>\n\u2714 Paredes altas ideales para l\u00edquidos<\/p>\n<p>C\u00f3digo: ALMN-614-3P<\/p>\n","protected":false},"excerpt":{"rendered":"<p>Cocci\u00f3n profesional para grandes preparaciones.<\/p>\n","protected":false},"featured_media":2269,"template":"","meta":{"_uag_custom_page_level_css":"","site-sidebar-layout":"default","site-content-layout":"","ast-site-content-layout":"default","site-content-style":"default","site-sidebar-style":"default","ast-global-header-display":"","ast-banner-title-visibility":"","ast-main-header-display":"","ast-hfb-above-header-display":"","ast-hfb-below-header-display":"","ast-hfb-mobile-header-display":"","site-post-title":"","ast-breadcrumbs-content":"","ast-featured-img":"","footer-sml-layout":"","theme-transparent-header-meta":"default","adv-header-id-meta":"","stick-header-meta":"","header-above-stick-meta":"","header-main-stick-meta":"","header-below-stick-meta":"","astra-migrate-meta-layouts":"set","ast-page-background-enabled":"default","ast-page-background-meta":{"desktop":{"background-color":"var(--ast-global-color-4)","background-image":"","background-repeat":"repeat","background-position":"center center","background-size":"auto","background-attachment":"scroll","background-type":"","background-media":"","overlay-type":"","overlay-color":"","overlay-opacity":"","overlay-gradient":""},"tablet":{"background-color":"","background-image":"","background-repeat":"repeat","background-position":"center center","background-size":"auto","background-attachment":"scroll","background-type":"","background-media":"","overlay-type":"","overlay-color":"","overlay-opacity":"","overlay-gradient":""},"mobile":{"background-color":"","background-image":"","background-repeat":"repeat","background-position":"center center","background-size":"auto","background-attachment":"scroll","background-type":"","background-media":"","overlay-type":"","overlay-color":"","overlay-opacity":"","overlay-gradient":""}},"ast-content-background-meta":{"desktop":{"background-color":"var(--ast-global-color-5)","background-image":"","background-repeat":"repeat","background-position":"center center","background-size":"auto","background-attachment":"scroll","background-type":"","background-media":"","overlay-type":"","overlay-color":"","overlay-opacity":"","overlay-gradient":""},"tablet":{"background-color":"var(--ast-global-color-5)","background-image":"","background-repeat":"repeat","background-position":"center center","background-size":"auto","background-attachment":"scroll","background-type":"","background-media":"","overlay-type":"","overlay-color":"","overlay-opacity":"","overlay-gradient":""},"mobile":{"background-color":"var(--ast-global-color-5)","background-image":"","background-repeat":"repeat","background-position":"center center","background-size":"auto","background-attachment":"scroll","background-type":"","background-media":"","overlay-type":"","overlay-color":"","overlay-opacity":"","overlay-gradient":""}}},"product_brand":[],"product_cat":[174],"product_tag":[233,234],"class_list":{"0":"post-2268","1":"product","2":"type-product","3":"status-publish","4":"has-post-thumbnail","6":"product_cat-articulos-de-cocina-y-comedor","7":"product_tag-calderos","8":"product_tag-set-de-calderos","9":"desktop-align-left","10":"tablet-align-left","11":"mobile-align-left","13":"first","14":"instock","15":"sold-individually","16":"shipping-taxable","17":"purchasable","18":"product-type-simple"},"uagb_featured_image_src":{"full":["https:\/\/casaisla.com.do\/wp-content\/uploads\/2025\/07\/ALMN-614-3P.jpg",1200,921,false],"thumbnail":["https:\/\/casaisla.com.do\/wp-content\/uploads\/2025\/07\/ALMN-614-3P-150x150.jpg",150,150,true],"medium":["https:\/\/casaisla.com.do\/wp-content\/uploads\/2025\/07\/ALMN-614-3P-300x230.jpg",300,230,true],"medium_large":["https:\/\/casaisla.com.do\/wp-content\/uploads\/2025\/07\/ALMN-614-3P-768x589.jpg",768,589,true],"large":["https:\/\/casaisla.com.do\/wp-content\/uploads\/2025\/07\/ALMN-614-3P-1024x786.jpg",1024,786,true],"1536x1536":["https:\/\/casaisla.com.do\/wp-content\/uploads\/2025\/07\/ALMN-614-3P.jpg",1200,921,false],"2048x2048":["https:\/\/casaisla.com.do\/wp-content\/uploads\/2025\/07\/ALMN-614-3P.jpg",1200,921,false],"woocommerce_thumbnail":["https:\/\/casaisla.com.do\/wp-content\/uploads\/2025\/07\/ALMN-614-3P-300x300.jpg",300,300,true],"woocommerce_single":["https:\/\/casaisla.com.do\/wp-content\/uploads\/2025\/07\/ALMN-614-3P-600x461.jpg",600,461,true],"woocommerce_gallery_thumbnail":["https:\/\/casaisla.com.do\/wp-content\/uploads\/2025\/07\/ALMN-614-3P-100x100.jpg",100,100,true],"dgwt-wcas-product-suggestion":["https:\/\/casaisla.com.do\/wp-content\/uploads\/2025\/07\/ALMN-614-3P-64x49.jpg",64,49,true]},"uagb_author_info":{"display_name":"casa isla","author_link":"https:\/\/casaisla.com.do\/index.php\/author\/"},"uagb_comment_info":0,"uagb_excerpt":"Cocci\u00f3n profesional para grandes preparaciones.","jetpack_sharing_enabled":true,"_links":{"self":[{"href":"https:\/\/casaisla.com.do\/index.php\/wp-json\/wp\/v2\/product\/2268","targetHints":{"allow":["GET"]}}],"collection":[{"href":"https:\/\/casaisla.com.do\/index.php\/wp-json\/wp\/v2\/product"}],"about":[{"href":"https:\/\/casaisla.com.do\/index.php\/wp-json\/wp\/v2\/types\/product"}],"wp:featuredmedia":[{"embeddable":true,"href":"https:\/\/casaisla.com.do\/index.php\/wp-json\/wp\/v2\/media\/2269"}],"wp:attachment":[{"href":"https:\/\/casaisla.com.do\/index.php\/wp-json\/wp\/v2\/media?parent=2268"}],"wp:term":[{"taxonomy":"product_brand","embeddable":true,"href":"https:\/\/casaisla.com.do\/index.php\/wp-json\/wp\/v2\/product_brand?post=2268"},{"taxonomy":"product_cat","embeddable":true,"href":"https:\/\/casaisla.com.do\/index.php\/wp-json\/wp\/v2\/product_cat?post=2268"},{"taxonomy":"product_tag","embeddable":true,"href":"https:\/\/casaisla.com.do\/index.php\/wp-json\/wp\/v2\/product_tag?post=2268"}],"curies":[{"name":"wp","href":"https:\/\/api.w.org\/{rel}","templated":true}]}}