{"id":2348,"date":"2025-07-13T23:04:00","date_gmt":"2025-07-13T23:04:00","guid":{"rendered":"https:\/\/casaisla.com.do\/?post_type=product&#038;p=2348"},"modified":"2025-07-13T23:04:00","modified_gmt":"2025-07-13T23:04:00","slug":"repisa-flotante-para-bano","status":"publish","type":"product","link":"https:\/\/casaisla.com.do\/index.php\/product\/repisa-flotante-para-bano\/","title":{"rendered":"Repisa flotante para ba\u00f1o"},"content":{"rendered":"<p>Precio al \u00fanico: RD$ 400.00<\/p>\n<p class=\"ds-markdown-paragraph\">Repisa adhesiva de pl\u00e1stico ABS de alta calidad, dise\u00f1ada para organizar jabones, cremas y productos de cuidado personal. Perfecta para mantener el ba\u00f1o ordenado sin ocupar espacio valioso.<\/p>\n<p class=\"ds-markdown-paragraph\"><strong>Medidas exactas:<\/strong><\/p>\n<ul>\n<li>\n<p class=\"ds-markdown-paragraph\">Ancho: 30 cm<\/p>\n<\/li>\n<li>\n<p class=\"ds-markdown-paragraph\">Largo: 12 cm<\/p>\n<\/li>\n<li>Alto: 6.5 cm<\/li>\n<\/ul>\n<p><strong>Caracter\u00edsticas principales:<br \/>\n<\/strong>\u2714 Material pl\u00e1stico ABS premium, resistente a la humedad y golpes<br \/>\n\u2714<span style=\"font-size: 16px\"> Superficie antideslizante con bordes de contenci\u00f3n<br \/>\n<\/span>\u2714<span style=\"font-size: 16px\">\u00a0Adhesivo fuerte incluido para instalaci\u00f3n sin perforaciones<\/span><\/p>\n<p>C\u00f3digo: BANO-735<\/p>\n","protected":false},"excerpt":{"rendered":"<p class=\"ds-markdown-paragraph\">Dise\u00f1o moderno que se integra a cualquier estilo de ba\u00f1o.<\/p>\n","protected":false},"featured_media":2349,"template":"","meta":{"_uag_custom_page_level_css":"","site-sidebar-layout":"default","site-content-layout":"","ast-site-content-layout":"default","site-content-style":"default","site-sidebar-style":"default","ast-global-header-display":"","ast-banner-title-visibility":"","ast-main-header-display":"","ast-hfb-above-header-display":"","ast-hfb-below-header-display":"","ast-hfb-mobile-header-display":"","site-post-title":"","ast-breadcrumbs-content":"","ast-featured-img":"","footer-sml-layout":"","theme-transparent-header-meta":"default","adv-header-id-meta":"","stick-header-meta":"","header-above-stick-meta":"","header-main-stick-meta":"","header-below-stick-meta":"","astra-migrate-meta-layouts":"set","ast-page-background-enabled":"default","ast-page-background-meta":{"desktop":{"background-color":"var(--ast-global-color-4)","background-image":"","background-repeat":"repeat","background-position":"center center","background-size":"auto","background-attachment":"scroll","background-type":"","background-media":"","overlay-type":"","overlay-color":"","overlay-opacity":"","overlay-gradient":""},"tablet":{"background-color":"","background-image":"","background-repeat":"repeat","background-position":"center center","background-size":"auto","background-attachment":"scroll","background-type":"","background-media":"","overlay-type":"","overlay-color":"","overlay-opacity":"","overlay-gradient":""},"mobile":{"background-color":"","background-image":"","background-repeat":"repeat","background-position":"center center","background-size":"auto","background-attachment":"scroll","background-type":"","background-media":"","overlay-type":"","overlay-color":"","overlay-opacity":"","overlay-gradient":""}},"ast-content-background-meta":{"desktop":{"background-color":"var(--ast-global-color-5)","background-image":"","background-repeat":"repeat","background-position":"center center","background-size":"auto","background-attachment":"scroll","background-type":"","background-media":"","overlay-type":"","overlay-color":"","overlay-opacity":"","overlay-gradient":""},"tablet":{"background-color":"var(--ast-global-color-5)","background-image":"","background-repeat":"repeat","background-position":"center center","background-size":"auto","background-attachment":"scroll","background-type":"","background-media":"","overlay-type":"","overlay-color":"","overlay-opacity":"","overlay-gradient":""},"mobile":{"background-color":"var(--ast-global-color-5)","background-image":"","background-repeat":"repeat","background-position":"center center","background-size":"auto","background-attachment":"scroll","background-type":"","background-media":"","overlay-type":"","overlay-color":"","overlay-opacity":"","overlay-gradient":""}}},"product_brand":[],"product_cat":[175],"product_tag":[252],"class_list":{"0":"post-2348","1":"product","2":"type-product","3":"status-publish","4":"has-post-thumbnail","6":"product_cat-todo-para-tu-bano","7":"product_tag-repisa-de-bano","8":"desktop-align-left","9":"tablet-align-left","10":"mobile-align-left","12":"first","13":"instock","14":"sold-individually","15":"shipping-taxable","16":"purchasable","17":"product-type-simple"},"uagb_featured_image_src":{"full":["https:\/\/casaisla.com.do\/wp-content\/uploads\/2025\/07\/BANO-735.jpg",1280,1459,false],"thumbnail":["https:\/\/casaisla.com.do\/wp-content\/uploads\/2025\/07\/BANO-735-150x150.jpg",150,150,true],"medium":["https:\/\/casaisla.com.do\/wp-content\/uploads\/2025\/07\/BANO-735-263x300.jpg",263,300,true],"medium_large":["https:\/\/casaisla.com.do\/wp-content\/uploads\/2025\/07\/BANO-735-768x875.jpg",768,875,true],"large":["https:\/\/casaisla.com.do\/wp-content\/uploads\/2025\/07\/BANO-735-898x1024.jpg",898,1024,true],"1536x1536":["https:\/\/casaisla.com.do\/wp-content\/uploads\/2025\/07\/BANO-735.jpg",1280,1459,false],"2048x2048":["https:\/\/casaisla.com.do\/wp-content\/uploads\/2025\/07\/BANO-735.jpg",1280,1459,false],"woocommerce_thumbnail":["https:\/\/casaisla.com.do\/wp-content\/uploads\/2025\/07\/BANO-735-300x300.jpg",300,300,true],"woocommerce_single":["https:\/\/casaisla.com.do\/wp-content\/uploads\/2025\/07\/BANO-735-600x684.jpg",600,684,true],"woocommerce_gallery_thumbnail":["https:\/\/casaisla.com.do\/wp-content\/uploads\/2025\/07\/BANO-735-100x100.jpg",100,100,true],"dgwt-wcas-product-suggestion":["https:\/\/casaisla.com.do\/wp-content\/uploads\/2025\/07\/BANO-735-64x73.jpg",64,73,true]},"uagb_author_info":{"display_name":"casa isla","author_link":"https:\/\/casaisla.com.do\/index.php\/author\/"},"uagb_comment_info":0,"uagb_excerpt":"Dise\u00f1o moderno que se integra a cualquier estilo de ba\u00f1o.","jetpack_sharing_enabled":true,"_links":{"self":[{"href":"https:\/\/casaisla.com.do\/index.php\/wp-json\/wp\/v2\/product\/2348","targetHints":{"allow":["GET"]}}],"collection":[{"href":"https:\/\/casaisla.com.do\/index.php\/wp-json\/wp\/v2\/product"}],"about":[{"href":"https:\/\/casaisla.com.do\/index.php\/wp-json\/wp\/v2\/types\/product"}],"wp:featuredmedia":[{"embeddable":true,"href":"https:\/\/casaisla.com.do\/index.php\/wp-json\/wp\/v2\/media\/2349"}],"wp:attachment":[{"href":"https:\/\/casaisla.com.do\/index.php\/wp-json\/wp\/v2\/media?parent=2348"}],"wp:term":[{"taxonomy":"product_brand","embeddable":true,"href":"https:\/\/casaisla.com.do\/index.php\/wp-json\/wp\/v2\/product_brand?post=2348"},{"taxonomy":"product_cat","embeddable":true,"href":"https:\/\/casaisla.com.do\/index.php\/wp-json\/wp\/v2\/product_cat?post=2348"},{"taxonomy":"product_tag","embeddable":true,"href":"https:\/\/casaisla.com.do\/index.php\/wp-json\/wp\/v2\/product_tag?post=2348"}],"curies":[{"name":"wp","href":"https:\/\/api.w.org\/{rel}","templated":true}]}}