{"id":2357,"date":"2025-07-15T00:34:20","date_gmt":"2025-07-15T00:34:20","guid":{"rendered":"https:\/\/casaisla.com.do\/?post_type=product&#038;p=2357"},"modified":"2025-07-15T00:34:20","modified_gmt":"2025-07-15T00:34:20","slug":"inodoro-practico-y-resistente","status":"publish","type":"product","link":"https:\/\/casaisla.com.do\/index.php\/product\/inodoro-practico-y-resistente\/","title":{"rendered":"Inodoro pr\u00e1ctico y resistente"},"content":{"rendered":"<p>Precio al detalle: RD$ 4,950.00<\/p>\n<p>Precio al por mayor: RD$ 4,700.00<\/p>\n<p class=\"ds-markdown-paragraph\">Inodoro est\u00e1ndar con dise\u00f1o funcional y f\u00e1cil de limpiar. Ideal para ba\u00f1os residenciales, con materiales de calidad que garantizan durabilidad.<\/p>\n<p class=\"ds-markdown-paragraph\"><strong>Caracter\u00edsticas principales:<\/strong><\/p>\n<ul>\n<li>\n<p class=\"ds-markdown-paragraph\">Material resistente y f\u00e1cil de limpiar<\/p>\n<\/li>\n<li>\n<p class=\"ds-markdown-paragraph\">Dise\u00f1o compacto para ahorrar espacio<\/p>\n<\/li>\n<li>\n<p class=\"ds-markdown-paragraph\">Sistema de descarga eficiente<\/p>\n<\/li>\n<li>\n<p class=\"ds-markdown-paragraph\">Superficie lisa que evita acumulaci\u00f3n de residuos<\/p>\n<\/li>\n<\/ul>\n<p>C\u00f3digo: INOD-1839<\/p>\n","protected":false},"excerpt":{"rendered":"<p>Funcionalidad y facilidad de limpieza.<\/p>\n","protected":false},"featured_media":2358,"template":"","meta":{"_uag_custom_page_level_css":"","site-sidebar-layout":"default","site-content-layout":"","ast-site-content-layout":"default","site-content-style":"default","site-sidebar-style":"default","ast-global-header-display":"","ast-banner-title-visibility":"","ast-main-header-display":"","ast-hfb-above-header-display":"","ast-hfb-below-header-display":"","ast-hfb-mobile-header-display":"","site-post-title":"","ast-breadcrumbs-content":"","ast-featured-img":"","footer-sml-layout":"","theme-transparent-header-meta":"default","adv-header-id-meta":"","stick-header-meta":"","header-above-stick-meta":"","header-main-stick-meta":"","header-below-stick-meta":"","astra-migrate-meta-layouts":"set","ast-page-background-enabled":"default","ast-page-background-meta":{"desktop":{"background-color":"var(--ast-global-color-4)","background-image":"","background-repeat":"repeat","background-position":"center center","background-size":"auto","background-attachment":"scroll","background-type":"","background-media":"","overlay-type":"","overlay-color":"","overlay-opacity":"","overlay-gradient":""},"tablet":{"background-color":"","background-image":"","background-repeat":"repeat","background-position":"center center","background-size":"auto","background-attachment":"scroll","background-type":"","background-media":"","overlay-type":"","overlay-color":"","overlay-opacity":"","overlay-gradient":""},"mobile":{"background-color":"","background-image":"","background-repeat":"repeat","background-position":"center center","background-size":"auto","background-attachment":"scroll","background-type":"","background-media":"","overlay-type":"","overlay-color":"","overlay-opacity":"","overlay-gradient":""}},"ast-content-background-meta":{"desktop":{"background-color":"var(--ast-global-color-5)","background-image":"","background-repeat":"repeat","background-position":"center center","background-size":"auto","background-attachment":"scroll","background-type":"","background-media":"","overlay-type":"","overlay-color":"","overlay-opacity":"","overlay-gradient":""},"tablet":{"background-color":"var(--ast-global-color-5)","background-image":"","background-repeat":"repeat","background-position":"center center","background-size":"auto","background-attachment":"scroll","background-type":"","background-media":"","overlay-type":"","overlay-color":"","overlay-opacity":"","overlay-gradient":""},"mobile":{"background-color":"var(--ast-global-color-5)","background-image":"","background-repeat":"repeat","background-position":"center center","background-size":"auto","background-attachment":"scroll","background-type":"","background-media":"","overlay-type":"","overlay-color":"","overlay-opacity":"","overlay-gradient":""}}},"product_brand":[],"product_cat":[175],"product_tag":[254],"class_list":{"0":"post-2357","1":"product","2":"type-product","3":"status-publish","4":"has-post-thumbnail","6":"product_cat-todo-para-tu-bano","7":"product_tag-inodoro","8":"desktop-align-left","9":"tablet-align-left","10":"mobile-align-left","12":"first","13":"instock","14":"sold-individually","15":"shipping-taxable","16":"purchasable","17":"product-type-simple"},"uagb_featured_image_src":{"full":["https:\/\/casaisla.com.do\/wp-content\/uploads\/2025\/07\/INOD-1839.jpg",1500,1500,false],"thumbnail":["https:\/\/casaisla.com.do\/wp-content\/uploads\/2025\/07\/INOD-1839-150x150.jpg",150,150,true],"medium":["https:\/\/casaisla.com.do\/wp-content\/uploads\/2025\/07\/INOD-1839-300x300.jpg",300,300,true],"medium_large":["https:\/\/casaisla.com.do\/wp-content\/uploads\/2025\/07\/INOD-1839-768x768.jpg",768,768,true],"large":["https:\/\/casaisla.com.do\/wp-content\/uploads\/2025\/07\/INOD-1839-1024x1024.jpg",1024,1024,true],"1536x1536":["https:\/\/casaisla.com.do\/wp-content\/uploads\/2025\/07\/INOD-1839.jpg",1500,1500,false],"2048x2048":["https:\/\/casaisla.com.do\/wp-content\/uploads\/2025\/07\/INOD-1839.jpg",1500,1500,false],"woocommerce_thumbnail":["https:\/\/casaisla.com.do\/wp-content\/uploads\/2025\/07\/INOD-1839-300x300.jpg",300,300,true],"woocommerce_single":["https:\/\/casaisla.com.do\/wp-content\/uploads\/2025\/07\/INOD-1839-600x600.jpg",600,600,true],"woocommerce_gallery_thumbnail":["https:\/\/casaisla.com.do\/wp-content\/uploads\/2025\/07\/INOD-1839-100x100.jpg",100,100,true],"dgwt-wcas-product-suggestion":["https:\/\/casaisla.com.do\/wp-content\/uploads\/2025\/07\/INOD-1839-64x64.jpg",64,64,true]},"uagb_author_info":{"display_name":"casa isla","author_link":"https:\/\/casaisla.com.do\/index.php\/author\/"},"uagb_comment_info":0,"uagb_excerpt":"Funcionalidad y facilidad de limpieza.","jetpack_sharing_enabled":true,"_links":{"self":[{"href":"https:\/\/casaisla.com.do\/index.php\/wp-json\/wp\/v2\/product\/2357","targetHints":{"allow":["GET"]}}],"collection":[{"href":"https:\/\/casaisla.com.do\/index.php\/wp-json\/wp\/v2\/product"}],"about":[{"href":"https:\/\/casaisla.com.do\/index.php\/wp-json\/wp\/v2\/types\/product"}],"wp:featuredmedia":[{"embeddable":true,"href":"https:\/\/casaisla.com.do\/index.php\/wp-json\/wp\/v2\/media\/2358"}],"wp:attachment":[{"href":"https:\/\/casaisla.com.do\/index.php\/wp-json\/wp\/v2\/media?parent=2357"}],"wp:term":[{"taxonomy":"product_brand","embeddable":true,"href":"https:\/\/casaisla.com.do\/index.php\/wp-json\/wp\/v2\/product_brand?post=2357"},{"taxonomy":"product_cat","embeddable":true,"href":"https:\/\/casaisla.com.do\/index.php\/wp-json\/wp\/v2\/product_cat?post=2357"},{"taxonomy":"product_tag","embeddable":true,"href":"https:\/\/casaisla.com.do\/index.php\/wp-json\/wp\/v2\/product_tag?post=2357"}],"curies":[{"name":"wp","href":"https:\/\/api.w.org\/{rel}","templated":true}]}}