{"id":2365,"date":"2025-07-18T02:32:17","date_gmt":"2025-07-18T02:32:17","guid":{"rendered":"https:\/\/casaisla.com.do\/?post_type=product&#038;p=2365"},"modified":"2025-07-18T02:32:18","modified_gmt":"2025-07-18T02:32:18","slug":"cortadora-electrica","status":"publish","type":"product","link":"https:\/\/casaisla.com.do\/index.php\/product\/cortadora-electrica\/","title":{"rendered":"Cortadora el\u00e9ctrica"},"content":{"rendered":"<p>Precio al detalle: RD$ 1,400.00<\/p>\n<p>Precio al por mayor: RD$ 1,325.00<\/p>\n<p><em>Herramienta el\u00e9ctrica vers\u00e1til para cortar y pulir diferentes materiales. Ideal para trabajos profesionales y proyectos\u00a0 exigentes<\/em><\/p>\n<p><strong>Caracter\u00edsticas destacadas:<\/strong><\/p>\n<p><strong>\u2714<\/strong>\u00a0Motor potente: Para cortes limpios y r\u00e1pidos<br \/>\n\u2714\u00a0Dise\u00f1o ergon\u00f3mico: Manejo c\u00f3modo y seguro<br \/>\n\u2714\u00a0F\u00e1cil manejo: Ideal para trabajos de precisi\u00f3n<\/p>\n<p>C\u00f3digo: CORT-ELEC-1721<\/p>\n","protected":false},"excerpt":{"rendered":"<p>Cortadora el\u00e9ctrica profesional, versatilidad en cada proyecto.<\/p>\n","protected":false},"featured_media":2366,"template":"","meta":{"_uag_custom_page_level_css":"","site-sidebar-layout":"default","site-content-layout":"","ast-site-content-layout":"default","site-content-style":"default","site-sidebar-style":"default","ast-global-header-display":"","ast-banner-title-visibility":"","ast-main-header-display":"","ast-hfb-above-header-display":"","ast-hfb-below-header-display":"","ast-hfb-mobile-header-display":"","site-post-title":"","ast-breadcrumbs-content":"","ast-featured-img":"","footer-sml-layout":"","theme-transparent-header-meta":"default","adv-header-id-meta":"","stick-header-meta":"","header-above-stick-meta":"","header-main-stick-meta":"","header-below-stick-meta":"","astra-migrate-meta-layouts":"set","ast-page-background-enabled":"default","ast-page-background-meta":{"desktop":{"background-color":"var(--ast-global-color-4)","background-image":"","background-repeat":"repeat","background-position":"center center","background-size":"auto","background-attachment":"scroll","background-type":"","background-media":"","overlay-type":"","overlay-color":"","overlay-opacity":"","overlay-gradient":""},"tablet":{"background-color":"","background-image":"","background-repeat":"repeat","background-position":"center center","background-size":"auto","background-attachment":"scroll","background-type":"","background-media":"","overlay-type":"","overlay-color":"","overlay-opacity":"","overlay-gradient":""},"mobile":{"background-color":"","background-image":"","background-repeat":"repeat","background-position":"center center","background-size":"auto","background-attachment":"scroll","background-type":"","background-media":"","overlay-type":"","overlay-color":"","overlay-opacity":"","overlay-gradient":""}},"ast-content-background-meta":{"desktop":{"background-color":"var(--ast-global-color-5)","background-image":"","background-repeat":"repeat","background-position":"center center","background-size":"auto","background-attachment":"scroll","background-type":"","background-media":"","overlay-type":"","overlay-color":"","overlay-opacity":"","overlay-gradient":""},"tablet":{"background-color":"var(--ast-global-color-5)","background-image":"","background-repeat":"repeat","background-position":"center center","background-size":"auto","background-attachment":"scroll","background-type":"","background-media":"","overlay-type":"","overlay-color":"","overlay-opacity":"","overlay-gradient":""},"mobile":{"background-color":"var(--ast-global-color-5)","background-image":"","background-repeat":"repeat","background-position":"center center","background-size":"auto","background-attachment":"scroll","background-type":"","background-media":"","overlay-type":"","overlay-color":"","overlay-opacity":"","overlay-gradient":""}}},"product_brand":[],"product_cat":[201],"product_tag":[256],"class_list":{"0":"post-2365","1":"product","2":"type-product","3":"status-publish","4":"has-post-thumbnail","6":"product_cat-utilidad-y-exterior","7":"product_tag-cortadora-electrica","8":"desktop-align-left","9":"tablet-align-left","10":"mobile-align-left","12":"first","13":"instock","14":"sold-individually","15":"shipping-taxable","16":"purchasable","17":"product-type-simple"},"uagb_featured_image_src":{"full":["https:\/\/casaisla.com.do\/wp-content\/uploads\/2025\/07\/CORT-ELEC-1721.jpg",1200,1200,false],"thumbnail":["https:\/\/casaisla.com.do\/wp-content\/uploads\/2025\/07\/CORT-ELEC-1721-150x150.jpg",150,150,true],"medium":["https:\/\/casaisla.com.do\/wp-content\/uploads\/2025\/07\/CORT-ELEC-1721-300x300.jpg",300,300,true],"medium_large":["https:\/\/casaisla.com.do\/wp-content\/uploads\/2025\/07\/CORT-ELEC-1721-768x768.jpg",768,768,true],"large":["https:\/\/casaisla.com.do\/wp-content\/uploads\/2025\/07\/CORT-ELEC-1721-1024x1024.jpg",1024,1024,true],"1536x1536":["https:\/\/casaisla.com.do\/wp-content\/uploads\/2025\/07\/CORT-ELEC-1721.jpg",1200,1200,false],"2048x2048":["https:\/\/casaisla.com.do\/wp-content\/uploads\/2025\/07\/CORT-ELEC-1721.jpg",1200,1200,false],"woocommerce_thumbnail":["https:\/\/casaisla.com.do\/wp-content\/uploads\/2025\/07\/CORT-ELEC-1721-300x300.jpg",300,300,true],"woocommerce_single":["https:\/\/casaisla.com.do\/wp-content\/uploads\/2025\/07\/CORT-ELEC-1721-600x600.jpg",600,600,true],"woocommerce_gallery_thumbnail":["https:\/\/casaisla.com.do\/wp-content\/uploads\/2025\/07\/CORT-ELEC-1721-100x100.jpg",100,100,true],"dgwt-wcas-product-suggestion":["https:\/\/casaisla.com.do\/wp-content\/uploads\/2025\/07\/CORT-ELEC-1721-64x64.jpg",64,64,true]},"uagb_author_info":{"display_name":"casa isla","author_link":"https:\/\/casaisla.com.do\/index.php\/author\/"},"uagb_comment_info":0,"uagb_excerpt":"Cortadora el\u00e9ctrica profesional, versatilidad en cada proyecto.","jetpack_sharing_enabled":true,"_links":{"self":[{"href":"https:\/\/casaisla.com.do\/index.php\/wp-json\/wp\/v2\/product\/2365","targetHints":{"allow":["GET"]}}],"collection":[{"href":"https:\/\/casaisla.com.do\/index.php\/wp-json\/wp\/v2\/product"}],"about":[{"href":"https:\/\/casaisla.com.do\/index.php\/wp-json\/wp\/v2\/types\/product"}],"wp:featuredmedia":[{"embeddable":true,"href":"https:\/\/casaisla.com.do\/index.php\/wp-json\/wp\/v2\/media\/2366"}],"wp:attachment":[{"href":"https:\/\/casaisla.com.do\/index.php\/wp-json\/wp\/v2\/media?parent=2365"}],"wp:term":[{"taxonomy":"product_brand","embeddable":true,"href":"https:\/\/casaisla.com.do\/index.php\/wp-json\/wp\/v2\/product_brand?post=2365"},{"taxonomy":"product_cat","embeddable":true,"href":"https:\/\/casaisla.com.do\/index.php\/wp-json\/wp\/v2\/product_cat?post=2365"},{"taxonomy":"product_tag","embeddable":true,"href":"https:\/\/casaisla.com.do\/index.php\/wp-json\/wp\/v2\/product_tag?post=2365"}],"curies":[{"name":"wp","href":"https:\/\/api.w.org\/{rel}","templated":true}]}}