{"id":2367,"date":"2025-07-18T02:44:36","date_gmt":"2025-07-18T02:44:36","guid":{"rendered":"https:\/\/casaisla.com.do\/?post_type=product&#038;p=2367"},"modified":"2025-08-26T00:30:28","modified_gmt":"2025-08-26T00:30:28","slug":"abanico-de-piso-18","status":"publish","type":"product","link":"https:\/\/casaisla.com.do\/index.php\/product\/abanico-de-piso-18\/","title":{"rendered":"Abanico de piso"},"content":{"rendered":"<p>Precio al detalle: RD$ 1,850.00<\/p>\n<p>Precio al por mayor: RD$ 1,725.00<\/p>\n<p><em>Abanico de piso de 18 pulgadas con dise\u00f1o robusto y alto flujo de aire. Ideal para espacios medianos, con ajuste de altura y oscilaci\u00f3n autom\u00e1tica<\/em><\/p>\n<p><strong>Caracter\u00edsticas destacadas:<\/strong><br \/>\n\u2714\u00a0<strong>Di\u00e1metro<\/strong>: 18&#8243; (45 cm)<br \/>\n\u2714\u00a0<strong>Velocidades ajustables<\/strong>: 3 niveles de potencia<br \/>\n\u2714\u00a0<strong>Oscilaci\u00f3n<\/strong>: 90\u00b0 para cobertura amplia<br \/>\n\u2714\u00a0<strong>Base estable<\/strong>: Dise\u00f1o anti-volcaduras<\/p>\n<p>C\u00f3digo: ABNC-PISO-431<\/p>\n","protected":false},"excerpt":{"rendered":"<p>Frescura adaptable a tus necesidades.<\/p>\n","protected":false},"featured_media":2368,"template":"","meta":{"_uag_custom_page_level_css":"","site-sidebar-layout":"default","site-content-layout":"","ast-site-content-layout":"default","site-content-style":"default","site-sidebar-style":"default","ast-global-header-display":"","ast-banner-title-visibility":"","ast-main-header-display":"","ast-hfb-above-header-display":"","ast-hfb-below-header-display":"","ast-hfb-mobile-header-display":"","site-post-title":"","ast-breadcrumbs-content":"","ast-featured-img":"","footer-sml-layout":"","theme-transparent-header-meta":"default","adv-header-id-meta":"","stick-header-meta":"","header-above-stick-meta":"","header-main-stick-meta":"","header-below-stick-meta":"","astra-migrate-meta-layouts":"set","ast-page-background-enabled":"default","ast-page-background-meta":{"desktop":{"background-color":"var(--ast-global-color-4)","background-image":"","background-repeat":"repeat","background-position":"center center","background-size":"auto","background-attachment":"scroll","background-type":"","background-media":"","overlay-type":"","overlay-color":"","overlay-opacity":"","overlay-gradient":""},"tablet":{"background-color":"","background-image":"","background-repeat":"repeat","background-position":"center center","background-size":"auto","background-attachment":"scroll","background-type":"","background-media":"","overlay-type":"","overlay-color":"","overlay-opacity":"","overlay-gradient":""},"mobile":{"background-color":"","background-image":"","background-repeat":"repeat","background-position":"center center","background-size":"auto","background-attachment":"scroll","background-type":"","background-media":"","overlay-type":"","overlay-color":"","overlay-opacity":"","overlay-gradient":""}},"ast-content-background-meta":{"desktop":{"background-color":"var(--ast-global-color-5)","background-image":"","background-repeat":"repeat","background-position":"center center","background-size":"auto","background-attachment":"scroll","background-type":"","background-media":"","overlay-type":"","overlay-color":"","overlay-opacity":"","overlay-gradient":""},"tablet":{"background-color":"var(--ast-global-color-5)","background-image":"","background-repeat":"repeat","background-position":"center center","background-size":"auto","background-attachment":"scroll","background-type":"","background-media":"","overlay-type":"","overlay-color":"","overlay-opacity":"","overlay-gradient":""},"mobile":{"background-color":"var(--ast-global-color-5)","background-image":"","background-repeat":"repeat","background-position":"center center","background-size":"auto","background-attachment":"scroll","background-type":"","background-media":"","overlay-type":"","overlay-color":"","overlay-opacity":"","overlay-gradient":""}}},"product_brand":[],"product_cat":[35],"product_tag":[257],"class_list":{"0":"post-2367","1":"product","2":"type-product","3":"status-publish","4":"has-post-thumbnail","6":"product_cat-electrodomesticos","7":"product_tag-abanico-de-pedestal","8":"desktop-align-left","9":"tablet-align-left","10":"mobile-align-left","12":"first","13":"instock","14":"sold-individually","15":"shipping-taxable","16":"purchasable","17":"product-type-simple"},"uagb_featured_image_src":{"full":["https:\/\/casaisla.com.do\/wp-content\/uploads\/2025\/07\/ABNC-PISO-431.jpg",929,1600,false],"thumbnail":["https:\/\/casaisla.com.do\/wp-content\/uploads\/2025\/07\/ABNC-PISO-431-150x150.jpg",150,150,true],"medium":["https:\/\/casaisla.com.do\/wp-content\/uploads\/2025\/07\/ABNC-PISO-431-174x300.jpg",174,300,true],"medium_large":["https:\/\/casaisla.com.do\/wp-content\/uploads\/2025\/07\/ABNC-PISO-431-768x1323.jpg",768,1323,true],"large":["https:\/\/casaisla.com.do\/wp-content\/uploads\/2025\/07\/ABNC-PISO-431-595x1024.jpg",595,1024,true],"1536x1536":["https:\/\/casaisla.com.do\/wp-content\/uploads\/2025\/07\/ABNC-PISO-431-892x1536.jpg",892,1536,true],"2048x2048":["https:\/\/casaisla.com.do\/wp-content\/uploads\/2025\/07\/ABNC-PISO-431.jpg",929,1600,false],"woocommerce_thumbnail":["https:\/\/casaisla.com.do\/wp-content\/uploads\/2025\/07\/ABNC-PISO-431-300x300.jpg",300,300,true],"woocommerce_single":["https:\/\/casaisla.com.do\/wp-content\/uploads\/2025\/07\/ABNC-PISO-431-600x1033.jpg",600,1033,true],"woocommerce_gallery_thumbnail":["https:\/\/casaisla.com.do\/wp-content\/uploads\/2025\/07\/ABNC-PISO-431-100x100.jpg",100,100,true],"dgwt-wcas-product-suggestion":["https:\/\/casaisla.com.do\/wp-content\/uploads\/2025\/07\/ABNC-PISO-431-64x110.jpg",64,110,true]},"uagb_author_info":{"display_name":"casa isla","author_link":"https:\/\/casaisla.com.do\/index.php\/author\/"},"uagb_comment_info":0,"uagb_excerpt":"Frescura adaptable a tus necesidades.","jetpack_sharing_enabled":true,"_links":{"self":[{"href":"https:\/\/casaisla.com.do\/index.php\/wp-json\/wp\/v2\/product\/2367","targetHints":{"allow":["GET"]}}],"collection":[{"href":"https:\/\/casaisla.com.do\/index.php\/wp-json\/wp\/v2\/product"}],"about":[{"href":"https:\/\/casaisla.com.do\/index.php\/wp-json\/wp\/v2\/types\/product"}],"wp:featuredmedia":[{"embeddable":true,"href":"https:\/\/casaisla.com.do\/index.php\/wp-json\/wp\/v2\/media\/2368"}],"wp:attachment":[{"href":"https:\/\/casaisla.com.do\/index.php\/wp-json\/wp\/v2\/media?parent=2367"}],"wp:term":[{"taxonomy":"product_brand","embeddable":true,"href":"https:\/\/casaisla.com.do\/index.php\/wp-json\/wp\/v2\/product_brand?post=2367"},{"taxonomy":"product_cat","embeddable":true,"href":"https:\/\/casaisla.com.do\/index.php\/wp-json\/wp\/v2\/product_cat?post=2367"},{"taxonomy":"product_tag","embeddable":true,"href":"https:\/\/casaisla.com.do\/index.php\/wp-json\/wp\/v2\/product_tag?post=2367"}],"curies":[{"name":"wp","href":"https:\/\/api.w.org\/{rel}","templated":true}]}}