{"id":2369,"date":"2025-07-18T02:50:13","date_gmt":"2025-07-18T02:50:13","guid":{"rendered":"https:\/\/casaisla.com.do\/?post_type=product&#038;p=2369"},"modified":"2025-08-26T00:29:25","modified_gmt":"2025-08-26T00:29:25","slug":"abanico-de-pared-18","status":"publish","type":"product","link":"https:\/\/casaisla.com.do\/index.php\/product\/abanico-de-pared-18\/","title":{"rendered":"Abanico de pared"},"content":{"rendered":"<p>Precio al detalle: RD$ 1,800.00<\/p>\n<p>Precio al por mayor: RD$ 1,675.00<\/p>\n<p><em>Ventilador de pared de 18 pulgadas con motor silencioso, ideal para espacios reducidos. Ahorra espacio en el suelo y ofrece flujo de aire directo donde m\u00e1s lo necesitas<\/em><\/p>\n<p><strong>Caracter\u00edsticas destacadas:<\/strong><br \/>\n\u2714\u00a0<strong>Di\u00e1metro<\/strong>: 18&#8243; (45 cm)<br \/>\n\u2714\u00a0<strong>Montaje sencillo<\/strong>: Incluye kit de instalaci\u00f3n<br \/>\n\u2714\u00a0<strong>\u00c1ngulo ajustable<\/strong>: Dirige el aire seg\u00fan tu necesidad<br \/>\n\u2714\u00a0<strong>Motor silencioso<\/strong>: Funcionamiento sin molestias<\/p>\n<p>C\u00f3digo: ABNC-PARD-430<\/p>\n","protected":false},"excerpt":{"rendered":"<p>Soluci\u00f3n pr\u00e1ctica para espacios peque\u00f1os.<\/p>\n","protected":false},"featured_media":2370,"template":"","meta":{"_uag_custom_page_level_css":"","site-sidebar-layout":"default","site-content-layout":"","ast-site-content-layout":"default","site-content-style":"default","site-sidebar-style":"default","ast-global-header-display":"","ast-banner-title-visibility":"","ast-main-header-display":"","ast-hfb-above-header-display":"","ast-hfb-below-header-display":"","ast-hfb-mobile-header-display":"","site-post-title":"","ast-breadcrumbs-content":"","ast-featured-img":"","footer-sml-layout":"","theme-transparent-header-meta":"default","adv-header-id-meta":"","stick-header-meta":"","header-above-stick-meta":"","header-main-stick-meta":"","header-below-stick-meta":"","astra-migrate-meta-layouts":"set","ast-page-background-enabled":"default","ast-page-background-meta":{"desktop":{"background-color":"var(--ast-global-color-4)","background-image":"","background-repeat":"repeat","background-position":"center center","background-size":"auto","background-attachment":"scroll","background-type":"","background-media":"","overlay-type":"","overlay-color":"","overlay-opacity":"","overlay-gradient":""},"tablet":{"background-color":"","background-image":"","background-repeat":"repeat","background-position":"center center","background-size":"auto","background-attachment":"scroll","background-type":"","background-media":"","overlay-type":"","overlay-color":"","overlay-opacity":"","overlay-gradient":""},"mobile":{"background-color":"","background-image":"","background-repeat":"repeat","background-position":"center center","background-size":"auto","background-attachment":"scroll","background-type":"","background-media":"","overlay-type":"","overlay-color":"","overlay-opacity":"","overlay-gradient":""}},"ast-content-background-meta":{"desktop":{"background-color":"var(--ast-global-color-5)","background-image":"","background-repeat":"repeat","background-position":"center center","background-size":"auto","background-attachment":"scroll","background-type":"","background-media":"","overlay-type":"","overlay-color":"","overlay-opacity":"","overlay-gradient":""},"tablet":{"background-color":"var(--ast-global-color-5)","background-image":"","background-repeat":"repeat","background-position":"center center","background-size":"auto","background-attachment":"scroll","background-type":"","background-media":"","overlay-type":"","overlay-color":"","overlay-opacity":"","overlay-gradient":""},"mobile":{"background-color":"var(--ast-global-color-5)","background-image":"","background-repeat":"repeat","background-position":"center center","background-size":"auto","background-attachment":"scroll","background-type":"","background-media":"","overlay-type":"","overlay-color":"","overlay-opacity":"","overlay-gradient":""}}},"product_brand":[],"product_cat":[35],"product_tag":[258],"class_list":{"0":"post-2369","1":"product","2":"type-product","3":"status-publish","4":"has-post-thumbnail","6":"product_cat-electrodomesticos","7":"product_tag-abanico-de-pared","8":"desktop-align-left","9":"tablet-align-left","10":"mobile-align-left","12":"first","13":"instock","14":"sold-individually","15":"shipping-taxable","16":"purchasable","17":"product-type-simple"},"uagb_featured_image_src":{"full":["https:\/\/casaisla.com.do\/wp-content\/uploads\/2025\/07\/ABNC-PARD-430-NG.jpg",989,1600,false],"thumbnail":["https:\/\/casaisla.com.do\/wp-content\/uploads\/2025\/07\/ABNC-PARD-430-NG-150x150.jpg",150,150,true],"medium":["https:\/\/casaisla.com.do\/wp-content\/uploads\/2025\/07\/ABNC-PARD-430-NG-185x300.jpg",185,300,true],"medium_large":["https:\/\/casaisla.com.do\/wp-content\/uploads\/2025\/07\/ABNC-PARD-430-NG-768x1242.jpg",768,1242,true],"large":["https:\/\/casaisla.com.do\/wp-content\/uploads\/2025\/07\/ABNC-PARD-430-NG-633x1024.jpg",633,1024,true],"1536x1536":["https:\/\/casaisla.com.do\/wp-content\/uploads\/2025\/07\/ABNC-PARD-430-NG-949x1536.jpg",949,1536,true],"2048x2048":["https:\/\/casaisla.com.do\/wp-content\/uploads\/2025\/07\/ABNC-PARD-430-NG.jpg",989,1600,false],"woocommerce_thumbnail":["https:\/\/casaisla.com.do\/wp-content\/uploads\/2025\/07\/ABNC-PARD-430-NG-300x300.jpg",300,300,true],"woocommerce_single":["https:\/\/casaisla.com.do\/wp-content\/uploads\/2025\/07\/ABNC-PARD-430-NG-600x971.jpg",600,971,true],"woocommerce_gallery_thumbnail":["https:\/\/casaisla.com.do\/wp-content\/uploads\/2025\/07\/ABNC-PARD-430-NG-100x100.jpg",100,100,true],"dgwt-wcas-product-suggestion":["https:\/\/casaisla.com.do\/wp-content\/uploads\/2025\/07\/ABNC-PARD-430-NG-64x104.jpg",64,104,true]},"uagb_author_info":{"display_name":"casa isla","author_link":"https:\/\/casaisla.com.do\/index.php\/author\/"},"uagb_comment_info":0,"uagb_excerpt":"Soluci\u00f3n pr\u00e1ctica para espacios peque\u00f1os.","jetpack_sharing_enabled":true,"_links":{"self":[{"href":"https:\/\/casaisla.com.do\/index.php\/wp-json\/wp\/v2\/product\/2369","targetHints":{"allow":["GET"]}}],"collection":[{"href":"https:\/\/casaisla.com.do\/index.php\/wp-json\/wp\/v2\/product"}],"about":[{"href":"https:\/\/casaisla.com.do\/index.php\/wp-json\/wp\/v2\/types\/product"}],"wp:featuredmedia":[{"embeddable":true,"href":"https:\/\/casaisla.com.do\/index.php\/wp-json\/wp\/v2\/media\/2370"}],"wp:attachment":[{"href":"https:\/\/casaisla.com.do\/index.php\/wp-json\/wp\/v2\/media?parent=2369"}],"wp:term":[{"taxonomy":"product_brand","embeddable":true,"href":"https:\/\/casaisla.com.do\/index.php\/wp-json\/wp\/v2\/product_brand?post=2369"},{"taxonomy":"product_cat","embeddable":true,"href":"https:\/\/casaisla.com.do\/index.php\/wp-json\/wp\/v2\/product_cat?post=2369"},{"taxonomy":"product_tag","embeddable":true,"href":"https:\/\/casaisla.com.do\/index.php\/wp-json\/wp\/v2\/product_tag?post=2369"}],"curies":[{"name":"wp","href":"https:\/\/api.w.org\/{rel}","templated":true}]}}