{"id":2407,"date":"2025-08-28T23:54:04","date_gmt":"2025-08-28T23:54:04","guid":{"rendered":"https:\/\/casaisla.com.do\/?post_type=product&#038;p=2407"},"modified":"2025-08-28T23:54:22","modified_gmt":"2025-08-28T23:54:22","slug":"bocina-bluetooth","status":"publish","type":"product","link":"https:\/\/casaisla.com.do\/index.php\/product\/bocina-bluetooth\/","title":{"rendered":"Bocina Bluetooth"},"content":{"rendered":"<p>Precio al detalle: RD$ 735.00<\/p>\n<p>Precio al por mayor: RD$ 695.00<\/p>\n<p>Disfruta de tu m\u00fasica favorita con este parlante port\u00e1til FX que combina un dise\u00f1o moderno y compacto con luces LED RGB que ofrecen un ambiente vibrante. Ideal para cualquier espacio, su tama\u00f1o peque\u00f1o permite llevarlo a todas partes con facilidad.<\/p>\n<p><strong>Caracter\u00edsticas destacadas:<\/strong><br \/>\n\u2714 Dise\u00f1o compacto y moderno con forma espiral<br \/>\n\u2714 Iluminaci\u00f3n LED RGB con efectos de colores cambiantes<br \/>\n\u2714 Sonido claro y potente para su tama\u00f1o<br \/>\n\u2714 F\u00e1cil conexi\u00f3n inal\u00e1mbrica (Bluetooth)<br \/>\n\u2714 Base con soporte para estabilidad<\/p>\n<p>C\u00f3digo: BS-G42<\/p>\n","protected":false},"excerpt":{"rendered":"<p>Ideal para m\u00fasica y ambiente vibrante.<\/p>\n","protected":false},"featured_media":2408,"template":"","meta":{"_uag_custom_page_level_css":"","site-sidebar-layout":"default","site-content-layout":"","ast-site-content-layout":"default","site-content-style":"default","site-sidebar-style":"default","ast-global-header-display":"","ast-banner-title-visibility":"","ast-main-header-display":"","ast-hfb-above-header-display":"","ast-hfb-below-header-display":"","ast-hfb-mobile-header-display":"","site-post-title":"","ast-breadcrumbs-content":"","ast-featured-img":"","footer-sml-layout":"","theme-transparent-header-meta":"default","adv-header-id-meta":"","stick-header-meta":"","header-above-stick-meta":"","header-main-stick-meta":"","header-below-stick-meta":"","astra-migrate-meta-layouts":"set","ast-page-background-enabled":"default","ast-page-background-meta":{"desktop":{"background-color":"var(--ast-global-color-4)","background-image":"","background-repeat":"repeat","background-position":"center center","background-size":"auto","background-attachment":"scroll","background-type":"","background-media":"","overlay-type":"","overlay-color":"","overlay-opacity":"","overlay-gradient":""},"tablet":{"background-color":"","background-image":"","background-repeat":"repeat","background-position":"center center","background-size":"auto","background-attachment":"scroll","background-type":"","background-media":"","overlay-type":"","overlay-color":"","overlay-opacity":"","overlay-gradient":""},"mobile":{"background-color":"","background-image":"","background-repeat":"repeat","background-position":"center center","background-size":"auto","background-attachment":"scroll","background-type":"","background-media":"","overlay-type":"","overlay-color":"","overlay-opacity":"","overlay-gradient":""}},"ast-content-background-meta":{"desktop":{"background-color":"var(--ast-global-color-5)","background-image":"","background-repeat":"repeat","background-position":"center center","background-size":"auto","background-attachment":"scroll","background-type":"","background-media":"","overlay-type":"","overlay-color":"","overlay-opacity":"","overlay-gradient":""},"tablet":{"background-color":"var(--ast-global-color-5)","background-image":"","background-repeat":"repeat","background-position":"center center","background-size":"auto","background-attachment":"scroll","background-type":"","background-media":"","overlay-type":"","overlay-color":"","overlay-opacity":"","overlay-gradient":""},"mobile":{"background-color":"var(--ast-global-color-5)","background-image":"","background-repeat":"repeat","background-position":"center center","background-size":"auto","background-attachment":"scroll","background-type":"","background-media":"","overlay-type":"","overlay-color":"","overlay-opacity":"","overlay-gradient":""}}},"product_brand":[],"product_cat":[211],"product_tag":[216],"class_list":{"0":"post-2407","1":"product","2":"type-product","3":"status-publish","4":"has-post-thumbnail","6":"product_cat-electronicos","7":"product_tag-bocina-bluetooth","8":"desktop-align-left","9":"tablet-align-left","10":"mobile-align-left","12":"first","13":"instock","14":"sold-individually","15":"shipping-taxable","16":"purchasable","17":"product-type-simple"},"uagb_featured_image_src":{"full":["https:\/\/casaisla.com.do\/wp-content\/uploads\/2025\/08\/BS-G42.jpg",480,480,false],"thumbnail":["https:\/\/casaisla.com.do\/wp-content\/uploads\/2025\/08\/BS-G42-150x150.jpg",150,150,true],"medium":["https:\/\/casaisla.com.do\/wp-content\/uploads\/2025\/08\/BS-G42-300x300.jpg",300,300,true],"medium_large":["https:\/\/casaisla.com.do\/wp-content\/uploads\/2025\/08\/BS-G42.jpg",480,480,false],"large":["https:\/\/casaisla.com.do\/wp-content\/uploads\/2025\/08\/BS-G42.jpg",480,480,false],"1536x1536":["https:\/\/casaisla.com.do\/wp-content\/uploads\/2025\/08\/BS-G42.jpg",480,480,false],"2048x2048":["https:\/\/casaisla.com.do\/wp-content\/uploads\/2025\/08\/BS-G42.jpg",480,480,false],"woocommerce_thumbnail":["https:\/\/casaisla.com.do\/wp-content\/uploads\/2025\/08\/BS-G42-300x300.jpg",300,300,true],"woocommerce_single":["https:\/\/casaisla.com.do\/wp-content\/uploads\/2025\/08\/BS-G42.jpg",480,480,false],"woocommerce_gallery_thumbnail":["https:\/\/casaisla.com.do\/wp-content\/uploads\/2025\/08\/BS-G42-100x100.jpg",100,100,true],"dgwt-wcas-product-suggestion":["https:\/\/casaisla.com.do\/wp-content\/uploads\/2025\/08\/BS-G42-64x64.jpg",64,64,true]},"uagb_author_info":{"display_name":"casa isla","author_link":"https:\/\/casaisla.com.do\/index.php\/author\/"},"uagb_comment_info":0,"uagb_excerpt":"Ideal para m\u00fasica y ambiente vibrante.","jetpack_sharing_enabled":true,"_links":{"self":[{"href":"https:\/\/casaisla.com.do\/index.php\/wp-json\/wp\/v2\/product\/2407","targetHints":{"allow":["GET"]}}],"collection":[{"href":"https:\/\/casaisla.com.do\/index.php\/wp-json\/wp\/v2\/product"}],"about":[{"href":"https:\/\/casaisla.com.do\/index.php\/wp-json\/wp\/v2\/types\/product"}],"wp:featuredmedia":[{"embeddable":true,"href":"https:\/\/casaisla.com.do\/index.php\/wp-json\/wp\/v2\/media\/2408"}],"wp:attachment":[{"href":"https:\/\/casaisla.com.do\/index.php\/wp-json\/wp\/v2\/media?parent=2407"}],"wp:term":[{"taxonomy":"product_brand","embeddable":true,"href":"https:\/\/casaisla.com.do\/index.php\/wp-json\/wp\/v2\/product_brand?post=2407"},{"taxonomy":"product_cat","embeddable":true,"href":"https:\/\/casaisla.com.do\/index.php\/wp-json\/wp\/v2\/product_cat?post=2407"},{"taxonomy":"product_tag","embeddable":true,"href":"https:\/\/casaisla.com.do\/index.php\/wp-json\/wp\/v2\/product_tag?post=2407"}],"curies":[{"name":"wp","href":"https:\/\/api.w.org\/{rel}","templated":true}]}}