{"id":2409,"date":"2025-09-01T23:16:27","date_gmt":"2025-09-01T23:16:27","guid":{"rendered":"https:\/\/casaisla.com.do\/?post_type=product&#038;p=2409"},"modified":"2025-09-01T23:16:28","modified_gmt":"2025-09-01T23:16:28","slug":"freidora-de-aire-de-6-5l","status":"publish","type":"product","link":"https:\/\/casaisla.com.do\/index.php\/product\/freidora-de-aire-de-6-5l\/","title":{"rendered":"Freidora de aire de 6.5L"},"content":{"rendered":"<p>Precio al detalle: RD$ 3,475.00<\/p>\n<p>Precio al por mayor: RD$ 3,300.00<\/p>\n<p data-start=\"90\" data-end=\"319\">Ideal para cocinar de forma pr\u00e1ctica y saludable, esta freidora de aire de 6.5L y 1350W te permite preparar pollo, papas, pizzas y mucho m\u00e1s sin exceso de aceite. Su pantalla t\u00e1ctil y men\u00fas preprogramados facilitan cada receta.<\/p>\n<p data-start=\"321\" data-end=\"562\"><strong>Caracter\u00edsticas destacadas:<\/strong><br data-start=\"348\" data-end=\"351\" \/>\u2714 Capacidad de 6.5 litros, ideal para familias<br data-start=\"397\" data-end=\"400\" \/>\u2714 8 men\u00fas autom\u00e1ticos con control t\u00e1ctil<br data-start=\"440\" data-end=\"443\" \/>\u2714 Cocina m\u00e1s sana con menos grasa<br data-start=\"476\" data-end=\"479\" data-is-only-node=\"\" \/>\u2714 Potencia de 1350W para resultados r\u00e1pidos<br data-start=\"522\" data-end=\"525\" \/>\u2714 Segura, confiable y f\u00e1cil de usar<\/p>\n<p>C\u00f3digo: AIR-FRYER-434<\/p>\n","protected":false},"excerpt":{"rendered":"<p>Con pantalla t\u00e1ctil y men\u00fas autom\u00e1ticos para cocinar f\u00e1cil, r\u00e1pido y saludable.<\/p>\n","protected":false},"featured_media":2410,"template":"","meta":{"_uag_custom_page_level_css":"","site-sidebar-layout":"default","site-content-layout":"","ast-site-content-layout":"default","site-content-style":"default","site-sidebar-style":"default","ast-global-header-display":"","ast-banner-title-visibility":"","ast-main-header-display":"","ast-hfb-above-header-display":"","ast-hfb-below-header-display":"","ast-hfb-mobile-header-display":"","site-post-title":"","ast-breadcrumbs-content":"","ast-featured-img":"","footer-sml-layout":"","theme-transparent-header-meta":"default","adv-header-id-meta":"","stick-header-meta":"","header-above-stick-meta":"","header-main-stick-meta":"","header-below-stick-meta":"","astra-migrate-meta-layouts":"set","ast-page-background-enabled":"default","ast-page-background-meta":{"desktop":{"background-color":"var(--ast-global-color-4)","background-image":"","background-repeat":"repeat","background-position":"center center","background-size":"auto","background-attachment":"scroll","background-type":"","background-media":"","overlay-type":"","overlay-color":"","overlay-opacity":"","overlay-gradient":""},"tablet":{"background-color":"","background-image":"","background-repeat":"repeat","background-position":"center center","background-size":"auto","background-attachment":"scroll","background-type":"","background-media":"","overlay-type":"","overlay-color":"","overlay-opacity":"","overlay-gradient":""},"mobile":{"background-color":"","background-image":"","background-repeat":"repeat","background-position":"center center","background-size":"auto","background-attachment":"scroll","background-type":"","background-media":"","overlay-type":"","overlay-color":"","overlay-opacity":"","overlay-gradient":""}},"ast-content-background-meta":{"desktop":{"background-color":"var(--ast-global-color-5)","background-image":"","background-repeat":"repeat","background-position":"center center","background-size":"auto","background-attachment":"scroll","background-type":"","background-media":"","overlay-type":"","overlay-color":"","overlay-opacity":"","overlay-gradient":""},"tablet":{"background-color":"var(--ast-global-color-5)","background-image":"","background-repeat":"repeat","background-position":"center center","background-size":"auto","background-attachment":"scroll","background-type":"","background-media":"","overlay-type":"","overlay-color":"","overlay-opacity":"","overlay-gradient":""},"mobile":{"background-color":"var(--ast-global-color-5)","background-image":"","background-repeat":"repeat","background-position":"center center","background-size":"auto","background-attachment":"scroll","background-type":"","background-media":"","overlay-type":"","overlay-color":"","overlay-opacity":"","overlay-gradient":""}}},"product_brand":[],"product_cat":[35],"product_tag":[270,269],"class_list":{"0":"post-2409","1":"product","2":"type-product","3":"status-publish","4":"has-post-thumbnail","6":"product_cat-electrodomesticos","7":"product_tag-air-fryer","8":"product_tag-freidora-de-aire","9":"desktop-align-left","10":"tablet-align-left","11":"mobile-align-left","13":"first","14":"instock","15":"sold-individually","16":"shipping-taxable","17":"purchasable","18":"product-type-simple"},"uagb_featured_image_src":{"full":["https:\/\/casaisla.com.do\/wp-content\/uploads\/2025\/09\/AIR-FRYER-434.jpg",1500,1500,false],"thumbnail":["https:\/\/casaisla.com.do\/wp-content\/uploads\/2025\/09\/AIR-FRYER-434-150x150.jpg",150,150,true],"medium":["https:\/\/casaisla.com.do\/wp-content\/uploads\/2025\/09\/AIR-FRYER-434-300x300.jpg",300,300,true],"medium_large":["https:\/\/casaisla.com.do\/wp-content\/uploads\/2025\/09\/AIR-FRYER-434-768x768.jpg",768,768,true],"large":["https:\/\/casaisla.com.do\/wp-content\/uploads\/2025\/09\/AIR-FRYER-434-1024x1024.jpg",1024,1024,true],"1536x1536":["https:\/\/casaisla.com.do\/wp-content\/uploads\/2025\/09\/AIR-FRYER-434.jpg",1500,1500,false],"2048x2048":["https:\/\/casaisla.com.do\/wp-content\/uploads\/2025\/09\/AIR-FRYER-434.jpg",1500,1500,false],"woocommerce_thumbnail":["https:\/\/casaisla.com.do\/wp-content\/uploads\/2025\/09\/AIR-FRYER-434-300x300.jpg",300,300,true],"woocommerce_single":["https:\/\/casaisla.com.do\/wp-content\/uploads\/2025\/09\/AIR-FRYER-434-600x600.jpg",600,600,true],"woocommerce_gallery_thumbnail":["https:\/\/casaisla.com.do\/wp-content\/uploads\/2025\/09\/AIR-FRYER-434-100x100.jpg",100,100,true],"dgwt-wcas-product-suggestion":["https:\/\/casaisla.com.do\/wp-content\/uploads\/2025\/09\/AIR-FRYER-434-64x64.jpg",64,64,true]},"uagb_author_info":{"display_name":"casa isla","author_link":"https:\/\/casaisla.com.do\/index.php\/author\/"},"uagb_comment_info":0,"uagb_excerpt":"Con pantalla t\u00e1ctil y men\u00fas autom\u00e1ticos para cocinar f\u00e1cil, r\u00e1pido y saludable.","jetpack_sharing_enabled":true,"_links":{"self":[{"href":"https:\/\/casaisla.com.do\/index.php\/wp-json\/wp\/v2\/product\/2409","targetHints":{"allow":["GET"]}}],"collection":[{"href":"https:\/\/casaisla.com.do\/index.php\/wp-json\/wp\/v2\/product"}],"about":[{"href":"https:\/\/casaisla.com.do\/index.php\/wp-json\/wp\/v2\/types\/product"}],"wp:featuredmedia":[{"embeddable":true,"href":"https:\/\/casaisla.com.do\/index.php\/wp-json\/wp\/v2\/media\/2410"}],"wp:attachment":[{"href":"https:\/\/casaisla.com.do\/index.php\/wp-json\/wp\/v2\/media?parent=2409"}],"wp:term":[{"taxonomy":"product_brand","embeddable":true,"href":"https:\/\/casaisla.com.do\/index.php\/wp-json\/wp\/v2\/product_brand?post=2409"},{"taxonomy":"product_cat","embeddable":true,"href":"https:\/\/casaisla.com.do\/index.php\/wp-json\/wp\/v2\/product_cat?post=2409"},{"taxonomy":"product_tag","embeddable":true,"href":"https:\/\/casaisla.com.do\/index.php\/wp-json\/wp\/v2\/product_tag?post=2409"}],"curies":[{"name":"wp","href":"https:\/\/api.w.org\/{rel}","templated":true}]}}