{"id":2420,"date":"2025-09-02T00:07:50","date_gmt":"2025-09-02T00:07:50","guid":{"rendered":"https:\/\/casaisla.com.do\/?post_type=product&#038;p=2420"},"modified":"2025-09-02T00:07:51","modified_gmt":"2025-09-02T00:07:51","slug":"tostadora-electrica","status":"publish","type":"product","link":"https:\/\/casaisla.com.do\/index.php\/product\/tostadora-electrica\/","title":{"rendered":"Tostadora el\u00e9ctrica"},"content":{"rendered":"<div class=\"sc-cJjvBx eirkyb\">\n<p>Precio al detalle: RD$ 1,050.00<\/p>\n<p>Precio al por mayor: RD$ 995.00<\/p>\n<p>Esta tostadora el\u00e9ctrica es perfecta para preparar s\u00e1ndwiches y panes con un dorado uniforme y delicioso. Su dise\u00f1o compacto y pr\u00e1ctico facilita su uso y almacenamiento en cualquier cocina.<\/p>\n<p><strong>Medidas aproximadas:<\/strong><br \/>\n24 cm x 24 cm x 10 cm<\/p>\n<p><strong>Caracter\u00edsticas destacadas:<\/strong><br \/>\n\u2714 Placas antiadherentes para una cocci\u00f3n uniforme<br \/>\n\u2714 Potencia de 750W para un calentamiento r\u00e1pido<br \/>\n\u2714 Dos luces indicadoras controladas por termostato<br \/>\n\u2714 F\u00e1cil de limpiar y almacenar<\/p>\n<p>C\u00f3digo: DYMK-MULT-590B<\/p>\n<\/div>\n","protected":false},"excerpt":{"rendered":"<p>Prepara s\u00e1ndwiches y panes dorados y deliciosos en minutos.<\/p>\n","protected":false},"featured_media":2421,"template":"","meta":{"_uag_custom_page_level_css":"","site-sidebar-layout":"default","site-content-layout":"","ast-site-content-layout":"default","site-content-style":"default","site-sidebar-style":"default","ast-global-header-display":"","ast-banner-title-visibility":"","ast-main-header-display":"","ast-hfb-above-header-display":"","ast-hfb-below-header-display":"","ast-hfb-mobile-header-display":"","site-post-title":"","ast-breadcrumbs-content":"","ast-featured-img":"","footer-sml-layout":"","theme-transparent-header-meta":"default","adv-header-id-meta":"","stick-header-meta":"","header-above-stick-meta":"","header-main-stick-meta":"","header-below-stick-meta":"","astra-migrate-meta-layouts":"set","ast-page-background-enabled":"default","ast-page-background-meta":{"desktop":{"background-color":"var(--ast-global-color-4)","background-image":"","background-repeat":"repeat","background-position":"center center","background-size":"auto","background-attachment":"scroll","background-type":"","background-media":"","overlay-type":"","overlay-color":"","overlay-opacity":"","overlay-gradient":""},"tablet":{"background-color":"","background-image":"","background-repeat":"repeat","background-position":"center center","background-size":"auto","background-attachment":"scroll","background-type":"","background-media":"","overlay-type":"","overlay-color":"","overlay-opacity":"","overlay-gradient":""},"mobile":{"background-color":"","background-image":"","background-repeat":"repeat","background-position":"center center","background-size":"auto","background-attachment":"scroll","background-type":"","background-media":"","overlay-type":"","overlay-color":"","overlay-opacity":"","overlay-gradient":""}},"ast-content-background-meta":{"desktop":{"background-color":"var(--ast-global-color-5)","background-image":"","background-repeat":"repeat","background-position":"center center","background-size":"auto","background-attachment":"scroll","background-type":"","background-media":"","overlay-type":"","overlay-color":"","overlay-opacity":"","overlay-gradient":""},"tablet":{"background-color":"var(--ast-global-color-5)","background-image":"","background-repeat":"repeat","background-position":"center center","background-size":"auto","background-attachment":"scroll","background-type":"","background-media":"","overlay-type":"","overlay-color":"","overlay-opacity":"","overlay-gradient":""},"mobile":{"background-color":"var(--ast-global-color-5)","background-image":"","background-repeat":"repeat","background-position":"center center","background-size":"auto","background-attachment":"scroll","background-type":"","background-media":"","overlay-type":"","overlay-color":"","overlay-opacity":"","overlay-gradient":""}}},"product_brand":[],"product_cat":[35],"product_tag":[153],"class_list":{"0":"post-2420","1":"product","2":"type-product","3":"status-publish","4":"has-post-thumbnail","6":"product_cat-electrodomesticos","7":"product_tag-tostadora","8":"desktop-align-left","9":"tablet-align-left","10":"mobile-align-left","12":"first","13":"instock","14":"sold-individually","15":"shipping-taxable","16":"purchasable","17":"product-type-simple"},"uagb_featured_image_src":{"full":["https:\/\/casaisla.com.do\/wp-content\/uploads\/2025\/09\/DYMK-MULT-590B.jpg",1182,1209,false],"thumbnail":["https:\/\/casaisla.com.do\/wp-content\/uploads\/2025\/09\/DYMK-MULT-590B-150x150.jpg",150,150,true],"medium":["https:\/\/casaisla.com.do\/wp-content\/uploads\/2025\/09\/DYMK-MULT-590B-293x300.jpg",293,300,true],"medium_large":["https:\/\/casaisla.com.do\/wp-content\/uploads\/2025\/09\/DYMK-MULT-590B-768x786.jpg",768,786,true],"large":["https:\/\/casaisla.com.do\/wp-content\/uploads\/2025\/09\/DYMK-MULT-590B-1001x1024.jpg",1001,1024,true],"1536x1536":["https:\/\/casaisla.com.do\/wp-content\/uploads\/2025\/09\/DYMK-MULT-590B.jpg",1182,1209,false],"2048x2048":["https:\/\/casaisla.com.do\/wp-content\/uploads\/2025\/09\/DYMK-MULT-590B.jpg",1182,1209,false],"woocommerce_thumbnail":["https:\/\/casaisla.com.do\/wp-content\/uploads\/2025\/09\/DYMK-MULT-590B-300x300.jpg",300,300,true],"woocommerce_single":["https:\/\/casaisla.com.do\/wp-content\/uploads\/2025\/09\/DYMK-MULT-590B-600x614.jpg",600,614,true],"woocommerce_gallery_thumbnail":["https:\/\/casaisla.com.do\/wp-content\/uploads\/2025\/09\/DYMK-MULT-590B-100x100.jpg",100,100,true],"dgwt-wcas-product-suggestion":["https:\/\/casaisla.com.do\/wp-content\/uploads\/2025\/09\/DYMK-MULT-590B-64x65.jpg",64,65,true]},"uagb_author_info":{"display_name":"casa isla","author_link":"https:\/\/casaisla.com.do\/index.php\/author\/"},"uagb_comment_info":0,"uagb_excerpt":"Prepara s\u00e1ndwiches y panes dorados y deliciosos en minutos.","jetpack_sharing_enabled":true,"_links":{"self":[{"href":"https:\/\/casaisla.com.do\/index.php\/wp-json\/wp\/v2\/product\/2420","targetHints":{"allow":["GET"]}}],"collection":[{"href":"https:\/\/casaisla.com.do\/index.php\/wp-json\/wp\/v2\/product"}],"about":[{"href":"https:\/\/casaisla.com.do\/index.php\/wp-json\/wp\/v2\/types\/product"}],"wp:featuredmedia":[{"embeddable":true,"href":"https:\/\/casaisla.com.do\/index.php\/wp-json\/wp\/v2\/media\/2421"}],"wp:attachment":[{"href":"https:\/\/casaisla.com.do\/index.php\/wp-json\/wp\/v2\/media?parent=2420"}],"wp:term":[{"taxonomy":"product_brand","embeddable":true,"href":"https:\/\/casaisla.com.do\/index.php\/wp-json\/wp\/v2\/product_brand?post=2420"},{"taxonomy":"product_cat","embeddable":true,"href":"https:\/\/casaisla.com.do\/index.php\/wp-json\/wp\/v2\/product_cat?post=2420"},{"taxonomy":"product_tag","embeddable":true,"href":"https:\/\/casaisla.com.do\/index.php\/wp-json\/wp\/v2\/product_tag?post=2420"}],"curies":[{"name":"wp","href":"https:\/\/api.w.org\/{rel}","templated":true}]}}