{"id":2433,"date":"2025-09-04T23:41:28","date_gmt":"2025-09-04T23:41:28","guid":{"rendered":"https:\/\/casaisla.com.do\/?post_type=product&#038;p=2433"},"modified":"2025-09-04T23:42:58","modified_gmt":"2025-09-04T23:42:58","slug":"organizador-de-huevos","status":"publish","type":"product","link":"https:\/\/casaisla.com.do\/index.php\/product\/organizador-de-huevos\/","title":{"rendered":"Organizador de huevos"},"content":{"rendered":"<p>Precio al detalle: RD$ 220.00<\/p>\n<p>Precio al por mayor: RD$ 200.00<\/p>\n<p>Ideal para mantener tu nevera ordenada y aprovechar mejor el espacio, este organizador de huevos te permite almacenar de forma pr\u00e1ctica y segura. Su dise\u00f1o deslizable facilita el acceso y la visibilidad de cada pieza, evitando golpes y manteni\u00e9ndolos siempre en orden.<\/p>\n<p data-start=\"384\" data-end=\"431\"><strong data-start=\"384\" data-end=\"408\">Medidas aproximadas:<\/strong><br data-start=\"408\" data-end=\"411\" \/>33 x 26.5 x 7.5 cm<\/p>\n<p data-start=\"433\" data-end=\"699\"><strong data-start=\"433\" data-end=\"464\">Caracter\u00edsticas destacadas:<\/strong><br data-start=\"464\" data-end=\"467\" \/>\u2714 Capacidad para varios huevos en un solo nivel<br data-start=\"514\" data-end=\"517\" \/>\u2714 Dise\u00f1o deslizable, f\u00e1cil de usar y pr\u00e1ctico<br data-start=\"562\" data-end=\"565\" \/>\u2714 Ahorra espacio en el refrigerador<br data-start=\"600\" data-end=\"603\" \/>\u2714 Fabricado en material resistente y duradero<\/p>\n<p>C\u00f3digo: ORGN-HUEVO-868<\/p>\n","protected":false},"excerpt":{"rendered":"<p>Deslizable, pr\u00e1ctico y resistente para mantener tu nevera siempre ordenada.<\/p>\n","protected":false},"featured_media":2434,"template":"","meta":{"_uag_custom_page_level_css":"","site-sidebar-layout":"default","site-content-layout":"","ast-site-content-layout":"default","site-content-style":"default","site-sidebar-style":"default","ast-global-header-display":"","ast-banner-title-visibility":"","ast-main-header-display":"","ast-hfb-above-header-display":"","ast-hfb-below-header-display":"","ast-hfb-mobile-header-display":"","site-post-title":"","ast-breadcrumbs-content":"","ast-featured-img":"","footer-sml-layout":"","theme-transparent-header-meta":"default","adv-header-id-meta":"","stick-header-meta":"","header-above-stick-meta":"","header-main-stick-meta":"","header-below-stick-meta":"","astra-migrate-meta-layouts":"set","ast-page-background-enabled":"default","ast-page-background-meta":{"desktop":{"background-color":"var(--ast-global-color-4)","background-image":"","background-repeat":"repeat","background-position":"center center","background-size":"auto","background-attachment":"scroll","background-type":"","background-media":"","overlay-type":"","overlay-color":"","overlay-opacity":"","overlay-gradient":""},"tablet":{"background-color":"","background-image":"","background-repeat":"repeat","background-position":"center center","background-size":"auto","background-attachment":"scroll","background-type":"","background-media":"","overlay-type":"","overlay-color":"","overlay-opacity":"","overlay-gradient":""},"mobile":{"background-color":"","background-image":"","background-repeat":"repeat","background-position":"center center","background-size":"auto","background-attachment":"scroll","background-type":"","background-media":"","overlay-type":"","overlay-color":"","overlay-opacity":"","overlay-gradient":""}},"ast-content-background-meta":{"desktop":{"background-color":"var(--ast-global-color-5)","background-image":"","background-repeat":"repeat","background-position":"center center","background-size":"auto","background-attachment":"scroll","background-type":"","background-media":"","overlay-type":"","overlay-color":"","overlay-opacity":"","overlay-gradient":""},"tablet":{"background-color":"var(--ast-global-color-5)","background-image":"","background-repeat":"repeat","background-position":"center center","background-size":"auto","background-attachment":"scroll","background-type":"","background-media":"","overlay-type":"","overlay-color":"","overlay-opacity":"","overlay-gradient":""},"mobile":{"background-color":"var(--ast-global-color-5)","background-image":"","background-repeat":"repeat","background-position":"center center","background-size":"auto","background-attachment":"scroll","background-type":"","background-media":"","overlay-type":"","overlay-color":"","overlay-opacity":"","overlay-gradient":""}}},"product_brand":[],"product_cat":[174],"product_tag":[275,274],"class_list":{"0":"post-2433","1":"product","2":"type-product","3":"status-publish","4":"has-post-thumbnail","6":"product_cat-articulos-de-cocina-y-comedor","7":"product_tag-huevera","8":"product_tag-organizador-de-huevos","9":"desktop-align-left","10":"tablet-align-left","11":"mobile-align-left","13":"first","14":"instock","15":"sold-individually","16":"shipping-taxable","17":"purchasable","18":"product-type-simple"},"uagb_featured_image_src":{"full":["https:\/\/casaisla.com.do\/wp-content\/uploads\/2025\/09\/ORGN-HUEVO-868.jpg",1485,1600,false],"thumbnail":["https:\/\/casaisla.com.do\/wp-content\/uploads\/2025\/09\/ORGN-HUEVO-868-150x150.jpg",150,150,true],"medium":["https:\/\/casaisla.com.do\/wp-content\/uploads\/2025\/09\/ORGN-HUEVO-868-278x300.jpg",278,300,true],"medium_large":["https:\/\/casaisla.com.do\/wp-content\/uploads\/2025\/09\/ORGN-HUEVO-868-768x827.jpg",768,827,true],"large":["https:\/\/casaisla.com.do\/wp-content\/uploads\/2025\/09\/ORGN-HUEVO-868-950x1024.jpg",950,1024,true],"1536x1536":["https:\/\/casaisla.com.do\/wp-content\/uploads\/2025\/09\/ORGN-HUEVO-868-1426x1536.jpg",1426,1536,true],"2048x2048":["https:\/\/casaisla.com.do\/wp-content\/uploads\/2025\/09\/ORGN-HUEVO-868.jpg",1485,1600,false],"woocommerce_thumbnail":["https:\/\/casaisla.com.do\/wp-content\/uploads\/2025\/09\/ORGN-HUEVO-868-300x300.jpg",300,300,true],"woocommerce_single":["https:\/\/casaisla.com.do\/wp-content\/uploads\/2025\/09\/ORGN-HUEVO-868-600x646.jpg",600,646,true],"woocommerce_gallery_thumbnail":["https:\/\/casaisla.com.do\/wp-content\/uploads\/2025\/09\/ORGN-HUEVO-868-100x100.jpg",100,100,true],"dgwt-wcas-product-suggestion":["https:\/\/casaisla.com.do\/wp-content\/uploads\/2025\/09\/ORGN-HUEVO-868-64x69.jpg",64,69,true]},"uagb_author_info":{"display_name":"casa isla","author_link":"https:\/\/casaisla.com.do\/index.php\/author\/"},"uagb_comment_info":0,"uagb_excerpt":"Deslizable, pr\u00e1ctico y resistente para mantener tu nevera siempre ordenada.","jetpack_sharing_enabled":true,"_links":{"self":[{"href":"https:\/\/casaisla.com.do\/index.php\/wp-json\/wp\/v2\/product\/2433","targetHints":{"allow":["GET"]}}],"collection":[{"href":"https:\/\/casaisla.com.do\/index.php\/wp-json\/wp\/v2\/product"}],"about":[{"href":"https:\/\/casaisla.com.do\/index.php\/wp-json\/wp\/v2\/types\/product"}],"wp:featuredmedia":[{"embeddable":true,"href":"https:\/\/casaisla.com.do\/index.php\/wp-json\/wp\/v2\/media\/2434"}],"wp:attachment":[{"href":"https:\/\/casaisla.com.do\/index.php\/wp-json\/wp\/v2\/media?parent=2433"}],"wp:term":[{"taxonomy":"product_brand","embeddable":true,"href":"https:\/\/casaisla.com.do\/index.php\/wp-json\/wp\/v2\/product_brand?post=2433"},{"taxonomy":"product_cat","embeddable":true,"href":"https:\/\/casaisla.com.do\/index.php\/wp-json\/wp\/v2\/product_cat?post=2433"},{"taxonomy":"product_tag","embeddable":true,"href":"https:\/\/casaisla.com.do\/index.php\/wp-json\/wp\/v2\/product_tag?post=2433"}],"curies":[{"name":"wp","href":"https:\/\/api.w.org\/{rel}","templated":true}]}}