{"id":2435,"date":"2025-09-04T23:46:42","date_gmt":"2025-09-04T23:46:42","guid":{"rendered":"https:\/\/casaisla.com.do\/?post_type=product&#038;p=2435"},"modified":"2025-09-04T23:57:37","modified_gmt":"2025-09-04T23:57:37","slug":"organizador-de-huevos-con-tapa","status":"publish","type":"product","link":"https:\/\/casaisla.com.do\/index.php\/product\/organizador-de-huevos-con-tapa\/","title":{"rendered":"Organizador de huevos con tapa"},"content":{"rendered":"<p>Precio al detalle: RD$ 335.00<\/p>\n<p>Precio al por mayor: RD$ 315.00<\/p>\n<p data-start=\"60\" data-end=\"365\">Ideal para organizar y proteger tus huevos en la nevera, este organizador compacto de dise\u00f1o transparente permite ver f\u00e1cilmente el contenido y acceder a \u00e9l de forma pr\u00e1ctica. Su tapa deslizante mantiene todo en orden e higi\u00e9nico, mientras ahorra espacio en tu refrigerador.<\/p>\n<p data-start=\"367\" data-end=\"412\"><strong data-start=\"367\" data-end=\"391\">Medidas aproximadas:<\/strong><br data-start=\"391\" data-end=\"394\" \/>27 x 22 x 8.5 cm<\/p>\n<p data-start=\"414\" data-end=\"674\"><strong data-start=\"414\" data-end=\"445\">Caracter\u00edsticas destacadas:<\/strong><br data-start=\"445\" data-end=\"448\" \/>\u2714 Dise\u00f1o transparente para mejor visibilidad<br data-start=\"492\" data-end=\"495\" \/>\u2714 Tapa deslizante que protege y facilita el acceso<br data-start=\"545\" data-end=\"548\" \/>\u2714 Compacto y pr\u00e1ctico para cualquier nevera<br data-start=\"591\" data-end=\"594\" \/>\u2714 Material resistente y duradero<\/p>\n<p data-start=\"414\" data-end=\"674\">C\u00f3digo: ORGN-HUEVO-867<\/p>\n","protected":false},"excerpt":{"rendered":"<p>Compacto y resistente para mantener tu nevera limpia y ordenada.<\/p>\n","protected":false},"featured_media":2436,"template":"","meta":{"_uag_custom_page_level_css":"","site-sidebar-layout":"default","site-content-layout":"","ast-site-content-layout":"default","site-content-style":"default","site-sidebar-style":"default","ast-global-header-display":"","ast-banner-title-visibility":"","ast-main-header-display":"","ast-hfb-above-header-display":"","ast-hfb-below-header-display":"","ast-hfb-mobile-header-display":"","site-post-title":"","ast-breadcrumbs-content":"","ast-featured-img":"","footer-sml-layout":"","theme-transparent-header-meta":"default","adv-header-id-meta":"","stick-header-meta":"","header-above-stick-meta":"","header-main-stick-meta":"","header-below-stick-meta":"","astra-migrate-meta-layouts":"set","ast-page-background-enabled":"default","ast-page-background-meta":{"desktop":{"background-color":"var(--ast-global-color-4)","background-image":"","background-repeat":"repeat","background-position":"center center","background-size":"auto","background-attachment":"scroll","background-type":"","background-media":"","overlay-type":"","overlay-color":"","overlay-opacity":"","overlay-gradient":""},"tablet":{"background-color":"","background-image":"","background-repeat":"repeat","background-position":"center center","background-size":"auto","background-attachment":"scroll","background-type":"","background-media":"","overlay-type":"","overlay-color":"","overlay-opacity":"","overlay-gradient":""},"mobile":{"background-color":"","background-image":"","background-repeat":"repeat","background-position":"center center","background-size":"auto","background-attachment":"scroll","background-type":"","background-media":"","overlay-type":"","overlay-color":"","overlay-opacity":"","overlay-gradient":""}},"ast-content-background-meta":{"desktop":{"background-color":"var(--ast-global-color-5)","background-image":"","background-repeat":"repeat","background-position":"center center","background-size":"auto","background-attachment":"scroll","background-type":"","background-media":"","overlay-type":"","overlay-color":"","overlay-opacity":"","overlay-gradient":""},"tablet":{"background-color":"var(--ast-global-color-5)","background-image":"","background-repeat":"repeat","background-position":"center center","background-size":"auto","background-attachment":"scroll","background-type":"","background-media":"","overlay-type":"","overlay-color":"","overlay-opacity":"","overlay-gradient":""},"mobile":{"background-color":"var(--ast-global-color-5)","background-image":"","background-repeat":"repeat","background-position":"center center","background-size":"auto","background-attachment":"scroll","background-type":"","background-media":"","overlay-type":"","overlay-color":"","overlay-opacity":"","overlay-gradient":""}}},"product_brand":[],"product_cat":[174],"product_tag":[275,274],"class_list":{"0":"post-2435","1":"product","2":"type-product","3":"status-publish","4":"has-post-thumbnail","6":"product_cat-articulos-de-cocina-y-comedor","7":"product_tag-huevera","8":"product_tag-organizador-de-huevos","9":"desktop-align-left","10":"tablet-align-left","11":"mobile-align-left","13":"first","14":"instock","15":"sold-individually","16":"shipping-taxable","17":"purchasable","18":"product-type-simple"},"uagb_featured_image_src":{"full":["https:\/\/casaisla.com.do\/wp-content\/uploads\/2025\/09\/ORGN-HUEVO-867.jpg",1280,1201,false],"thumbnail":["https:\/\/casaisla.com.do\/wp-content\/uploads\/2025\/09\/ORGN-HUEVO-867-150x150.jpg",150,150,true],"medium":["https:\/\/casaisla.com.do\/wp-content\/uploads\/2025\/09\/ORGN-HUEVO-867-300x281.jpg",300,281,true],"medium_large":["https:\/\/casaisla.com.do\/wp-content\/uploads\/2025\/09\/ORGN-HUEVO-867-768x721.jpg",768,721,true],"large":["https:\/\/casaisla.com.do\/wp-content\/uploads\/2025\/09\/ORGN-HUEVO-867-1024x961.jpg",1024,961,true],"1536x1536":["https:\/\/casaisla.com.do\/wp-content\/uploads\/2025\/09\/ORGN-HUEVO-867.jpg",1280,1201,false],"2048x2048":["https:\/\/casaisla.com.do\/wp-content\/uploads\/2025\/09\/ORGN-HUEVO-867.jpg",1280,1201,false],"woocommerce_thumbnail":["https:\/\/casaisla.com.do\/wp-content\/uploads\/2025\/09\/ORGN-HUEVO-867-300x300.jpg",300,300,true],"woocommerce_single":["https:\/\/casaisla.com.do\/wp-content\/uploads\/2025\/09\/ORGN-HUEVO-867-600x563.jpg",600,563,true],"woocommerce_gallery_thumbnail":["https:\/\/casaisla.com.do\/wp-content\/uploads\/2025\/09\/ORGN-HUEVO-867-100x100.jpg",100,100,true],"dgwt-wcas-product-suggestion":["https:\/\/casaisla.com.do\/wp-content\/uploads\/2025\/09\/ORGN-HUEVO-867-64x60.jpg",64,60,true]},"uagb_author_info":{"display_name":"casa isla","author_link":"https:\/\/casaisla.com.do\/index.php\/author\/"},"uagb_comment_info":0,"uagb_excerpt":"Compacto y resistente para mantener tu nevera limpia y ordenada.","jetpack_sharing_enabled":true,"_links":{"self":[{"href":"https:\/\/casaisla.com.do\/index.php\/wp-json\/wp\/v2\/product\/2435","targetHints":{"allow":["GET"]}}],"collection":[{"href":"https:\/\/casaisla.com.do\/index.php\/wp-json\/wp\/v2\/product"}],"about":[{"href":"https:\/\/casaisla.com.do\/index.php\/wp-json\/wp\/v2\/types\/product"}],"wp:featuredmedia":[{"embeddable":true,"href":"https:\/\/casaisla.com.do\/index.php\/wp-json\/wp\/v2\/media\/2436"}],"wp:attachment":[{"href":"https:\/\/casaisla.com.do\/index.php\/wp-json\/wp\/v2\/media?parent=2435"}],"wp:term":[{"taxonomy":"product_brand","embeddable":true,"href":"https:\/\/casaisla.com.do\/index.php\/wp-json\/wp\/v2\/product_brand?post=2435"},{"taxonomy":"product_cat","embeddable":true,"href":"https:\/\/casaisla.com.do\/index.php\/wp-json\/wp\/v2\/product_cat?post=2435"},{"taxonomy":"product_tag","embeddable":true,"href":"https:\/\/casaisla.com.do\/index.php\/wp-json\/wp\/v2\/product_tag?post=2435"}],"curies":[{"name":"wp","href":"https:\/\/api.w.org\/{rel}","templated":true}]}}