{"id":2437,"date":"2025-09-04T23:54:52","date_gmt":"2025-09-04T23:54:52","guid":{"rendered":"https:\/\/casaisla.com.do\/?post_type=product&#038;p=2437"},"modified":"2025-09-04T23:55:49","modified_gmt":"2025-09-04T23:55:49","slug":"organizador-de-huevos-de-2-niveles","status":"publish","type":"product","link":"https:\/\/casaisla.com.do\/index.php\/product\/organizador-de-huevos-de-2-niveles\/","title":{"rendered":"Organizador de huevos de 2 niveles"},"content":{"rendered":"<p>Precio al detalle: RD$ 155.00<\/p>\n<p>Precio al por mayor: RD$ 140.00<\/p>\n<p>Dise\u00f1ado para ahorrar espacio y mantener el orden en tu nevera, este organizador de huevos con dise\u00f1o en riel permite que los huevos rueden autom\u00e1ticamente hacia adelante, facilitando el acceso y manteni\u00e9ndolos siempre listos para usar. Compacto, pr\u00e1ctico y moderno, es perfecto para el hogar.<\/p>\n<p><strong data-start=\"452\" data-end=\"483\">Caracter\u00edsticas destacadas:<\/strong><br data-start=\"483\" data-end=\"486\" \/>\u2714 Sistema de deslizamiento autom\u00e1tico para f\u00e1cil acceso<br data-start=\"541\" data-end=\"544\" \/>\u2714 Dise\u00f1o compacto y moderno que ahorra espacio<br data-start=\"590\" data-end=\"593\" \/>\u2714 Material resistente y f\u00e1cil de limpiar<br data-start=\"679\" data-end=\"682\" \/>\u2714 Perfecto para neveras y cocinas con poco espacio<\/p>\n<p>C\u00f3digo: ORGN-HUEVO-1331<\/p>\n","protected":false},"excerpt":{"rendered":"<p>La opci\u00f3n pr\u00e1ctica para organizar tus huevos y aprovechar mejor el espacio.<\/p>\n","protected":false},"featured_media":2438,"template":"","meta":{"_uag_custom_page_level_css":"","site-sidebar-layout":"default","site-content-layout":"","ast-site-content-layout":"default","site-content-style":"default","site-sidebar-style":"default","ast-global-header-display":"","ast-banner-title-visibility":"","ast-main-header-display":"","ast-hfb-above-header-display":"","ast-hfb-below-header-display":"","ast-hfb-mobile-header-display":"","site-post-title":"","ast-breadcrumbs-content":"","ast-featured-img":"","footer-sml-layout":"","theme-transparent-header-meta":"default","adv-header-id-meta":"","stick-header-meta":"","header-above-stick-meta":"","header-main-stick-meta":"","header-below-stick-meta":"","astra-migrate-meta-layouts":"set","ast-page-background-enabled":"default","ast-page-background-meta":{"desktop":{"background-color":"var(--ast-global-color-4)","background-image":"","background-repeat":"repeat","background-position":"center center","background-size":"auto","background-attachment":"scroll","background-type":"","background-media":"","overlay-type":"","overlay-color":"","overlay-opacity":"","overlay-gradient":""},"tablet":{"background-color":"","background-image":"","background-repeat":"repeat","background-position":"center center","background-size":"auto","background-attachment":"scroll","background-type":"","background-media":"","overlay-type":"","overlay-color":"","overlay-opacity":"","overlay-gradient":""},"mobile":{"background-color":"","background-image":"","background-repeat":"repeat","background-position":"center center","background-size":"auto","background-attachment":"scroll","background-type":"","background-media":"","overlay-type":"","overlay-color":"","overlay-opacity":"","overlay-gradient":""}},"ast-content-background-meta":{"desktop":{"background-color":"var(--ast-global-color-5)","background-image":"","background-repeat":"repeat","background-position":"center center","background-size":"auto","background-attachment":"scroll","background-type":"","background-media":"","overlay-type":"","overlay-color":"","overlay-opacity":"","overlay-gradient":""},"tablet":{"background-color":"var(--ast-global-color-5)","background-image":"","background-repeat":"repeat","background-position":"center center","background-size":"auto","background-attachment":"scroll","background-type":"","background-media":"","overlay-type":"","overlay-color":"","overlay-opacity":"","overlay-gradient":""},"mobile":{"background-color":"var(--ast-global-color-5)","background-image":"","background-repeat":"repeat","background-position":"center center","background-size":"auto","background-attachment":"scroll","background-type":"","background-media":"","overlay-type":"","overlay-color":"","overlay-opacity":"","overlay-gradient":""}}},"product_brand":[],"product_cat":[174],"product_tag":[275,274],"class_list":{"0":"post-2437","1":"product","2":"type-product","3":"status-publish","4":"has-post-thumbnail","6":"product_cat-articulos-de-cocina-y-comedor","7":"product_tag-huevera","8":"product_tag-organizador-de-huevos","9":"desktop-align-left","10":"tablet-align-left","11":"mobile-align-left","13":"first","14":"instock","15":"sold-individually","16":"shipping-taxable","17":"purchasable","18":"product-type-simple"},"uagb_featured_image_src":{"full":["https:\/\/casaisla.com.do\/wp-content\/uploads\/2025\/09\/ORGN-HUEVO-1331.jpg",1500,1500,false],"thumbnail":["https:\/\/casaisla.com.do\/wp-content\/uploads\/2025\/09\/ORGN-HUEVO-1331-150x150.jpg",150,150,true],"medium":["https:\/\/casaisla.com.do\/wp-content\/uploads\/2025\/09\/ORGN-HUEVO-1331-300x300.jpg",300,300,true],"medium_large":["https:\/\/casaisla.com.do\/wp-content\/uploads\/2025\/09\/ORGN-HUEVO-1331-768x768.jpg",768,768,true],"large":["https:\/\/casaisla.com.do\/wp-content\/uploads\/2025\/09\/ORGN-HUEVO-1331-1024x1024.jpg",1024,1024,true],"1536x1536":["https:\/\/casaisla.com.do\/wp-content\/uploads\/2025\/09\/ORGN-HUEVO-1331.jpg",1500,1500,false],"2048x2048":["https:\/\/casaisla.com.do\/wp-content\/uploads\/2025\/09\/ORGN-HUEVO-1331.jpg",1500,1500,false],"woocommerce_thumbnail":["https:\/\/casaisla.com.do\/wp-content\/uploads\/2025\/09\/ORGN-HUEVO-1331-300x300.jpg",300,300,true],"woocommerce_single":["https:\/\/casaisla.com.do\/wp-content\/uploads\/2025\/09\/ORGN-HUEVO-1331-600x600.jpg",600,600,true],"woocommerce_gallery_thumbnail":["https:\/\/casaisla.com.do\/wp-content\/uploads\/2025\/09\/ORGN-HUEVO-1331-100x100.jpg",100,100,true],"dgwt-wcas-product-suggestion":["https:\/\/casaisla.com.do\/wp-content\/uploads\/2025\/09\/ORGN-HUEVO-1331-64x64.jpg",64,64,true]},"uagb_author_info":{"display_name":"casa isla","author_link":"https:\/\/casaisla.com.do\/index.php\/author\/"},"uagb_comment_info":0,"uagb_excerpt":"La opci\u00f3n pr\u00e1ctica para organizar tus huevos y aprovechar mejor el espacio.","jetpack_sharing_enabled":true,"_links":{"self":[{"href":"https:\/\/casaisla.com.do\/index.php\/wp-json\/wp\/v2\/product\/2437","targetHints":{"allow":["GET"]}}],"collection":[{"href":"https:\/\/casaisla.com.do\/index.php\/wp-json\/wp\/v2\/product"}],"about":[{"href":"https:\/\/casaisla.com.do\/index.php\/wp-json\/wp\/v2\/types\/product"}],"wp:featuredmedia":[{"embeddable":true,"href":"https:\/\/casaisla.com.do\/index.php\/wp-json\/wp\/v2\/media\/2438"}],"wp:attachment":[{"href":"https:\/\/casaisla.com.do\/index.php\/wp-json\/wp\/v2\/media?parent=2437"}],"wp:term":[{"taxonomy":"product_brand","embeddable":true,"href":"https:\/\/casaisla.com.do\/index.php\/wp-json\/wp\/v2\/product_brand?post=2437"},{"taxonomy":"product_cat","embeddable":true,"href":"https:\/\/casaisla.com.do\/index.php\/wp-json\/wp\/v2\/product_cat?post=2437"},{"taxonomy":"product_tag","embeddable":true,"href":"https:\/\/casaisla.com.do\/index.php\/wp-json\/wp\/v2\/product_tag?post=2437"}],"curies":[{"name":"wp","href":"https:\/\/api.w.org\/{rel}","templated":true}]}}