{"id":2449,"date":"2025-09-06T00:22:23","date_gmt":"2025-09-06T00:22:23","guid":{"rendered":"https:\/\/casaisla.com.do\/?post_type=product&#038;p=2449"},"modified":"2025-09-06T00:25:21","modified_gmt":"2025-09-06T00:25:21","slug":"sarten-cuadrada-antiadherente","status":"publish","type":"product","link":"https:\/\/casaisla.com.do\/index.php\/product\/sarten-cuadrada-antiadherente\/","title":{"rendered":"Sart\u00e9n cuadrada antiadherente"},"content":{"rendered":"<p data-start=\"0\" data-end=\"377\">20cm<br \/>\nPrecio al detalle: RD$ 350.00<br \/>\nPrecio al por mayor: RD$ 330.00<\/p>\n<p data-start=\"0\" data-end=\"377\">24cm<br \/>\nPrecio al detalle: RD$ 425.00<br \/>\nPrecio al por mayor: RD$ 400.00<\/p>\n<p>Pr\u00e1ctica y funcional, esta sart\u00e9n cuadrada antiadherente con mango de madera abatible permite cocinar de manera uniforme carnes, huevos, vegetales y mucho m\u00e1s. Su superficie acanalada tipo parrilla resalta el sabor y el sellado de los alimentos, adem\u00e1s de ser f\u00e1cil de usar y almacenar. Resistente y moderna, es una gran opci\u00f3n para la cocina diaria.<\/p>\n<p data-start=\"379\" data-end=\"431\">Medidas aproximadas:<br data-start=\"399\" data-end=\"402\" \/>Disponible en 20 cm y 24 cm<\/p>\n<p data-start=\"433\" data-end=\"761\" data-is-last-node=\"\" data-is-only-node=\"\">Caracter\u00edsticas destacadas:<br data-start=\"460\" data-end=\"463\" \/>\u2714 Revestimiento antiadherente que facilita la cocci\u00f3n y limpieza<br data-start=\"527\" data-end=\"530\" data-is-only-node=\"\" \/>\u2714 Dise\u00f1o cuadrado con l\u00edneas tipo parrilla para un mejor acabado<br data-start=\"594\" data-end=\"597\" \/>\u2714 Mango de madera plegable que brinda comodidad y seguridad<br data-start=\"656\" data-end=\"659\" \/>\u2714 Tama\u00f1o pr\u00e1ctico y f\u00e1cil de guardar<br data-start=\"695\" data-end=\"698\" \/>\u2714 Fabricada con materiales resistentes para mayor durabilidad<\/p>\n<p data-start=\"433\" data-end=\"761\" data-is-last-node=\"\" data-is-only-node=\"\">C\u00f3digo: SART-2031<\/p>\n","protected":false},"excerpt":{"rendered":"<p>Pr\u00e1ctica y resistente con revestimiento antiadherente y mango plegable.<\/p>\n","protected":false},"featured_media":2450,"template":"","meta":{"_uag_custom_page_level_css":"","site-sidebar-layout":"default","site-content-layout":"","ast-site-content-layout":"default","site-content-style":"default","site-sidebar-style":"default","ast-global-header-display":"","ast-banner-title-visibility":"","ast-main-header-display":"","ast-hfb-above-header-display":"","ast-hfb-below-header-display":"","ast-hfb-mobile-header-display":"","site-post-title":"","ast-breadcrumbs-content":"","ast-featured-img":"","footer-sml-layout":"","theme-transparent-header-meta":"default","adv-header-id-meta":"","stick-header-meta":"","header-above-stick-meta":"","header-main-stick-meta":"","header-below-stick-meta":"","astra-migrate-meta-layouts":"set","ast-page-background-enabled":"default","ast-page-background-meta":{"desktop":{"background-color":"var(--ast-global-color-4)","background-image":"","background-repeat":"repeat","background-position":"center center","background-size":"auto","background-attachment":"scroll","background-type":"","background-media":"","overlay-type":"","overlay-color":"","overlay-opacity":"","overlay-gradient":""},"tablet":{"background-color":"","background-image":"","background-repeat":"repeat","background-position":"center center","background-size":"auto","background-attachment":"scroll","background-type":"","background-media":"","overlay-type":"","overlay-color":"","overlay-opacity":"","overlay-gradient":""},"mobile":{"background-color":"","background-image":"","background-repeat":"repeat","background-position":"center center","background-size":"auto","background-attachment":"scroll","background-type":"","background-media":"","overlay-type":"","overlay-color":"","overlay-opacity":"","overlay-gradient":""}},"ast-content-background-meta":{"desktop":{"background-color":"var(--ast-global-color-5)","background-image":"","background-repeat":"repeat","background-position":"center center","background-size":"auto","background-attachment":"scroll","background-type":"","background-media":"","overlay-type":"","overlay-color":"","overlay-opacity":"","overlay-gradient":""},"tablet":{"background-color":"var(--ast-global-color-5)","background-image":"","background-repeat":"repeat","background-position":"center center","background-size":"auto","background-attachment":"scroll","background-type":"","background-media":"","overlay-type":"","overlay-color":"","overlay-opacity":"","overlay-gradient":""},"mobile":{"background-color":"var(--ast-global-color-5)","background-image":"","background-repeat":"repeat","background-position":"center center","background-size":"auto","background-attachment":"scroll","background-type":"","background-media":"","overlay-type":"","overlay-color":"","overlay-opacity":"","overlay-gradient":""}}},"product_brand":[],"product_cat":[174],"product_tag":[279],"class_list":{"0":"post-2449","1":"product","2":"type-product","3":"status-publish","4":"has-post-thumbnail","6":"product_cat-articulos-de-cocina-y-comedor","7":"product_tag-sarten","8":"desktop-align-left","9":"tablet-align-left","10":"mobile-align-left","12":"first","13":"instock","14":"sold-individually","15":"shipping-taxable","16":"purchasable","17":"product-type-simple"},"uagb_featured_image_src":{"full":["https:\/\/casaisla.com.do\/wp-content\/uploads\/2025\/09\/SART-2031.jpg",1199,1251,false],"thumbnail":["https:\/\/casaisla.com.do\/wp-content\/uploads\/2025\/09\/SART-2031-150x150.jpg",150,150,true],"medium":["https:\/\/casaisla.com.do\/wp-content\/uploads\/2025\/09\/SART-2031-288x300.jpg",288,300,true],"medium_large":["https:\/\/casaisla.com.do\/wp-content\/uploads\/2025\/09\/SART-2031-768x801.jpg",768,801,true],"large":["https:\/\/casaisla.com.do\/wp-content\/uploads\/2025\/09\/SART-2031-981x1024.jpg",981,1024,true],"1536x1536":["https:\/\/casaisla.com.do\/wp-content\/uploads\/2025\/09\/SART-2031.jpg",1199,1251,false],"2048x2048":["https:\/\/casaisla.com.do\/wp-content\/uploads\/2025\/09\/SART-2031.jpg",1199,1251,false],"woocommerce_thumbnail":["https:\/\/casaisla.com.do\/wp-content\/uploads\/2025\/09\/SART-2031-300x300.jpg",300,300,true],"woocommerce_single":["https:\/\/casaisla.com.do\/wp-content\/uploads\/2025\/09\/SART-2031-600x626.jpg",600,626,true],"woocommerce_gallery_thumbnail":["https:\/\/casaisla.com.do\/wp-content\/uploads\/2025\/09\/SART-2031-100x100.jpg",100,100,true],"dgwt-wcas-product-suggestion":["https:\/\/casaisla.com.do\/wp-content\/uploads\/2025\/09\/SART-2031-64x67.jpg",64,67,true]},"uagb_author_info":{"display_name":"casa isla","author_link":"https:\/\/casaisla.com.do\/index.php\/author\/"},"uagb_comment_info":0,"uagb_excerpt":"Pr\u00e1ctica y resistente con revestimiento antiadherente y mango plegable.","jetpack_sharing_enabled":true,"_links":{"self":[{"href":"https:\/\/casaisla.com.do\/index.php\/wp-json\/wp\/v2\/product\/2449","targetHints":{"allow":["GET"]}}],"collection":[{"href":"https:\/\/casaisla.com.do\/index.php\/wp-json\/wp\/v2\/product"}],"about":[{"href":"https:\/\/casaisla.com.do\/index.php\/wp-json\/wp\/v2\/types\/product"}],"wp:featuredmedia":[{"embeddable":true,"href":"https:\/\/casaisla.com.do\/index.php\/wp-json\/wp\/v2\/media\/2450"}],"wp:attachment":[{"href":"https:\/\/casaisla.com.do\/index.php\/wp-json\/wp\/v2\/media?parent=2449"}],"wp:term":[{"taxonomy":"product_brand","embeddable":true,"href":"https:\/\/casaisla.com.do\/index.php\/wp-json\/wp\/v2\/product_brand?post=2449"},{"taxonomy":"product_cat","embeddable":true,"href":"https:\/\/casaisla.com.do\/index.php\/wp-json\/wp\/v2\/product_cat?post=2449"},{"taxonomy":"product_tag","embeddable":true,"href":"https:\/\/casaisla.com.do\/index.php\/wp-json\/wp\/v2\/product_tag?post=2449"}],"curies":[{"name":"wp","href":"https:\/\/api.w.org\/{rel}","templated":true}]}}