{"id":2466,"date":"2025-09-09T00:14:59","date_gmt":"2025-09-09T00:14:59","guid":{"rendered":"https:\/\/casaisla.com.do\/?post_type=product&#038;p=2466"},"modified":"2025-09-09T00:14:59","modified_gmt":"2025-09-09T00:14:59","slug":"reloj-inteligente-moderno","status":"publish","type":"product","link":"https:\/\/casaisla.com.do\/index.php\/product\/reloj-inteligente-moderno\/","title":{"rendered":"Reloj inteligente moderno"},"content":{"rendered":"<p>Precio al detalle: RD$ 650.00<\/p>\n<p>Precio al por mayor: RD$ 615.00<\/p>\n<p data-start=\"202\" data-end=\"746\">Este reloj inteligente combina tecnolog\u00eda y estilo en un solo accesorio. Permite realizar y recibir llamadas por Bluetooth, controlar la m\u00fasica, tomar fotos a distancia y recibir notificaciones en tiempo real. Adem\u00e1s, incluye herramientas de salud como monitor de frecuencia card\u00edaca, presi\u00f3n arterial, ox\u00edgeno en sangre, electrocardiograma y monitoreo de sue\u00f1o. Con varios modos deportivos, cron\u00f3metro y cambio de estilos de pantalla, es perfecto para quienes buscan practicidad y un aliado para el cuidado personal.<\/p>\n<p data-start=\"748\" data-end=\"1023\" data-is-last-node=\"\" data-is-only-node=\"\">Caracter\u00edsticas destacadas:<br data-start=\"775\" data-end=\"778\" \/>\u2714 Llamadas y notificaciones por Bluetooth<br data-start=\"819\" data-end=\"822\" \/>\u2714 Monitoreo de sue\u00f1o, ritmo card\u00edaco, presi\u00f3n y ox\u00edgeno en sangre<br data-start=\"887\" data-end=\"890\" \/>\u2714 M\u00faltiples modos deportivos y cron\u00f3metro<br data-start=\"931\" data-end=\"934\" \/>\u2714 Control de m\u00fasica, c\u00e1mara remota y clima<br data-start=\"976\" data-end=\"979\" \/>\u2714 Incluye 4 correas intercambiables<\/p>\n<p>C\u00f3digo: RELOJ-INTE-1947<\/p>\n","protected":false},"excerpt":{"rendered":"<p>Bluetooth, monitoreo de salud y m\u00faltiples funciones para acompa\u00f1arte en tu d\u00eda a d\u00eda.<\/p>\n","protected":false},"featured_media":2467,"template":"","meta":{"_uag_custom_page_level_css":"","site-sidebar-layout":"default","site-content-layout":"","ast-site-content-layout":"default","site-content-style":"default","site-sidebar-style":"default","ast-global-header-display":"","ast-banner-title-visibility":"","ast-main-header-display":"","ast-hfb-above-header-display":"","ast-hfb-below-header-display":"","ast-hfb-mobile-header-display":"","site-post-title":"","ast-breadcrumbs-content":"","ast-featured-img":"","footer-sml-layout":"","theme-transparent-header-meta":"default","adv-header-id-meta":"","stick-header-meta":"","header-above-stick-meta":"","header-main-stick-meta":"","header-below-stick-meta":"","astra-migrate-meta-layouts":"set","ast-page-background-enabled":"default","ast-page-background-meta":{"desktop":{"background-color":"var(--ast-global-color-4)","background-image":"","background-repeat":"repeat","background-position":"center center","background-size":"auto","background-attachment":"scroll","background-type":"","background-media":"","overlay-type":"","overlay-color":"","overlay-opacity":"","overlay-gradient":""},"tablet":{"background-color":"","background-image":"","background-repeat":"repeat","background-position":"center center","background-size":"auto","background-attachment":"scroll","background-type":"","background-media":"","overlay-type":"","overlay-color":"","overlay-opacity":"","overlay-gradient":""},"mobile":{"background-color":"","background-image":"","background-repeat":"repeat","background-position":"center center","background-size":"auto","background-attachment":"scroll","background-type":"","background-media":"","overlay-type":"","overlay-color":"","overlay-opacity":"","overlay-gradient":""}},"ast-content-background-meta":{"desktop":{"background-color":"var(--ast-global-color-5)","background-image":"","background-repeat":"repeat","background-position":"center center","background-size":"auto","background-attachment":"scroll","background-type":"","background-media":"","overlay-type":"","overlay-color":"","overlay-opacity":"","overlay-gradient":""},"tablet":{"background-color":"var(--ast-global-color-5)","background-image":"","background-repeat":"repeat","background-position":"center center","background-size":"auto","background-attachment":"scroll","background-type":"","background-media":"","overlay-type":"","overlay-color":"","overlay-opacity":"","overlay-gradient":""},"mobile":{"background-color":"var(--ast-global-color-5)","background-image":"","background-repeat":"repeat","background-position":"center center","background-size":"auto","background-attachment":"scroll","background-type":"","background-media":"","overlay-type":"","overlay-color":"","overlay-opacity":"","overlay-gradient":""}}},"product_brand":[],"product_cat":[211],"product_tag":[280,281],"class_list":{"0":"post-2466","1":"product","2":"type-product","3":"status-publish","4":"has-post-thumbnail","6":"product_cat-electronicos","7":"product_tag-reloj","8":"product_tag-smartwatch","9":"desktop-align-left","10":"tablet-align-left","11":"mobile-align-left","13":"first","14":"instock","15":"sold-individually","16":"shipping-taxable","17":"purchasable","18":"product-type-simple"},"uagb_featured_image_src":{"full":["https:\/\/casaisla.com.do\/wp-content\/uploads\/2025\/09\/RELOJ-INTE-1947.jpg",1500,1500,false],"thumbnail":["https:\/\/casaisla.com.do\/wp-content\/uploads\/2025\/09\/RELOJ-INTE-1947-150x150.jpg",150,150,true],"medium":["https:\/\/casaisla.com.do\/wp-content\/uploads\/2025\/09\/RELOJ-INTE-1947-300x300.jpg",300,300,true],"medium_large":["https:\/\/casaisla.com.do\/wp-content\/uploads\/2025\/09\/RELOJ-INTE-1947-768x768.jpg",768,768,true],"large":["https:\/\/casaisla.com.do\/wp-content\/uploads\/2025\/09\/RELOJ-INTE-1947-1024x1024.jpg",1024,1024,true],"1536x1536":["https:\/\/casaisla.com.do\/wp-content\/uploads\/2025\/09\/RELOJ-INTE-1947.jpg",1500,1500,false],"2048x2048":["https:\/\/casaisla.com.do\/wp-content\/uploads\/2025\/09\/RELOJ-INTE-1947.jpg",1500,1500,false],"woocommerce_thumbnail":["https:\/\/casaisla.com.do\/wp-content\/uploads\/2025\/09\/RELOJ-INTE-1947-300x300.jpg",300,300,true],"woocommerce_single":["https:\/\/casaisla.com.do\/wp-content\/uploads\/2025\/09\/RELOJ-INTE-1947-600x600.jpg",600,600,true],"woocommerce_gallery_thumbnail":["https:\/\/casaisla.com.do\/wp-content\/uploads\/2025\/09\/RELOJ-INTE-1947-100x100.jpg",100,100,true],"dgwt-wcas-product-suggestion":["https:\/\/casaisla.com.do\/wp-content\/uploads\/2025\/09\/RELOJ-INTE-1947-64x64.jpg",64,64,true]},"uagb_author_info":{"display_name":"casa isla","author_link":"https:\/\/casaisla.com.do\/index.php\/author\/"},"uagb_comment_info":0,"uagb_excerpt":"Bluetooth, monitoreo de salud y m\u00faltiples funciones para acompa\u00f1arte en tu d\u00eda a d\u00eda.","jetpack_sharing_enabled":true,"_links":{"self":[{"href":"https:\/\/casaisla.com.do\/index.php\/wp-json\/wp\/v2\/product\/2466","targetHints":{"allow":["GET"]}}],"collection":[{"href":"https:\/\/casaisla.com.do\/index.php\/wp-json\/wp\/v2\/product"}],"about":[{"href":"https:\/\/casaisla.com.do\/index.php\/wp-json\/wp\/v2\/types\/product"}],"wp:featuredmedia":[{"embeddable":true,"href":"https:\/\/casaisla.com.do\/index.php\/wp-json\/wp\/v2\/media\/2467"}],"wp:attachment":[{"href":"https:\/\/casaisla.com.do\/index.php\/wp-json\/wp\/v2\/media?parent=2466"}],"wp:term":[{"taxonomy":"product_brand","embeddable":true,"href":"https:\/\/casaisla.com.do\/index.php\/wp-json\/wp\/v2\/product_brand?post=2466"},{"taxonomy":"product_cat","embeddable":true,"href":"https:\/\/casaisla.com.do\/index.php\/wp-json\/wp\/v2\/product_cat?post=2466"},{"taxonomy":"product_tag","embeddable":true,"href":"https:\/\/casaisla.com.do\/index.php\/wp-json\/wp\/v2\/product_tag?post=2466"}],"curies":[{"name":"wp","href":"https:\/\/api.w.org\/{rel}","templated":true}]}}