{"id":2523,"date":"2025-09-16T00:23:52","date_gmt":"2025-09-16T00:23:52","guid":{"rendered":"https:\/\/casaisla.com.do\/?post_type=product&#038;p=2523"},"modified":"2025-09-16T00:23:52","modified_gmt":"2025-09-16T00:23:52","slug":"reloj-de-pared-moderno","status":"publish","type":"product","link":"https:\/\/casaisla.com.do\/index.php\/product\/reloj-de-pared-moderno\/","title":{"rendered":"Reloj de pared moderno"},"content":{"rendered":"<p>Precio al detalle: RD$ 735.00<\/p>\n<p>Precio al por mayor: RD$ 695.00<\/p>\n<p data-start=\"176\" data-end=\"517\">Ideal para darle un toque elegante y contempor\u00e1neo a cualquier espacio, este reloj de pared con dise\u00f1o moderno destaca por sus n\u00fameros grandes y marco en tonos negros con detalles met\u00e1licos. Su estilo sofisticado combina funcionalidad con decoraci\u00f3n, siendo perfecto para salas, comedores, oficinas o negocios.<\/p>\n<p data-start=\"519\" data-end=\"558\"><strong data-start=\"519\" data-end=\"543\">Medidas aproximadas:<\/strong><br data-start=\"543\" data-end=\"546\" \/>43 x 43 cm<\/p>\n<p data-start=\"560\" data-end=\"792\"><strong data-start=\"560\" data-end=\"591\">Caracter\u00edsticas destacadas:<\/strong><br data-start=\"591\" data-end=\"594\" \/>\u2714 Dise\u00f1o moderno con n\u00fameros grandes<br data-start=\"630\" data-end=\"633\" \/>\u2714 F\u00e1cil lectura a distancia<br data-start=\"660\" data-end=\"663\" \/>\u2714 Marco resistente y duradero<br data-start=\"692\" data-end=\"695\" \/>\u2714 Aporta un toque elegante y contempor\u00e1neo<br data-start=\"737\" data-end=\"740\" \/>\u2714 Ideal para salas, comedores, oficinas o negocios<\/p>\n<p data-start=\"560\" data-end=\"792\">C\u00f3digo: RELOJ-PARED-1530<\/p>\n","protected":false},"excerpt":{"rendered":"<p>Elegante, resistente y perfecto para cualquier espacio.<\/p>\n","protected":false},"featured_media":2524,"template":"","meta":{"_uag_custom_page_level_css":"","site-sidebar-layout":"default","site-content-layout":"","ast-site-content-layout":"default","site-content-style":"default","site-sidebar-style":"default","ast-global-header-display":"","ast-banner-title-visibility":"","ast-main-header-display":"","ast-hfb-above-header-display":"","ast-hfb-below-header-display":"","ast-hfb-mobile-header-display":"","site-post-title":"","ast-breadcrumbs-content":"","ast-featured-img":"","footer-sml-layout":"","theme-transparent-header-meta":"default","adv-header-id-meta":"","stick-header-meta":"","header-above-stick-meta":"","header-main-stick-meta":"","header-below-stick-meta":"","astra-migrate-meta-layouts":"set","ast-page-background-enabled":"default","ast-page-background-meta":{"desktop":{"background-color":"var(--ast-global-color-4)","background-image":"","background-repeat":"repeat","background-position":"center center","background-size":"auto","background-attachment":"scroll","background-type":"","background-media":"","overlay-type":"","overlay-color":"","overlay-opacity":"","overlay-gradient":""},"tablet":{"background-color":"","background-image":"","background-repeat":"repeat","background-position":"center center","background-size":"auto","background-attachment":"scroll","background-type":"","background-media":"","overlay-type":"","overlay-color":"","overlay-opacity":"","overlay-gradient":""},"mobile":{"background-color":"","background-image":"","background-repeat":"repeat","background-position":"center center","background-size":"auto","background-attachment":"scroll","background-type":"","background-media":"","overlay-type":"","overlay-color":"","overlay-opacity":"","overlay-gradient":""}},"ast-content-background-meta":{"desktop":{"background-color":"var(--ast-global-color-5)","background-image":"","background-repeat":"repeat","background-position":"center center","background-size":"auto","background-attachment":"scroll","background-type":"","background-media":"","overlay-type":"","overlay-color":"","overlay-opacity":"","overlay-gradient":""},"tablet":{"background-color":"var(--ast-global-color-5)","background-image":"","background-repeat":"repeat","background-position":"center center","background-size":"auto","background-attachment":"scroll","background-type":"","background-media":"","overlay-type":"","overlay-color":"","overlay-opacity":"","overlay-gradient":""},"mobile":{"background-color":"var(--ast-global-color-5)","background-image":"","background-repeat":"repeat","background-position":"center center","background-size":"auto","background-attachment":"scroll","background-type":"","background-media":"","overlay-type":"","overlay-color":"","overlay-opacity":"","overlay-gradient":""}}},"product_brand":[],"product_cat":[178],"product_tag":[284],"class_list":{"0":"post-2523","1":"product","2":"type-product","3":"status-publish","4":"has-post-thumbnail","6":"product_cat-decoracion-y-ambiente","7":"product_tag-reloj-de-pared","8":"desktop-align-left","9":"tablet-align-left","10":"mobile-align-left","12":"first","13":"instock","14":"sold-individually","15":"shipping-taxable","16":"purchasable","17":"product-type-simple"},"uagb_featured_image_src":{"full":["https:\/\/casaisla.com.do\/wp-content\/uploads\/2025\/09\/RELOJ-PARED-1530.jpg",1200,1200,false],"thumbnail":["https:\/\/casaisla.com.do\/wp-content\/uploads\/2025\/09\/RELOJ-PARED-1530-150x150.jpg",150,150,true],"medium":["https:\/\/casaisla.com.do\/wp-content\/uploads\/2025\/09\/RELOJ-PARED-1530-300x300.jpg",300,300,true],"medium_large":["https:\/\/casaisla.com.do\/wp-content\/uploads\/2025\/09\/RELOJ-PARED-1530-768x768.jpg",768,768,true],"large":["https:\/\/casaisla.com.do\/wp-content\/uploads\/2025\/09\/RELOJ-PARED-1530-1024x1024.jpg",1024,1024,true],"1536x1536":["https:\/\/casaisla.com.do\/wp-content\/uploads\/2025\/09\/RELOJ-PARED-1530.jpg",1200,1200,false],"2048x2048":["https:\/\/casaisla.com.do\/wp-content\/uploads\/2025\/09\/RELOJ-PARED-1530.jpg",1200,1200,false],"woocommerce_thumbnail":["https:\/\/casaisla.com.do\/wp-content\/uploads\/2025\/09\/RELOJ-PARED-1530-300x300.jpg",300,300,true],"woocommerce_single":["https:\/\/casaisla.com.do\/wp-content\/uploads\/2025\/09\/RELOJ-PARED-1530-600x600.jpg",600,600,true],"woocommerce_gallery_thumbnail":["https:\/\/casaisla.com.do\/wp-content\/uploads\/2025\/09\/RELOJ-PARED-1530-100x100.jpg",100,100,true],"dgwt-wcas-product-suggestion":["https:\/\/casaisla.com.do\/wp-content\/uploads\/2025\/09\/RELOJ-PARED-1530-64x64.jpg",64,64,true]},"uagb_author_info":{"display_name":"casa isla","author_link":"https:\/\/casaisla.com.do\/index.php\/author\/"},"uagb_comment_info":0,"uagb_excerpt":"Elegante, resistente y perfecto para cualquier espacio.","jetpack_sharing_enabled":true,"_links":{"self":[{"href":"https:\/\/casaisla.com.do\/index.php\/wp-json\/wp\/v2\/product\/2523","targetHints":{"allow":["GET"]}}],"collection":[{"href":"https:\/\/casaisla.com.do\/index.php\/wp-json\/wp\/v2\/product"}],"about":[{"href":"https:\/\/casaisla.com.do\/index.php\/wp-json\/wp\/v2\/types\/product"}],"wp:featuredmedia":[{"embeddable":true,"href":"https:\/\/casaisla.com.do\/index.php\/wp-json\/wp\/v2\/media\/2524"}],"wp:attachment":[{"href":"https:\/\/casaisla.com.do\/index.php\/wp-json\/wp\/v2\/media?parent=2523"}],"wp:term":[{"taxonomy":"product_brand","embeddable":true,"href":"https:\/\/casaisla.com.do\/index.php\/wp-json\/wp\/v2\/product_brand?post=2523"},{"taxonomy":"product_cat","embeddable":true,"href":"https:\/\/casaisla.com.do\/index.php\/wp-json\/wp\/v2\/product_cat?post=2523"},{"taxonomy":"product_tag","embeddable":true,"href":"https:\/\/casaisla.com.do\/index.php\/wp-json\/wp\/v2\/product_tag?post=2523"}],"curies":[{"name":"wp","href":"https:\/\/api.w.org\/{rel}","templated":true}]}}