{"id":2525,"date":"2025-09-16T00:31:49","date_gmt":"2025-09-16T00:31:49","guid":{"rendered":"https:\/\/casaisla.com.do\/?post_type=product&#038;p=2525"},"modified":"2025-09-16T00:31:49","modified_gmt":"2025-09-16T00:31:49","slug":"juego-de-sopera-de-porcelana","status":"publish","type":"product","link":"https:\/\/casaisla.com.do\/index.php\/product\/juego-de-sopera-de-porcelana\/","title":{"rendered":"Juego de sopera de porcelana"},"content":{"rendered":"<p>Precio al detalle: RD$ 2,050.00<\/p>\n<p>Precio al por mayor: RD$ 1,950.00<\/p>\n<p>Juego de sopera de porcelana blanca con detalles en borde dorado, incluye olla con tapa y seis piezas entre tazas y sopas, ideal para servir sopas y caldos con elegancia.<\/p>\n<p><strong>Medidas aproximadas:<\/strong><br \/>\nOlla: 20.5 cm de di\u00e1metro<br \/>\nTazas: 10.5 cm de di\u00e1metro<\/p>\n<p><strong>Caracter\u00edsticas destacadas:<\/strong><br \/>\n\u2714 Porcelana de alta calidad con acabado brillante<br \/>\n\u2714 Detalles en borde dorado que aportan elegancia<br \/>\n\u2714 Incluye soporte met\u00e1lico dorado para organizaci\u00f3n y presentaci\u00f3n<br \/>\n\u2714 F\u00e1cil limpieza y apto para uso diario o eventos especiales<br \/>\n\u2714 Dise\u00f1o cl\u00e1sico y sofisticado<\/p>\n<p>C\u00f3digo: OLLA-PORC-620-8P<\/p>\n","protected":false},"excerpt":{"rendered":"<p>Elegancia y funcionalidad para tus momentos especiales.<\/p>\n","protected":false},"featured_media":2526,"template":"","meta":{"_uag_custom_page_level_css":"","site-sidebar-layout":"default","site-content-layout":"","ast-site-content-layout":"default","site-content-style":"default","site-sidebar-style":"default","ast-global-header-display":"","ast-banner-title-visibility":"","ast-main-header-display":"","ast-hfb-above-header-display":"","ast-hfb-below-header-display":"","ast-hfb-mobile-header-display":"","site-post-title":"","ast-breadcrumbs-content":"","ast-featured-img":"","footer-sml-layout":"","theme-transparent-header-meta":"default","adv-header-id-meta":"","stick-header-meta":"","header-above-stick-meta":"","header-main-stick-meta":"","header-below-stick-meta":"","astra-migrate-meta-layouts":"set","ast-page-background-enabled":"default","ast-page-background-meta":{"desktop":{"background-color":"var(--ast-global-color-4)","background-image":"","background-repeat":"repeat","background-position":"center center","background-size":"auto","background-attachment":"scroll","background-type":"","background-media":"","overlay-type":"","overlay-color":"","overlay-opacity":"","overlay-gradient":""},"tablet":{"background-color":"","background-image":"","background-repeat":"repeat","background-position":"center center","background-size":"auto","background-attachment":"scroll","background-type":"","background-media":"","overlay-type":"","overlay-color":"","overlay-opacity":"","overlay-gradient":""},"mobile":{"background-color":"","background-image":"","background-repeat":"repeat","background-position":"center center","background-size":"auto","background-attachment":"scroll","background-type":"","background-media":"","overlay-type":"","overlay-color":"","overlay-opacity":"","overlay-gradient":""}},"ast-content-background-meta":{"desktop":{"background-color":"var(--ast-global-color-5)","background-image":"","background-repeat":"repeat","background-position":"center center","background-size":"auto","background-attachment":"scroll","background-type":"","background-media":"","overlay-type":"","overlay-color":"","overlay-opacity":"","overlay-gradient":""},"tablet":{"background-color":"var(--ast-global-color-5)","background-image":"","background-repeat":"repeat","background-position":"center center","background-size":"auto","background-attachment":"scroll","background-type":"","background-media":"","overlay-type":"","overlay-color":"","overlay-opacity":"","overlay-gradient":""},"mobile":{"background-color":"var(--ast-global-color-5)","background-image":"","background-repeat":"repeat","background-position":"center center","background-size":"auto","background-attachment":"scroll","background-type":"","background-media":"","overlay-type":"","overlay-color":"","overlay-opacity":"","overlay-gradient":""}}},"product_brand":[],"product_cat":[282],"product_tag":[285],"class_list":{"0":"post-2525","1":"product","2":"type-product","3":"status-publish","4":"has-post-thumbnail","6":"product_cat-cristaleria-y-porcelana","7":"product_tag-juego-de-porcelana","8":"desktop-align-left","9":"tablet-align-left","10":"mobile-align-left","12":"first","13":"instock","14":"sold-individually","15":"shipping-taxable","16":"purchasable","17":"product-type-simple"},"uagb_featured_image_src":{"full":["https:\/\/casaisla.com.do\/wp-content\/uploads\/2025\/09\/OLLA-PORC-620-8P.jpg",1500,1497,false],"thumbnail":["https:\/\/casaisla.com.do\/wp-content\/uploads\/2025\/09\/OLLA-PORC-620-8P-150x150.jpg",150,150,true],"medium":["https:\/\/casaisla.com.do\/wp-content\/uploads\/2025\/09\/OLLA-PORC-620-8P-300x300.jpg",300,300,true],"medium_large":["https:\/\/casaisla.com.do\/wp-content\/uploads\/2025\/09\/OLLA-PORC-620-8P-768x766.jpg",768,766,true],"large":["https:\/\/casaisla.com.do\/wp-content\/uploads\/2025\/09\/OLLA-PORC-620-8P-1024x1022.jpg",1024,1022,true],"1536x1536":["https:\/\/casaisla.com.do\/wp-content\/uploads\/2025\/09\/OLLA-PORC-620-8P.jpg",1500,1497,false],"2048x2048":["https:\/\/casaisla.com.do\/wp-content\/uploads\/2025\/09\/OLLA-PORC-620-8P.jpg",1500,1497,false],"woocommerce_thumbnail":["https:\/\/casaisla.com.do\/wp-content\/uploads\/2025\/09\/OLLA-PORC-620-8P-300x300.jpg",300,300,true],"woocommerce_single":["https:\/\/casaisla.com.do\/wp-content\/uploads\/2025\/09\/OLLA-PORC-620-8P-600x599.jpg",600,599,true],"woocommerce_gallery_thumbnail":["https:\/\/casaisla.com.do\/wp-content\/uploads\/2025\/09\/OLLA-PORC-620-8P-100x100.jpg",100,100,true],"dgwt-wcas-product-suggestion":["https:\/\/casaisla.com.do\/wp-content\/uploads\/2025\/09\/OLLA-PORC-620-8P-64x64.jpg",64,64,true]},"uagb_author_info":{"display_name":"casa isla","author_link":"https:\/\/casaisla.com.do\/index.php\/author\/"},"uagb_comment_info":0,"uagb_excerpt":"Elegancia y funcionalidad para tus momentos especiales.","jetpack_sharing_enabled":true,"_links":{"self":[{"href":"https:\/\/casaisla.com.do\/index.php\/wp-json\/wp\/v2\/product\/2525","targetHints":{"allow":["GET"]}}],"collection":[{"href":"https:\/\/casaisla.com.do\/index.php\/wp-json\/wp\/v2\/product"}],"about":[{"href":"https:\/\/casaisla.com.do\/index.php\/wp-json\/wp\/v2\/types\/product"}],"wp:featuredmedia":[{"embeddable":true,"href":"https:\/\/casaisla.com.do\/index.php\/wp-json\/wp\/v2\/media\/2526"}],"wp:attachment":[{"href":"https:\/\/casaisla.com.do\/index.php\/wp-json\/wp\/v2\/media?parent=2525"}],"wp:term":[{"taxonomy":"product_brand","embeddable":true,"href":"https:\/\/casaisla.com.do\/index.php\/wp-json\/wp\/v2\/product_brand?post=2525"},{"taxonomy":"product_cat","embeddable":true,"href":"https:\/\/casaisla.com.do\/index.php\/wp-json\/wp\/v2\/product_cat?post=2525"},{"taxonomy":"product_tag","embeddable":true,"href":"https:\/\/casaisla.com.do\/index.php\/wp-json\/wp\/v2\/product_tag?post=2525"}],"curies":[{"name":"wp","href":"https:\/\/api.w.org\/{rel}","templated":true}]}}