{"id":2577,"date":"2025-09-19T23:16:32","date_gmt":"2025-09-19T23:16:32","guid":{"rendered":"https:\/\/casaisla.com.do\/?post_type=product&#038;p=2577"},"modified":"2025-09-19T23:16:32","modified_gmt":"2025-09-19T23:16:32","slug":"peluche-de-oso-luminoso","status":"publish","type":"product","link":"https:\/\/casaisla.com.do\/index.php\/product\/peluche-de-oso-luminoso\/","title":{"rendered":"Peluche de oso luminoso"},"content":{"rendered":"<p>Precio al detalle: RD$ 375.00<\/p>\n<p>Precio al por mayor: RD$ 355.00<\/p>\n<p data-start=\"320\" data-end=\"593\">Este adorable peluche de oso con luz en el vientre es perfecto para acompa\u00f1ar a los m\u00e1s peque\u00f1os en todo momento. Suave al tacto y disponible en varios colores, combina ternura y diversi\u00f3n, siendo un excelente regalo para ni\u00f1os o un detalle decorativo para la habitaci\u00f3n.<\/p>\n<p data-start=\"595\" data-end=\"630\"><strong data-start=\"595\" data-end=\"607\">Medidas:<\/strong><br data-start=\"607\" data-end=\"610\" \/>18 \u00d7 12 \u00d7 22 cm<\/p>\n<p data-start=\"632\" data-end=\"881\"><strong data-start=\"632\" data-end=\"663\">Caracter\u00edsticas destacadas:<\/strong><br data-start=\"663\" data-end=\"666\" \/>\u2714 Peluche de oso con luz en el abdomen<br data-start=\"704\" data-end=\"707\" \/>\u2714 Material suave y agradable al tacto<br data-start=\"744\" data-end=\"747\" \/>\u2714 Ideal como juguete, compa\u00f1\u00eda para dormir o decoraci\u00f3n<br data-start=\"802\" data-end=\"805\" \/>\u2714 Disponible en varios colores<\/p>\n<p data-start=\"632\" data-end=\"881\">C\u00f3digo: JGTE-CACTU-1794<\/p>\n","protected":false},"excerpt":{"rendered":"<p>suave y tierno, ideal como regalo o compa\u00f1\u00eda.<\/p>\n","protected":false},"featured_media":2579,"template":"","meta":{"_uag_custom_page_level_css":"","site-sidebar-layout":"default","site-content-layout":"","ast-site-content-layout":"default","site-content-style":"default","site-sidebar-style":"default","ast-global-header-display":"","ast-banner-title-visibility":"","ast-main-header-display":"","ast-hfb-above-header-display":"","ast-hfb-below-header-display":"","ast-hfb-mobile-header-display":"","site-post-title":"","ast-breadcrumbs-content":"","ast-featured-img":"","footer-sml-layout":"","theme-transparent-header-meta":"default","adv-header-id-meta":"","stick-header-meta":"","header-above-stick-meta":"","header-main-stick-meta":"","header-below-stick-meta":"","astra-migrate-meta-layouts":"set","ast-page-background-enabled":"default","ast-page-background-meta":{"desktop":{"background-color":"var(--ast-global-color-4)","background-image":"","background-repeat":"repeat","background-position":"center center","background-size":"auto","background-attachment":"scroll","background-type":"","background-media":"","overlay-type":"","overlay-color":"","overlay-opacity":"","overlay-gradient":""},"tablet":{"background-color":"","background-image":"","background-repeat":"repeat","background-position":"center center","background-size":"auto","background-attachment":"scroll","background-type":"","background-media":"","overlay-type":"","overlay-color":"","overlay-opacity":"","overlay-gradient":""},"mobile":{"background-color":"","background-image":"","background-repeat":"repeat","background-position":"center center","background-size":"auto","background-attachment":"scroll","background-type":"","background-media":"","overlay-type":"","overlay-color":"","overlay-opacity":"","overlay-gradient":""}},"ast-content-background-meta":{"desktop":{"background-color":"var(--ast-global-color-5)","background-image":"","background-repeat":"repeat","background-position":"center center","background-size":"auto","background-attachment":"scroll","background-type":"","background-media":"","overlay-type":"","overlay-color":"","overlay-opacity":"","overlay-gradient":""},"tablet":{"background-color":"var(--ast-global-color-5)","background-image":"","background-repeat":"repeat","background-position":"center center","background-size":"auto","background-attachment":"scroll","background-type":"","background-media":"","overlay-type":"","overlay-color":"","overlay-opacity":"","overlay-gradient":""},"mobile":{"background-color":"var(--ast-global-color-5)","background-image":"","background-repeat":"repeat","background-position":"center center","background-size":"auto","background-attachment":"scroll","background-type":"","background-media":"","overlay-type":"","overlay-color":"","overlay-opacity":"","overlay-gradient":""}}},"product_brand":[],"product_cat":[296],"product_tag":[297],"class_list":{"0":"post-2577","1":"product","2":"type-product","3":"status-publish","4":"has-post-thumbnail","6":"product_cat-juguetes-y-entretenimiento","7":"product_tag-oso-luminoso","8":"desktop-align-left","9":"tablet-align-left","10":"mobile-align-left","12":"first","13":"instock","14":"sold-individually","15":"shipping-taxable","16":"purchasable","17":"product-type-simple"},"uagb_featured_image_src":{"full":["https:\/\/casaisla.com.do\/wp-content\/uploads\/2025\/09\/JGTE-CACTU-1794.jpg",1600,1600,false],"thumbnail":["https:\/\/casaisla.com.do\/wp-content\/uploads\/2025\/09\/JGTE-CACTU-1794-150x150.jpg",150,150,true],"medium":["https:\/\/casaisla.com.do\/wp-content\/uploads\/2025\/09\/JGTE-CACTU-1794-300x300.jpg",300,300,true],"medium_large":["https:\/\/casaisla.com.do\/wp-content\/uploads\/2025\/09\/JGTE-CACTU-1794-768x768.jpg",768,768,true],"large":["https:\/\/casaisla.com.do\/wp-content\/uploads\/2025\/09\/JGTE-CACTU-1794-1024x1024.jpg",1024,1024,true],"1536x1536":["https:\/\/casaisla.com.do\/wp-content\/uploads\/2025\/09\/JGTE-CACTU-1794-1536x1536.jpg",1536,1536,true],"2048x2048":["https:\/\/casaisla.com.do\/wp-content\/uploads\/2025\/09\/JGTE-CACTU-1794.jpg",1600,1600,false],"woocommerce_thumbnail":["https:\/\/casaisla.com.do\/wp-content\/uploads\/2025\/09\/JGTE-CACTU-1794-300x300.jpg",300,300,true],"woocommerce_single":["https:\/\/casaisla.com.do\/wp-content\/uploads\/2025\/09\/JGTE-CACTU-1794-600x600.jpg",600,600,true],"woocommerce_gallery_thumbnail":["https:\/\/casaisla.com.do\/wp-content\/uploads\/2025\/09\/JGTE-CACTU-1794-100x100.jpg",100,100,true],"dgwt-wcas-product-suggestion":["https:\/\/casaisla.com.do\/wp-content\/uploads\/2025\/09\/JGTE-CACTU-1794-64x64.jpg",64,64,true]},"uagb_author_info":{"display_name":"casa isla","author_link":"https:\/\/casaisla.com.do\/index.php\/author\/"},"uagb_comment_info":0,"uagb_excerpt":"suave y tierno, ideal como regalo o compa\u00f1\u00eda.","jetpack_sharing_enabled":true,"_links":{"self":[{"href":"https:\/\/casaisla.com.do\/index.php\/wp-json\/wp\/v2\/product\/2577","targetHints":{"allow":["GET"]}}],"collection":[{"href":"https:\/\/casaisla.com.do\/index.php\/wp-json\/wp\/v2\/product"}],"about":[{"href":"https:\/\/casaisla.com.do\/index.php\/wp-json\/wp\/v2\/types\/product"}],"wp:featuredmedia":[{"embeddable":true,"href":"https:\/\/casaisla.com.do\/index.php\/wp-json\/wp\/v2\/media\/2579"}],"wp:attachment":[{"href":"https:\/\/casaisla.com.do\/index.php\/wp-json\/wp\/v2\/media?parent=2577"}],"wp:term":[{"taxonomy":"product_brand","embeddable":true,"href":"https:\/\/casaisla.com.do\/index.php\/wp-json\/wp\/v2\/product_brand?post=2577"},{"taxonomy":"product_cat","embeddable":true,"href":"https:\/\/casaisla.com.do\/index.php\/wp-json\/wp\/v2\/product_cat?post=2577"},{"taxonomy":"product_tag","embeddable":true,"href":"https:\/\/casaisla.com.do\/index.php\/wp-json\/wp\/v2\/product_tag?post=2577"}],"curies":[{"name":"wp","href":"https:\/\/api.w.org\/{rel}","templated":true}]}}