{"id":2593,"date":"2025-09-20T03:42:22","date_gmt":"2025-09-20T03:42:22","guid":{"rendered":"https:\/\/casaisla.com.do\/?post_type=product&#038;p=2593"},"modified":"2025-09-20T03:42:38","modified_gmt":"2025-09-20T03:42:38","slug":"pistola-de-agua-electrica","status":"publish","type":"product","link":"https:\/\/casaisla.com.do\/index.php\/product\/pistola-de-agua-electrica\/","title":{"rendered":"Pistola de agua el\u00e9ctrica"},"content":{"rendered":"<p>Precio al detalle: RD$ 725.00<\/p>\n<p>Precio al por mayor: RD$ 695.00<\/p>\n<p data-start=\"299\" data-end=\"572\">Disfruta horas de diversi\u00f3n con esta pistola el\u00e9ctrica de agua recargable, perfecta para juegos al aire libre, piscinas y playas. Su dise\u00f1o ergon\u00f3mico y moderno permite un agarre c\u00f3modo y su potente chorro asegura entretenimiento sin l\u00edmites.<\/p>\n<p data-start=\"574\" data-end=\"613\"><strong data-start=\"574\" data-end=\"598\">Medidas aproximadas:<\/strong><br data-start=\"598\" data-end=\"601\" \/>43 x 18 cm<\/p>\n<p data-start=\"615\" data-end=\"833\"><strong data-start=\"615\" data-end=\"646\">Caracter\u00edsticas destacadas:<\/strong><br data-start=\"646\" data-end=\"649\" \/>\u2714 Dise\u00f1o ergon\u00f3mico y moderno<br data-start=\"678\" data-end=\"681\" \/>\u2714 Potente chorro de agua<br data-start=\"705\" data-end=\"708\" \/>\u2714 Funciona con bater\u00eda recargable (incluida)<br data-start=\"752\" data-end=\"755\" \/>\u2714 Carga mediante cable USB (incluido)<br data-start=\"792\" data-end=\"795\" \/>\u2714 Ideal para piscina, playa o jard\u00edn<\/p>\n<p data-start=\"615\" data-end=\"833\">C\u00f3digo: PIST-AGUA-1653<\/p>\n","protected":false},"excerpt":{"rendered":"<p>Recargable con potente chorro, ideal para juegos en piscina, playa o jard\u00edn.<\/p>\n","protected":false},"featured_media":2594,"template":"","meta":{"_uag_custom_page_level_css":"","site-sidebar-layout":"default","site-content-layout":"","ast-site-content-layout":"default","site-content-style":"default","site-sidebar-style":"default","ast-global-header-display":"","ast-banner-title-visibility":"","ast-main-header-display":"","ast-hfb-above-header-display":"","ast-hfb-below-header-display":"","ast-hfb-mobile-header-display":"","site-post-title":"","ast-breadcrumbs-content":"","ast-featured-img":"","footer-sml-layout":"","theme-transparent-header-meta":"default","adv-header-id-meta":"","stick-header-meta":"","header-above-stick-meta":"","header-main-stick-meta":"","header-below-stick-meta":"","astra-migrate-meta-layouts":"set","ast-page-background-enabled":"default","ast-page-background-meta":{"desktop":{"background-color":"var(--ast-global-color-4)","background-image":"","background-repeat":"repeat","background-position":"center center","background-size":"auto","background-attachment":"scroll","background-type":"","background-media":"","overlay-type":"","overlay-color":"","overlay-opacity":"","overlay-gradient":""},"tablet":{"background-color":"","background-image":"","background-repeat":"repeat","background-position":"center center","background-size":"auto","background-attachment":"scroll","background-type":"","background-media":"","overlay-type":"","overlay-color":"","overlay-opacity":"","overlay-gradient":""},"mobile":{"background-color":"","background-image":"","background-repeat":"repeat","background-position":"center center","background-size":"auto","background-attachment":"scroll","background-type":"","background-media":"","overlay-type":"","overlay-color":"","overlay-opacity":"","overlay-gradient":""}},"ast-content-background-meta":{"desktop":{"background-color":"var(--ast-global-color-5)","background-image":"","background-repeat":"repeat","background-position":"center center","background-size":"auto","background-attachment":"scroll","background-type":"","background-media":"","overlay-type":"","overlay-color":"","overlay-opacity":"","overlay-gradient":""},"tablet":{"background-color":"var(--ast-global-color-5)","background-image":"","background-repeat":"repeat","background-position":"center center","background-size":"auto","background-attachment":"scroll","background-type":"","background-media":"","overlay-type":"","overlay-color":"","overlay-opacity":"","overlay-gradient":""},"mobile":{"background-color":"var(--ast-global-color-5)","background-image":"","background-repeat":"repeat","background-position":"center center","background-size":"auto","background-attachment":"scroll","background-type":"","background-media":"","overlay-type":"","overlay-color":"","overlay-opacity":"","overlay-gradient":""}}},"product_brand":[],"product_cat":[296],"product_tag":[303],"class_list":{"0":"post-2593","1":"product","2":"type-product","3":"status-publish","4":"has-post-thumbnail","6":"product_cat-juguetes-y-entretenimiento","7":"product_tag-pistola-de-agua","8":"desktop-align-left","9":"tablet-align-left","10":"mobile-align-left","12":"first","13":"instock","14":"sold-individually","15":"shipping-taxable","16":"purchasable","17":"product-type-simple"},"uagb_featured_image_src":{"full":["https:\/\/casaisla.com.do\/wp-content\/uploads\/2025\/09\/PIST-AGUA-1653.jpg",1200,1200,false],"thumbnail":["https:\/\/casaisla.com.do\/wp-content\/uploads\/2025\/09\/PIST-AGUA-1653-150x150.jpg",150,150,true],"medium":["https:\/\/casaisla.com.do\/wp-content\/uploads\/2025\/09\/PIST-AGUA-1653-300x300.jpg",300,300,true],"medium_large":["https:\/\/casaisla.com.do\/wp-content\/uploads\/2025\/09\/PIST-AGUA-1653-768x768.jpg",768,768,true],"large":["https:\/\/casaisla.com.do\/wp-content\/uploads\/2025\/09\/PIST-AGUA-1653-1024x1024.jpg",1024,1024,true],"1536x1536":["https:\/\/casaisla.com.do\/wp-content\/uploads\/2025\/09\/PIST-AGUA-1653.jpg",1200,1200,false],"2048x2048":["https:\/\/casaisla.com.do\/wp-content\/uploads\/2025\/09\/PIST-AGUA-1653.jpg",1200,1200,false],"woocommerce_thumbnail":["https:\/\/casaisla.com.do\/wp-content\/uploads\/2025\/09\/PIST-AGUA-1653-300x300.jpg",300,300,true],"woocommerce_single":["https:\/\/casaisla.com.do\/wp-content\/uploads\/2025\/09\/PIST-AGUA-1653-600x600.jpg",600,600,true],"woocommerce_gallery_thumbnail":["https:\/\/casaisla.com.do\/wp-content\/uploads\/2025\/09\/PIST-AGUA-1653-100x100.jpg",100,100,true],"dgwt-wcas-product-suggestion":["https:\/\/casaisla.com.do\/wp-content\/uploads\/2025\/09\/PIST-AGUA-1653-64x64.jpg",64,64,true]},"uagb_author_info":{"display_name":"casa isla","author_link":"https:\/\/casaisla.com.do\/index.php\/author\/"},"uagb_comment_info":0,"uagb_excerpt":"Recargable con potente chorro, ideal para juegos en piscina, playa o jard\u00edn.","jetpack_sharing_enabled":true,"_links":{"self":[{"href":"https:\/\/casaisla.com.do\/index.php\/wp-json\/wp\/v2\/product\/2593","targetHints":{"allow":["GET"]}}],"collection":[{"href":"https:\/\/casaisla.com.do\/index.php\/wp-json\/wp\/v2\/product"}],"about":[{"href":"https:\/\/casaisla.com.do\/index.php\/wp-json\/wp\/v2\/types\/product"}],"wp:featuredmedia":[{"embeddable":true,"href":"https:\/\/casaisla.com.do\/index.php\/wp-json\/wp\/v2\/media\/2594"}],"wp:attachment":[{"href":"https:\/\/casaisla.com.do\/index.php\/wp-json\/wp\/v2\/media?parent=2593"}],"wp:term":[{"taxonomy":"product_brand","embeddable":true,"href":"https:\/\/casaisla.com.do\/index.php\/wp-json\/wp\/v2\/product_brand?post=2593"},{"taxonomy":"product_cat","embeddable":true,"href":"https:\/\/casaisla.com.do\/index.php\/wp-json\/wp\/v2\/product_cat?post=2593"},{"taxonomy":"product_tag","embeddable":true,"href":"https:\/\/casaisla.com.do\/index.php\/wp-json\/wp\/v2\/product_tag?post=2593"}],"curies":[{"name":"wp","href":"https:\/\/api.w.org\/{rel}","templated":true}]}}