{"id":2799,"date":"2025-09-28T18:40:45","date_gmt":"2025-09-28T18:40:45","guid":{"rendered":"https:\/\/casaisla.com.do\/?post_type=product&#038;p=2799"},"modified":"2025-09-28T18:40:45","modified_gmt":"2025-09-28T18:40:45","slug":"adorno-de-navidad","status":"publish","type":"product","link":"https:\/\/casaisla.com.do\/index.php\/product\/adorno-de-navidad\/","title":{"rendered":"Adorno de navidad"},"content":{"rendered":"<p>Precio al detalle: RD$ 390.00<\/p>\n<p>Precio al por mayor: RD$ 370.00<\/p>\n<p>\u00c1rbol de Navidad al rev\u00e9s decorativo, compacto y elegante, con detalles en tonos dorados y verdes que incluyen pi\u00f1as, hojas y esferas. Ideal para espacios peque\u00f1os o para un toque original en tu decoraci\u00f3n navide\u00f1a.<\/p>\n<p><strong>Medidas aproximadas:<\/strong><br \/>\n45 cm de longitud<\/p>\n<p><strong>Caracter\u00edsticas destacadas:<\/strong><br \/>\n\u2714 Dise\u00f1o \u00fanico y moderno para decorar paredes o puertas<br \/>\n\u2714 Materiales resistentes y detalles realistas<br \/>\n\u2714 F\u00e1cil de colgar gracias a su lazo superior<br \/>\n\u2714 Perfecto para complementar la decoraci\u00f3n navide\u00f1a del hogar<br \/>\n\u2714 A\u00f1ade un toque sofisticado y diferente a tu ambiente<\/p>\n<p>C\u00f3digo:<\/p>\n","protected":false},"excerpt":{"rendered":"<p>Originalidad y elegancia en tu decoraci\u00f3n navide\u00f1a.<\/p>\n","protected":false},"featured_media":2800,"template":"","meta":{"_uag_custom_page_level_css":"","site-sidebar-layout":"default","site-content-layout":"","ast-site-content-layout":"default","site-content-style":"default","site-sidebar-style":"default","ast-global-header-display":"","ast-banner-title-visibility":"","ast-main-header-display":"","ast-hfb-above-header-display":"","ast-hfb-below-header-display":"","ast-hfb-mobile-header-display":"","site-post-title":"","ast-breadcrumbs-content":"","ast-featured-img":"","footer-sml-layout":"","theme-transparent-header-meta":"default","adv-header-id-meta":"","stick-header-meta":"","header-above-stick-meta":"","header-main-stick-meta":"","header-below-stick-meta":"","astra-migrate-meta-layouts":"set","ast-page-background-enabled":"default","ast-page-background-meta":{"desktop":{"background-color":"var(--ast-global-color-4)","background-image":"","background-repeat":"repeat","background-position":"center center","background-size":"auto","background-attachment":"scroll","background-type":"","background-media":"","overlay-type":"","overlay-color":"","overlay-opacity":"","overlay-gradient":""},"tablet":{"background-color":"","background-image":"","background-repeat":"repeat","background-position":"center center","background-size":"auto","background-attachment":"scroll","background-type":"","background-media":"","overlay-type":"","overlay-color":"","overlay-opacity":"","overlay-gradient":""},"mobile":{"background-color":"","background-image":"","background-repeat":"repeat","background-position":"center center","background-size":"auto","background-attachment":"scroll","background-type":"","background-media":"","overlay-type":"","overlay-color":"","overlay-opacity":"","overlay-gradient":""}},"ast-content-background-meta":{"desktop":{"background-color":"var(--ast-global-color-5)","background-image":"","background-repeat":"repeat","background-position":"center center","background-size":"auto","background-attachment":"scroll","background-type":"","background-media":"","overlay-type":"","overlay-color":"","overlay-opacity":"","overlay-gradient":""},"tablet":{"background-color":"var(--ast-global-color-5)","background-image":"","background-repeat":"repeat","background-position":"center center","background-size":"auto","background-attachment":"scroll","background-type":"","background-media":"","overlay-type":"","overlay-color":"","overlay-opacity":"","overlay-gradient":""},"mobile":{"background-color":"var(--ast-global-color-5)","background-image":"","background-repeat":"repeat","background-position":"center center","background-size":"auto","background-attachment":"scroll","background-type":"","background-media":"","overlay-type":"","overlay-color":"","overlay-opacity":"","overlay-gradient":""}}},"product_brand":[],"product_cat":[307],"product_tag":[316],"class_list":{"0":"post-2799","1":"product","2":"type-product","3":"status-publish","4":"has-post-thumbnail","6":"product_cat-decoracion-navidena","7":"product_tag-adorno-de-navidad","8":"desktop-align-left","9":"tablet-align-left","10":"mobile-align-left","12":"first","13":"instock","14":"sold-individually","15":"shipping-taxable","16":"purchasable","17":"product-type-simple"},"uagb_featured_image_src":{"full":["https:\/\/casaisla.com.do\/wp-content\/uploads\/2025\/09\/NAVI-ARBOL-2249.jpg",1280,1280,false],"thumbnail":["https:\/\/casaisla.com.do\/wp-content\/uploads\/2025\/09\/NAVI-ARBOL-2249-150x150.jpg",150,150,true],"medium":["https:\/\/casaisla.com.do\/wp-content\/uploads\/2025\/09\/NAVI-ARBOL-2249-300x300.jpg",300,300,true],"medium_large":["https:\/\/casaisla.com.do\/wp-content\/uploads\/2025\/09\/NAVI-ARBOL-2249-768x768.jpg",768,768,true],"large":["https:\/\/casaisla.com.do\/wp-content\/uploads\/2025\/09\/NAVI-ARBOL-2249-1024x1024.jpg",1024,1024,true],"1536x1536":["https:\/\/casaisla.com.do\/wp-content\/uploads\/2025\/09\/NAVI-ARBOL-2249.jpg",1280,1280,false],"2048x2048":["https:\/\/casaisla.com.do\/wp-content\/uploads\/2025\/09\/NAVI-ARBOL-2249.jpg",1280,1280,false],"woocommerce_thumbnail":["https:\/\/casaisla.com.do\/wp-content\/uploads\/2025\/09\/NAVI-ARBOL-2249-300x300.jpg",300,300,true],"woocommerce_single":["https:\/\/casaisla.com.do\/wp-content\/uploads\/2025\/09\/NAVI-ARBOL-2249-600x600.jpg",600,600,true],"woocommerce_gallery_thumbnail":["https:\/\/casaisla.com.do\/wp-content\/uploads\/2025\/09\/NAVI-ARBOL-2249-100x100.jpg",100,100,true],"dgwt-wcas-product-suggestion":["https:\/\/casaisla.com.do\/wp-content\/uploads\/2025\/09\/NAVI-ARBOL-2249-64x64.jpg",64,64,true]},"uagb_author_info":{"display_name":"casa isla","author_link":"https:\/\/casaisla.com.do\/index.php\/author\/"},"uagb_comment_info":0,"uagb_excerpt":"Originalidad y elegancia en tu decoraci\u00f3n navide\u00f1a.","jetpack_sharing_enabled":true,"_links":{"self":[{"href":"https:\/\/casaisla.com.do\/index.php\/wp-json\/wp\/v2\/product\/2799","targetHints":{"allow":["GET"]}}],"collection":[{"href":"https:\/\/casaisla.com.do\/index.php\/wp-json\/wp\/v2\/product"}],"about":[{"href":"https:\/\/casaisla.com.do\/index.php\/wp-json\/wp\/v2\/types\/product"}],"wp:featuredmedia":[{"embeddable":true,"href":"https:\/\/casaisla.com.do\/index.php\/wp-json\/wp\/v2\/media\/2800"}],"wp:attachment":[{"href":"https:\/\/casaisla.com.do\/index.php\/wp-json\/wp\/v2\/media?parent=2799"}],"wp:term":[{"taxonomy":"product_brand","embeddable":true,"href":"https:\/\/casaisla.com.do\/index.php\/wp-json\/wp\/v2\/product_brand?post=2799"},{"taxonomy":"product_cat","embeddable":true,"href":"https:\/\/casaisla.com.do\/index.php\/wp-json\/wp\/v2\/product_cat?post=2799"},{"taxonomy":"product_tag","embeddable":true,"href":"https:\/\/casaisla.com.do\/index.php\/wp-json\/wp\/v2\/product_tag?post=2799"}],"curies":[{"name":"wp","href":"https:\/\/api.w.org\/{rel}","templated":true}]}}