{"id":2845,"date":"2025-09-28T19:10:04","date_gmt":"2025-09-28T19:10:04","guid":{"rendered":"https:\/\/casaisla.com.do\/?post_type=product&#038;p=2845"},"modified":"2025-09-28T19:11:56","modified_gmt":"2025-09-28T19:11:56","slug":"set-de-3-alfombras-multiuso-2","status":"publish","type":"product","link":"https:\/\/casaisla.com.do\/index.php\/product\/set-de-3-alfombras-multiuso-2\/","title":{"rendered":"Set de 3 alfombras multiuso"},"content":{"rendered":"<p>Precio al detalle: RD$ 395.00<\/p>\n<p>Precio al por mayor: RD$ 375.00<\/p>\n<p>Set de 3 alfombras navide\u00f1as de uso m\u00faltiple con dise\u00f1o elegante en tonos rojos, dorados y verdes , decoradas con esferas, estrellas y el mensajes navide\u00f1os . Perfectas para decorar diferentes espacios del hogar durante la temporada festiva.<\/p>\n<p><strong>Medidas aproximadas:<\/strong><\/p>\n<p>2 alfombras: 40 cm x 60 cm cada una<\/p>\n<p>1 alfombra larga: 40 cm x 120 cm<\/p>\n<p><strong>Caracter\u00edsticas destacadas:<\/strong><br \/>\n\u2714 Material resistente y f\u00e1cil de limpiar<br \/>\n\u2714 Dise\u00f1o festivo y sofisticado para diversas \u00e1reas de la casa<br \/>\n\u2714 Antideslizantes para mayor seguridad<br \/>\n\u2714 Ideal para cocina, sala o pasillos<\/p>\n<p>C\u00f3digo: NAVI-ALFM-2184-3P<\/p>\n","protected":false},"excerpt":{"rendered":"<p>Versatilidad y estilo para tu decoraci\u00f3n navide\u00f1a.<\/p>\n","protected":false},"featured_media":2846,"template":"","meta":{"_uag_custom_page_level_css":"","site-sidebar-layout":"default","site-content-layout":"","ast-site-content-layout":"default","site-content-style":"default","site-sidebar-style":"default","ast-global-header-display":"","ast-banner-title-visibility":"","ast-main-header-display":"","ast-hfb-above-header-display":"","ast-hfb-below-header-display":"","ast-hfb-mobile-header-display":"","site-post-title":"","ast-breadcrumbs-content":"","ast-featured-img":"","footer-sml-layout":"","theme-transparent-header-meta":"default","adv-header-id-meta":"","stick-header-meta":"","header-above-stick-meta":"","header-main-stick-meta":"","header-below-stick-meta":"","astra-migrate-meta-layouts":"set","ast-page-background-enabled":"default","ast-page-background-meta":{"desktop":{"background-color":"var(--ast-global-color-4)","background-image":"","background-repeat":"repeat","background-position":"center center","background-size":"auto","background-attachment":"scroll","background-type":"","background-media":"","overlay-type":"","overlay-color":"","overlay-opacity":"","overlay-gradient":""},"tablet":{"background-color":"","background-image":"","background-repeat":"repeat","background-position":"center center","background-size":"auto","background-attachment":"scroll","background-type":"","background-media":"","overlay-type":"","overlay-color":"","overlay-opacity":"","overlay-gradient":""},"mobile":{"background-color":"","background-image":"","background-repeat":"repeat","background-position":"center center","background-size":"auto","background-attachment":"scroll","background-type":"","background-media":"","overlay-type":"","overlay-color":"","overlay-opacity":"","overlay-gradient":""}},"ast-content-background-meta":{"desktop":{"background-color":"var(--ast-global-color-5)","background-image":"","background-repeat":"repeat","background-position":"center center","background-size":"auto","background-attachment":"scroll","background-type":"","background-media":"","overlay-type":"","overlay-color":"","overlay-opacity":"","overlay-gradient":""},"tablet":{"background-color":"var(--ast-global-color-5)","background-image":"","background-repeat":"repeat","background-position":"center center","background-size":"auto","background-attachment":"scroll","background-type":"","background-media":"","overlay-type":"","overlay-color":"","overlay-opacity":"","overlay-gradient":""},"mobile":{"background-color":"var(--ast-global-color-5)","background-image":"","background-repeat":"repeat","background-position":"center center","background-size":"auto","background-attachment":"scroll","background-type":"","background-media":"","overlay-type":"","overlay-color":"","overlay-opacity":"","overlay-gradient":""}}},"product_brand":[],"product_cat":[307],"product_tag":[319,149],"class_list":{"0":"post-2845","1":"product","2":"type-product","3":"status-publish","4":"has-post-thumbnail","6":"product_cat-decoracion-navidena","7":"product_tag-alfombra-de-cocina","8":"product_tag-set-de-alfombras","9":"desktop-align-left","10":"tablet-align-left","11":"mobile-align-left","13":"first","14":"instock","15":"sold-individually","16":"shipping-taxable","17":"purchasable","18":"product-type-simple"},"uagb_featured_image_src":{"full":["https:\/\/casaisla.com.do\/wp-content\/uploads\/2025\/09\/NAVI-ALFM-2184-3P-6.jpg",1199,1256,false],"thumbnail":["https:\/\/casaisla.com.do\/wp-content\/uploads\/2025\/09\/NAVI-ALFM-2184-3P-6-150x150.jpg",150,150,true],"medium":["https:\/\/casaisla.com.do\/wp-content\/uploads\/2025\/09\/NAVI-ALFM-2184-3P-6-286x300.jpg",286,300,true],"medium_large":["https:\/\/casaisla.com.do\/wp-content\/uploads\/2025\/09\/NAVI-ALFM-2184-3P-6-768x805.jpg",768,805,true],"large":["https:\/\/casaisla.com.do\/wp-content\/uploads\/2025\/09\/NAVI-ALFM-2184-3P-6-978x1024.jpg",978,1024,true],"1536x1536":["https:\/\/casaisla.com.do\/wp-content\/uploads\/2025\/09\/NAVI-ALFM-2184-3P-6.jpg",1199,1256,false],"2048x2048":["https:\/\/casaisla.com.do\/wp-content\/uploads\/2025\/09\/NAVI-ALFM-2184-3P-6.jpg",1199,1256,false],"woocommerce_thumbnail":["https:\/\/casaisla.com.do\/wp-content\/uploads\/2025\/09\/NAVI-ALFM-2184-3P-6-300x300.jpg",300,300,true],"woocommerce_single":["https:\/\/casaisla.com.do\/wp-content\/uploads\/2025\/09\/NAVI-ALFM-2184-3P-6-600x629.jpg",600,629,true],"woocommerce_gallery_thumbnail":["https:\/\/casaisla.com.do\/wp-content\/uploads\/2025\/09\/NAVI-ALFM-2184-3P-6-100x100.jpg",100,100,true],"dgwt-wcas-product-suggestion":["https:\/\/casaisla.com.do\/wp-content\/uploads\/2025\/09\/NAVI-ALFM-2184-3P-6-64x67.jpg",64,67,true]},"uagb_author_info":{"display_name":"casa isla","author_link":"https:\/\/casaisla.com.do\/index.php\/author\/"},"uagb_comment_info":0,"uagb_excerpt":"Versatilidad y estilo para tu decoraci\u00f3n navide\u00f1a.","jetpack_sharing_enabled":true,"_links":{"self":[{"href":"https:\/\/casaisla.com.do\/index.php\/wp-json\/wp\/v2\/product\/2845","targetHints":{"allow":["GET"]}}],"collection":[{"href":"https:\/\/casaisla.com.do\/index.php\/wp-json\/wp\/v2\/product"}],"about":[{"href":"https:\/\/casaisla.com.do\/index.php\/wp-json\/wp\/v2\/types\/product"}],"wp:featuredmedia":[{"embeddable":true,"href":"https:\/\/casaisla.com.do\/index.php\/wp-json\/wp\/v2\/media\/2846"}],"wp:attachment":[{"href":"https:\/\/casaisla.com.do\/index.php\/wp-json\/wp\/v2\/media?parent=2845"}],"wp:term":[{"taxonomy":"product_brand","embeddable":true,"href":"https:\/\/casaisla.com.do\/index.php\/wp-json\/wp\/v2\/product_brand?post=2845"},{"taxonomy":"product_cat","embeddable":true,"href":"https:\/\/casaisla.com.do\/index.php\/wp-json\/wp\/v2\/product_cat?post=2845"},{"taxonomy":"product_tag","embeddable":true,"href":"https:\/\/casaisla.com.do\/index.php\/wp-json\/wp\/v2\/product_tag?post=2845"}],"curies":[{"name":"wp","href":"https:\/\/api.w.org\/{rel}","templated":true}]}}