{"id":2862,"date":"2025-09-30T01:23:53","date_gmt":"2025-09-30T01:23:53","guid":{"rendered":"https:\/\/casaisla.com.do\/?post_type=product&#038;p=2862"},"modified":"2025-09-30T01:23:53","modified_gmt":"2025-09-30T01:23:53","slug":"almohada-cuellera-en-forma-u-con-capucha","status":"publish","type":"product","link":"https:\/\/casaisla.com.do\/index.php\/product\/almohada-cuellera-en-forma-u-con-capucha\/","title":{"rendered":"Almohada cuellera en forma U con capucha"},"content":{"rendered":"<p>Precio al detalle: RD$ 325.00<\/p>\n<p>Precio al por mayor: RD$ 300.00<\/p>\n<p data-start=\"161\" data-end=\"529\">Disfruta de mayor comodidad y descanso en tus viajes o en casa con esta suave almohada cuellera en forma de U. Su dise\u00f1o con capucha y detalles divertidos de animalitos proporciona soporte ergon\u00f3mico al cuello y al mismo tiempo un estilo tierno y acogedor. Perfecta para usar en avi\u00f3n, auto, oficina o simplemente para relajarte en casa.<\/p>\n<p data-start=\"531\" data-end=\"570\"><strong>Medidas aproximadas:<\/strong><br data-start=\"555\" data-end=\"558\" \/>30 \u00d7 29 cm<\/p>\n<p data-start=\"572\" data-end=\"837\"><strong data-start=\"572\" data-end=\"603\">Caracter\u00edsticas destacadas:<\/strong><br data-start=\"603\" data-end=\"606\" \/>\u2714 Dise\u00f1o ergon\u00f3mico en forma de U para soporte cervical<br data-start=\"661\" data-end=\"664\" \/>\u2714 Capucha integrada con detalles de animalitos<br data-start=\"710\" data-end=\"713\" \/>\u2714 Material suave y c\u00f3modo al tacto<br data-start=\"747\" data-end=\"750\" \/>\u2714 Ideal para viajes, oficina o descanso en el hogar<\/p>\n<p>C\u00f3digo: ALMO-U-1175<\/p>\n","protected":false},"excerpt":{"rendered":"<p>Dise\u00f1o de animalitos, ideal para viajes y descanso.<\/p>\n","protected":false},"featured_media":2863,"template":"","meta":{"_uag_custom_page_level_css":"","site-sidebar-layout":"default","site-content-layout":"","ast-site-content-layout":"default","site-content-style":"default","site-sidebar-style":"default","ast-global-header-display":"","ast-banner-title-visibility":"","ast-main-header-display":"","ast-hfb-above-header-display":"","ast-hfb-below-header-display":"","ast-hfb-mobile-header-display":"","site-post-title":"","ast-breadcrumbs-content":"","ast-featured-img":"","footer-sml-layout":"","theme-transparent-header-meta":"default","adv-header-id-meta":"","stick-header-meta":"","header-above-stick-meta":"","header-main-stick-meta":"","header-below-stick-meta":"","astra-migrate-meta-layouts":"set","ast-page-background-enabled":"default","ast-page-background-meta":{"desktop":{"background-color":"var(--ast-global-color-4)","background-image":"","background-repeat":"repeat","background-position":"center center","background-size":"auto","background-attachment":"scroll","background-type":"","background-media":"","overlay-type":"","overlay-color":"","overlay-opacity":"","overlay-gradient":""},"tablet":{"background-color":"","background-image":"","background-repeat":"repeat","background-position":"center center","background-size":"auto","background-attachment":"scroll","background-type":"","background-media":"","overlay-type":"","overlay-color":"","overlay-opacity":"","overlay-gradient":""},"mobile":{"background-color":"","background-image":"","background-repeat":"repeat","background-position":"center center","background-size":"auto","background-attachment":"scroll","background-type":"","background-media":"","overlay-type":"","overlay-color":"","overlay-opacity":"","overlay-gradient":""}},"ast-content-background-meta":{"desktop":{"background-color":"var(--ast-global-color-5)","background-image":"","background-repeat":"repeat","background-position":"center center","background-size":"auto","background-attachment":"scroll","background-type":"","background-media":"","overlay-type":"","overlay-color":"","overlay-opacity":"","overlay-gradient":""},"tablet":{"background-color":"var(--ast-global-color-5)","background-image":"","background-repeat":"repeat","background-position":"center center","background-size":"auto","background-attachment":"scroll","background-type":"","background-media":"","overlay-type":"","overlay-color":"","overlay-opacity":"","overlay-gradient":""},"mobile":{"background-color":"var(--ast-global-color-5)","background-image":"","background-repeat":"repeat","background-position":"center center","background-size":"auto","background-attachment":"scroll","background-type":"","background-media":"","overlay-type":"","overlay-color":"","overlay-opacity":"","overlay-gradient":""}}},"product_brand":[],"product_cat":[32],"product_tag":[320],"class_list":{"0":"post-2862","1":"product","2":"type-product","3":"status-publish","4":"has-post-thumbnail","6":"product_cat-mantas","7":"product_tag-almohada-cuellera","8":"desktop-align-left","9":"tablet-align-left","10":"mobile-align-left","12":"first","13":"instock","14":"sold-individually","15":"shipping-taxable","16":"purchasable","17":"product-type-simple"},"uagb_featured_image_src":{"full":["https:\/\/casaisla.com.do\/wp-content\/uploads\/2025\/09\/ALMO-U-1175-1.jpg",1280,1280,false],"thumbnail":["https:\/\/casaisla.com.do\/wp-content\/uploads\/2025\/09\/ALMO-U-1175-1-150x150.jpg",150,150,true],"medium":["https:\/\/casaisla.com.do\/wp-content\/uploads\/2025\/09\/ALMO-U-1175-1-300x300.jpg",300,300,true],"medium_large":["https:\/\/casaisla.com.do\/wp-content\/uploads\/2025\/09\/ALMO-U-1175-1-768x768.jpg",768,768,true],"large":["https:\/\/casaisla.com.do\/wp-content\/uploads\/2025\/09\/ALMO-U-1175-1-1024x1024.jpg",1024,1024,true],"1536x1536":["https:\/\/casaisla.com.do\/wp-content\/uploads\/2025\/09\/ALMO-U-1175-1.jpg",1280,1280,false],"2048x2048":["https:\/\/casaisla.com.do\/wp-content\/uploads\/2025\/09\/ALMO-U-1175-1.jpg",1280,1280,false],"woocommerce_thumbnail":["https:\/\/casaisla.com.do\/wp-content\/uploads\/2025\/09\/ALMO-U-1175-1-300x300.jpg",300,300,true],"woocommerce_single":["https:\/\/casaisla.com.do\/wp-content\/uploads\/2025\/09\/ALMO-U-1175-1-600x600.jpg",600,600,true],"woocommerce_gallery_thumbnail":["https:\/\/casaisla.com.do\/wp-content\/uploads\/2025\/09\/ALMO-U-1175-1-100x100.jpg",100,100,true],"dgwt-wcas-product-suggestion":["https:\/\/casaisla.com.do\/wp-content\/uploads\/2025\/09\/ALMO-U-1175-1-64x64.jpg",64,64,true]},"uagb_author_info":{"display_name":"casa isla","author_link":"https:\/\/casaisla.com.do\/index.php\/author\/"},"uagb_comment_info":0,"uagb_excerpt":"Dise\u00f1o de animalitos, ideal para viajes y descanso.","jetpack_sharing_enabled":true,"_links":{"self":[{"href":"https:\/\/casaisla.com.do\/index.php\/wp-json\/wp\/v2\/product\/2862","targetHints":{"allow":["GET"]}}],"collection":[{"href":"https:\/\/casaisla.com.do\/index.php\/wp-json\/wp\/v2\/product"}],"about":[{"href":"https:\/\/casaisla.com.do\/index.php\/wp-json\/wp\/v2\/types\/product"}],"wp:featuredmedia":[{"embeddable":true,"href":"https:\/\/casaisla.com.do\/index.php\/wp-json\/wp\/v2\/media\/2863"}],"wp:attachment":[{"href":"https:\/\/casaisla.com.do\/index.php\/wp-json\/wp\/v2\/media?parent=2862"}],"wp:term":[{"taxonomy":"product_brand","embeddable":true,"href":"https:\/\/casaisla.com.do\/index.php\/wp-json\/wp\/v2\/product_brand?post=2862"},{"taxonomy":"product_cat","embeddable":true,"href":"https:\/\/casaisla.com.do\/index.php\/wp-json\/wp\/v2\/product_cat?post=2862"},{"taxonomy":"product_tag","embeddable":true,"href":"https:\/\/casaisla.com.do\/index.php\/wp-json\/wp\/v2\/product_tag?post=2862"}],"curies":[{"name":"wp","href":"https:\/\/api.w.org\/{rel}","templated":true}]}}