{"id":2891,"date":"2025-09-30T02:29:11","date_gmt":"2025-09-30T02:29:11","guid":{"rendered":"https:\/\/casaisla.com.do\/?post_type=product&#038;p=2891"},"modified":"2025-09-30T02:29:11","modified_gmt":"2025-09-30T02:29:11","slug":"almohada-viscoelastica-bamboo-2","status":"publish","type":"product","link":"https:\/\/casaisla.com.do\/index.php\/product\/almohada-viscoelastica-bamboo-2\/","title":{"rendered":"Almohada viscoel\u00e1stica bamboo"},"content":{"rendered":"<p>Precio al detalle: RD$ 750.00<\/p>\n<p>Precio al por mayor: RD$ 695.00<\/p>\n<p>Almohada viscoel\u00e1stica con funda de fibra de bamb\u00fa, dise\u00f1ada para ofrecer soporte \u00f3ptimo y confort durante el descanso. Su material viscoel\u00e1stico se adapta a la forma del cuerpo, ayudando a aliviar puntos de presi\u00f3n y mejorar la calidad del sue\u00f1o.<\/p>\n<p><strong>Medidas:<\/strong><br \/>\n60 cm x 40 cm x 13 cm<\/p>\n<p><strong>Caracter\u00edsticas destacadas:<\/strong><br \/>\n\u2714 Funda de fibra de bamb\u00fa suave y transpirable<br \/>\n\u2714 N\u00facleo viscoel\u00e1stico que se adapta al contorno del cuerpo<br \/>\n\u2714 Ayuda a reducir tensiones y mejora la postura al dormir<br \/>\n\u2714 Antial\u00e9rgica y f\u00e1cil de limpiar<br \/>\n\u2714 Ideal para personas que buscan un descanso reparador y saludable<\/p>\n<p>C\u00f3digo: ALMO-182<\/p>\n","protected":false},"excerpt":{"rendered":"<p>Confort y soporte natural para un sue\u00f1o reparador.<\/p>\n","protected":false},"featured_media":2892,"template":"","meta":{"_uag_custom_page_level_css":"","site-sidebar-layout":"default","site-content-layout":"","ast-site-content-layout":"default","site-content-style":"default","site-sidebar-style":"default","ast-global-header-display":"","ast-banner-title-visibility":"","ast-main-header-display":"","ast-hfb-above-header-display":"","ast-hfb-below-header-display":"","ast-hfb-mobile-header-display":"","site-post-title":"","ast-breadcrumbs-content":"","ast-featured-img":"","footer-sml-layout":"","theme-transparent-header-meta":"default","adv-header-id-meta":"","stick-header-meta":"","header-above-stick-meta":"","header-main-stick-meta":"","header-below-stick-meta":"","astra-migrate-meta-layouts":"set","ast-page-background-enabled":"default","ast-page-background-meta":{"desktop":{"background-color":"var(--ast-global-color-4)","background-image":"","background-repeat":"repeat","background-position":"center center","background-size":"auto","background-attachment":"scroll","background-type":"","background-media":"","overlay-type":"","overlay-color":"","overlay-opacity":"","overlay-gradient":""},"tablet":{"background-color":"","background-image":"","background-repeat":"repeat","background-position":"center center","background-size":"auto","background-attachment":"scroll","background-type":"","background-media":"","overlay-type":"","overlay-color":"","overlay-opacity":"","overlay-gradient":""},"mobile":{"background-color":"","background-image":"","background-repeat":"repeat","background-position":"center center","background-size":"auto","background-attachment":"scroll","background-type":"","background-media":"","overlay-type":"","overlay-color":"","overlay-opacity":"","overlay-gradient":""}},"ast-content-background-meta":{"desktop":{"background-color":"var(--ast-global-color-5)","background-image":"","background-repeat":"repeat","background-position":"center center","background-size":"auto","background-attachment":"scroll","background-type":"","background-media":"","overlay-type":"","overlay-color":"","overlay-opacity":"","overlay-gradient":""},"tablet":{"background-color":"var(--ast-global-color-5)","background-image":"","background-repeat":"repeat","background-position":"center center","background-size":"auto","background-attachment":"scroll","background-type":"","background-media":"","overlay-type":"","overlay-color":"","overlay-opacity":"","overlay-gradient":""},"mobile":{"background-color":"var(--ast-global-color-5)","background-image":"","background-repeat":"repeat","background-position":"center center","background-size":"auto","background-attachment":"scroll","background-type":"","background-media":"","overlay-type":"","overlay-color":"","overlay-opacity":"","overlay-gradient":""}}},"product_brand":[],"product_cat":[32],"product_tag":[321],"class_list":{"0":"post-2891","1":"product","2":"type-product","3":"status-publish","4":"has-post-thumbnail","6":"product_cat-mantas","7":"product_tag-almohada","8":"desktop-align-left","9":"tablet-align-left","10":"mobile-align-left","12":"first","13":"instock","14":"sold-individually","15":"shipping-taxable","16":"purchasable","17":"product-type-simple"},"uagb_featured_image_src":{"full":["https:\/\/casaisla.com.do\/wp-content\/uploads\/2025\/09\/ALMO-182.jpg",1600,1514,false],"thumbnail":["https:\/\/casaisla.com.do\/wp-content\/uploads\/2025\/09\/ALMO-182-150x150.jpg",150,150,true],"medium":["https:\/\/casaisla.com.do\/wp-content\/uploads\/2025\/09\/ALMO-182-300x284.jpg",300,284,true],"medium_large":["https:\/\/casaisla.com.do\/wp-content\/uploads\/2025\/09\/ALMO-182-768x727.jpg",768,727,true],"large":["https:\/\/casaisla.com.do\/wp-content\/uploads\/2025\/09\/ALMO-182-1024x969.jpg",1024,969,true],"1536x1536":["https:\/\/casaisla.com.do\/wp-content\/uploads\/2025\/09\/ALMO-182-1536x1453.jpg",1536,1453,true],"2048x2048":["https:\/\/casaisla.com.do\/wp-content\/uploads\/2025\/09\/ALMO-182.jpg",1600,1514,false],"woocommerce_thumbnail":["https:\/\/casaisla.com.do\/wp-content\/uploads\/2025\/09\/ALMO-182-300x300.jpg",300,300,true],"woocommerce_single":["https:\/\/casaisla.com.do\/wp-content\/uploads\/2025\/09\/ALMO-182-600x568.jpg",600,568,true],"woocommerce_gallery_thumbnail":["https:\/\/casaisla.com.do\/wp-content\/uploads\/2025\/09\/ALMO-182-100x100.jpg",100,100,true],"dgwt-wcas-product-suggestion":["https:\/\/casaisla.com.do\/wp-content\/uploads\/2025\/09\/ALMO-182-64x61.jpg",64,61,true]},"uagb_author_info":{"display_name":"casa isla","author_link":"https:\/\/casaisla.com.do\/index.php\/author\/"},"uagb_comment_info":0,"uagb_excerpt":"Confort y soporte natural para un sue\u00f1o reparador.","jetpack_sharing_enabled":true,"_links":{"self":[{"href":"https:\/\/casaisla.com.do\/index.php\/wp-json\/wp\/v2\/product\/2891","targetHints":{"allow":["GET"]}}],"collection":[{"href":"https:\/\/casaisla.com.do\/index.php\/wp-json\/wp\/v2\/product"}],"about":[{"href":"https:\/\/casaisla.com.do\/index.php\/wp-json\/wp\/v2\/types\/product"}],"wp:featuredmedia":[{"embeddable":true,"href":"https:\/\/casaisla.com.do\/index.php\/wp-json\/wp\/v2\/media\/2892"}],"wp:attachment":[{"href":"https:\/\/casaisla.com.do\/index.php\/wp-json\/wp\/v2\/media?parent=2891"}],"wp:term":[{"taxonomy":"product_brand","embeddable":true,"href":"https:\/\/casaisla.com.do\/index.php\/wp-json\/wp\/v2\/product_brand?post=2891"},{"taxonomy":"product_cat","embeddable":true,"href":"https:\/\/casaisla.com.do\/index.php\/wp-json\/wp\/v2\/product_cat?post=2891"},{"taxonomy":"product_tag","embeddable":true,"href":"https:\/\/casaisla.com.do\/index.php\/wp-json\/wp\/v2\/product_tag?post=2891"}],"curies":[{"name":"wp","href":"https:\/\/api.w.org\/{rel}","templated":true}]}}