{"id":2939,"date":"2025-10-05T02:03:43","date_gmt":"2025-10-05T02:03:43","guid":{"rendered":"https:\/\/casaisla.com.do\/?post_type=product&#038;p=2939"},"modified":"2025-10-05T02:06:26","modified_gmt":"2025-10-05T02:06:26","slug":"palo-metalico-doble-ajustable","status":"publish","type":"product","link":"https:\/\/casaisla.com.do\/index.php\/product\/palo-metalico-doble-ajustable\/","title":{"rendered":"Palo met\u00e1lico doble ajustable"},"content":{"rendered":"<p>Precio al detalle: RD$ 1,200.00<\/p>\n<p>Precio al por mayor: RD$ 1,140.00<\/p>\n<p data-start=\"257\" data-end=\"794\">Este juego de barras met\u00e1licas dobles es la opci\u00f3n ideal para quienes buscan funcionalidad y elegancia al instalar sus cortinas. Incluye 18 piezas modulares que permiten ajustar la longitud desde 80 cm hasta un m\u00e1ximo de 360 cm en los 2 palos. Su dise\u00f1o doble ofrece la posibilidad de colocar cortinas ligeras y pesadas al mismo tiempo, logrando mayor versatilidad en decoraci\u00f3n. Los soportes met\u00e1licos reforzados aseguran una instalaci\u00f3n firme y resistente.<\/p>\n<p data-start=\"796\" data-end=\"872\"><strong data-start=\"796\" data-end=\"820\">Medidas aproximadas:<\/strong><br data-start=\"820\" data-end=\"823\" \/>De 80 cm a 360 cm (modular con barras de 40 cm)<\/p>\n<p data-start=\"874\" data-end=\"992\"><strong data-start=\"874\" data-end=\"905\">Caracter\u00edsticas destacadas:<\/strong><br data-start=\"905\" data-end=\"908\" \/>\u2714 Juego doble de barras met\u00e1licas para mayor funcionalidad<br \/>\n\u2714 Uso modular: se adapta a distintas longitudes de 80 a 360 cm<br data-start=\"1134\" data-end=\"1137\" \/>\u2714 Incluye soportes reforzados de f\u00e1cil instalaci\u00f3n<br data-start=\"1187\" data-end=\"1190\" \/>\u2714 Ideal para instalar cortinas dobles (decorativas y blackout)<\/p>\n<p>C\u00f3digo: PALO-1803-2-NG<\/p>\n","protected":false},"excerpt":{"rendered":"<p>Con 18 barras met\u00e1licas de 40 cm que permiten ajustar desde 80 hasta 360 cm x 2.<\/p>\n","protected":false},"featured_media":2940,"template":"","meta":{"_uag_custom_page_level_css":"","site-sidebar-layout":"default","site-content-layout":"","ast-site-content-layout":"default","site-content-style":"default","site-sidebar-style":"default","ast-global-header-display":"","ast-banner-title-visibility":"","ast-main-header-display":"","ast-hfb-above-header-display":"","ast-hfb-below-header-display":"","ast-hfb-mobile-header-display":"","site-post-title":"","ast-breadcrumbs-content":"","ast-featured-img":"","footer-sml-layout":"","theme-transparent-header-meta":"default","adv-header-id-meta":"","stick-header-meta":"","header-above-stick-meta":"","header-main-stick-meta":"","header-below-stick-meta":"","astra-migrate-meta-layouts":"set","ast-page-background-enabled":"default","ast-page-background-meta":{"desktop":{"background-color":"var(--ast-global-color-4)","background-image":"","background-repeat":"repeat","background-position":"center center","background-size":"auto","background-attachment":"scroll","background-type":"","background-media":"","overlay-type":"","overlay-color":"","overlay-opacity":"","overlay-gradient":""},"tablet":{"background-color":"","background-image":"","background-repeat":"repeat","background-position":"center center","background-size":"auto","background-attachment":"scroll","background-type":"","background-media":"","overlay-type":"","overlay-color":"","overlay-opacity":"","overlay-gradient":""},"mobile":{"background-color":"","background-image":"","background-repeat":"repeat","background-position":"center center","background-size":"auto","background-attachment":"scroll","background-type":"","background-media":"","overlay-type":"","overlay-color":"","overlay-opacity":"","overlay-gradient":""}},"ast-content-background-meta":{"desktop":{"background-color":"var(--ast-global-color-5)","background-image":"","background-repeat":"repeat","background-position":"center center","background-size":"auto","background-attachment":"scroll","background-type":"","background-media":"","overlay-type":"","overlay-color":"","overlay-opacity":"","overlay-gradient":""},"tablet":{"background-color":"var(--ast-global-color-5)","background-image":"","background-repeat":"repeat","background-position":"center center","background-size":"auto","background-attachment":"scroll","background-type":"","background-media":"","overlay-type":"","overlay-color":"","overlay-opacity":"","overlay-gradient":""},"mobile":{"background-color":"var(--ast-global-color-5)","background-image":"","background-repeat":"repeat","background-position":"center center","background-size":"auto","background-attachment":"scroll","background-type":"","background-media":"","overlay-type":"","overlay-color":"","overlay-opacity":"","overlay-gradient":""}}},"product_brand":[],"product_cat":[178],"product_tag":[327],"class_list":{"0":"post-2939","1":"product","2":"type-product","3":"status-publish","4":"has-post-thumbnail","6":"product_cat-decoracion-y-ambiente","7":"product_tag-palo-de-cortina","8":"desktop-align-left","9":"tablet-align-left","10":"mobile-align-left","12":"first","13":"instock","14":"sold-individually","15":"shipping-taxable","16":"purchasable","17":"product-type-simple"},"uagb_featured_image_src":{"full":["https:\/\/casaisla.com.do\/wp-content\/uploads\/2025\/10\/PALO-1803-2-NG.jpg",1200,1200,false],"thumbnail":["https:\/\/casaisla.com.do\/wp-content\/uploads\/2025\/10\/PALO-1803-2-NG-150x150.jpg",150,150,true],"medium":["https:\/\/casaisla.com.do\/wp-content\/uploads\/2025\/10\/PALO-1803-2-NG-300x300.jpg",300,300,true],"medium_large":["https:\/\/casaisla.com.do\/wp-content\/uploads\/2025\/10\/PALO-1803-2-NG-768x768.jpg",768,768,true],"large":["https:\/\/casaisla.com.do\/wp-content\/uploads\/2025\/10\/PALO-1803-2-NG-1024x1024.jpg",1024,1024,true],"1536x1536":["https:\/\/casaisla.com.do\/wp-content\/uploads\/2025\/10\/PALO-1803-2-NG.jpg",1200,1200,false],"2048x2048":["https:\/\/casaisla.com.do\/wp-content\/uploads\/2025\/10\/PALO-1803-2-NG.jpg",1200,1200,false],"woocommerce_thumbnail":["https:\/\/casaisla.com.do\/wp-content\/uploads\/2025\/10\/PALO-1803-2-NG-300x300.jpg",300,300,true],"woocommerce_single":["https:\/\/casaisla.com.do\/wp-content\/uploads\/2025\/10\/PALO-1803-2-NG-600x600.jpg",600,600,true],"woocommerce_gallery_thumbnail":["https:\/\/casaisla.com.do\/wp-content\/uploads\/2025\/10\/PALO-1803-2-NG-100x100.jpg",100,100,true],"dgwt-wcas-product-suggestion":["https:\/\/casaisla.com.do\/wp-content\/uploads\/2025\/10\/PALO-1803-2-NG-64x64.jpg",64,64,true]},"uagb_author_info":{"display_name":"casa isla","author_link":"https:\/\/casaisla.com.do\/index.php\/author\/"},"uagb_comment_info":0,"uagb_excerpt":"Con 18 barras met\u00e1licas de 40 cm que permiten ajustar desde 80 hasta 360 cm x 2.","jetpack_sharing_enabled":true,"_links":{"self":[{"href":"https:\/\/casaisla.com.do\/index.php\/wp-json\/wp\/v2\/product\/2939","targetHints":{"allow":["GET"]}}],"collection":[{"href":"https:\/\/casaisla.com.do\/index.php\/wp-json\/wp\/v2\/product"}],"about":[{"href":"https:\/\/casaisla.com.do\/index.php\/wp-json\/wp\/v2\/types\/product"}],"wp:featuredmedia":[{"embeddable":true,"href":"https:\/\/casaisla.com.do\/index.php\/wp-json\/wp\/v2\/media\/2940"}],"wp:attachment":[{"href":"https:\/\/casaisla.com.do\/index.php\/wp-json\/wp\/v2\/media?parent=2939"}],"wp:term":[{"taxonomy":"product_brand","embeddable":true,"href":"https:\/\/casaisla.com.do\/index.php\/wp-json\/wp\/v2\/product_brand?post=2939"},{"taxonomy":"product_cat","embeddable":true,"href":"https:\/\/casaisla.com.do\/index.php\/wp-json\/wp\/v2\/product_cat?post=2939"},{"taxonomy":"product_tag","embeddable":true,"href":"https:\/\/casaisla.com.do\/index.php\/wp-json\/wp\/v2\/product_tag?post=2939"}],"curies":[{"name":"wp","href":"https:\/\/api.w.org\/{rel}","templated":true}]}}