{"id":2954,"date":"2025-10-07T03:14:32","date_gmt":"2025-10-07T03:14:32","guid":{"rendered":"https:\/\/casaisla.com.do\/?post_type=product&#038;p=2954"},"modified":"2025-10-07T03:14:58","modified_gmt":"2025-10-07T03:14:58","slug":"base-ajustable-con-ruedas","status":"publish","type":"product","link":"https:\/\/casaisla.com.do\/index.php\/product\/base-ajustable-con-ruedas\/","title":{"rendered":"Base ajustable con ruedas"},"content":{"rendered":"<p>Precio al detalle: RD$ 420.00<\/p>\n<p>Precio al por mayor: RD$ 395.00<\/p>\n<p data-start=\"223\" data-end=\"576\">Facilita el movimiento y la estabilidad de tus electrodom\u00e9sticos con esta pr\u00e1ctica base ajustable con ruedas. Su estructura met\u00e1lica extensible se adapta a diferentes tama\u00f1os de equipos, permitiendo trasladarlos f\u00e1cilmente sin esfuerzo ni rayar el suelo. Ideal para lavadoras, refrigeradores, muebles, dispensadores y m\u00e1s.<\/p>\n<p data-start=\"578\" data-end=\"592\"><strong data-start=\"578\" data-end=\"590\">Medidas:<br \/>\n<\/strong>Largo ajustable: 45 cm a 71 cm<br \/>\nAncho: 5 cm<\/p>\n<p data-start=\"645\" data-end=\"915\"><strong data-start=\"645\" data-end=\"665\">Caracter\u00edsticas:<\/strong><br data-start=\"665\" data-end=\"668\" \/>\u2714 Base resistente y duradera<br data-start=\"705\" data-end=\"708\" \/>\u2714 Con ruedas dobles de alta resistencia<br data-start=\"747\" data-end=\"750\" \/>\u2714 Ajustable seg\u00fan el tama\u00f1o del electrodom\u00e9stico<br data-start=\"855\" data-end=\"858\" \/>\u2714 Ideal para lavadoras, neveras, muebles, estufas y m\u00e1s<\/p>\n<p>C\u00f3digo: BASE-RUEDA-1205<\/p>\n","protected":false},"excerpt":{"rendered":"<p>Soporte adaptable para movilizar electrodom\u00e9sticos.<\/p>\n","protected":false},"featured_media":2955,"template":"","meta":{"_uag_custom_page_level_css":"","site-sidebar-layout":"default","site-content-layout":"","ast-site-content-layout":"default","site-content-style":"default","site-sidebar-style":"default","ast-global-header-display":"","ast-banner-title-visibility":"","ast-main-header-display":"","ast-hfb-above-header-display":"","ast-hfb-below-header-display":"","ast-hfb-mobile-header-display":"","site-post-title":"","ast-breadcrumbs-content":"","ast-featured-img":"","footer-sml-layout":"","theme-transparent-header-meta":"default","adv-header-id-meta":"","stick-header-meta":"","header-above-stick-meta":"","header-main-stick-meta":"","header-below-stick-meta":"","astra-migrate-meta-layouts":"set","ast-page-background-enabled":"default","ast-page-background-meta":{"desktop":{"background-color":"var(--ast-global-color-4)","background-image":"","background-repeat":"repeat","background-position":"center center","background-size":"auto","background-attachment":"scroll","background-type":"","background-media":"","overlay-type":"","overlay-color":"","overlay-opacity":"","overlay-gradient":""},"tablet":{"background-color":"","background-image":"","background-repeat":"repeat","background-position":"center center","background-size":"auto","background-attachment":"scroll","background-type":"","background-media":"","overlay-type":"","overlay-color":"","overlay-opacity":"","overlay-gradient":""},"mobile":{"background-color":"","background-image":"","background-repeat":"repeat","background-position":"center center","background-size":"auto","background-attachment":"scroll","background-type":"","background-media":"","overlay-type":"","overlay-color":"","overlay-opacity":"","overlay-gradient":""}},"ast-content-background-meta":{"desktop":{"background-color":"var(--ast-global-color-5)","background-image":"","background-repeat":"repeat","background-position":"center center","background-size":"auto","background-attachment":"scroll","background-type":"","background-media":"","overlay-type":"","overlay-color":"","overlay-opacity":"","overlay-gradient":""},"tablet":{"background-color":"var(--ast-global-color-5)","background-image":"","background-repeat":"repeat","background-position":"center center","background-size":"auto","background-attachment":"scroll","background-type":"","background-media":"","overlay-type":"","overlay-color":"","overlay-opacity":"","overlay-gradient":""},"mobile":{"background-color":"var(--ast-global-color-5)","background-image":"","background-repeat":"repeat","background-position":"center center","background-size":"auto","background-attachment":"scroll","background-type":"","background-media":"","overlay-type":"","overlay-color":"","overlay-opacity":"","overlay-gradient":""}}},"product_brand":[],"product_cat":[201],"product_tag":[331,329],"class_list":{"0":"post-2954","1":"product","2":"type-product","3":"status-publish","4":"has-post-thumbnail","6":"product_cat-utilidad-y-exterior","7":"product_tag-base-ajustable","8":"product_tag-soporte","9":"desktop-align-left","10":"tablet-align-left","11":"mobile-align-left","13":"first","14":"instock","15":"sold-individually","16":"shipping-taxable","17":"purchasable","18":"product-type-simple"},"uagb_featured_image_src":{"full":["https:\/\/casaisla.com.do\/wp-content\/uploads\/2025\/10\/BASE-RUEDA-1205.jpg",1044,1140,false],"thumbnail":["https:\/\/casaisla.com.do\/wp-content\/uploads\/2025\/10\/BASE-RUEDA-1205-150x150.jpg",150,150,true],"medium":["https:\/\/casaisla.com.do\/wp-content\/uploads\/2025\/10\/BASE-RUEDA-1205-275x300.jpg",275,300,true],"medium_large":["https:\/\/casaisla.com.do\/wp-content\/uploads\/2025\/10\/BASE-RUEDA-1205-768x839.jpg",768,839,true],"large":["https:\/\/casaisla.com.do\/wp-content\/uploads\/2025\/10\/BASE-RUEDA-1205-938x1024.jpg",938,1024,true],"1536x1536":["https:\/\/casaisla.com.do\/wp-content\/uploads\/2025\/10\/BASE-RUEDA-1205.jpg",1044,1140,false],"2048x2048":["https:\/\/casaisla.com.do\/wp-content\/uploads\/2025\/10\/BASE-RUEDA-1205.jpg",1044,1140,false],"woocommerce_thumbnail":["https:\/\/casaisla.com.do\/wp-content\/uploads\/2025\/10\/BASE-RUEDA-1205-300x300.jpg",300,300,true],"woocommerce_single":["https:\/\/casaisla.com.do\/wp-content\/uploads\/2025\/10\/BASE-RUEDA-1205-600x655.jpg",600,655,true],"woocommerce_gallery_thumbnail":["https:\/\/casaisla.com.do\/wp-content\/uploads\/2025\/10\/BASE-RUEDA-1205-100x100.jpg",100,100,true],"dgwt-wcas-product-suggestion":["https:\/\/casaisla.com.do\/wp-content\/uploads\/2025\/10\/BASE-RUEDA-1205-64x70.jpg",64,70,true]},"uagb_author_info":{"display_name":"casa isla","author_link":"https:\/\/casaisla.com.do\/index.php\/author\/"},"uagb_comment_info":0,"uagb_excerpt":"Soporte adaptable para movilizar electrodom\u00e9sticos.","jetpack_sharing_enabled":true,"_links":{"self":[{"href":"https:\/\/casaisla.com.do\/index.php\/wp-json\/wp\/v2\/product\/2954","targetHints":{"allow":["GET"]}}],"collection":[{"href":"https:\/\/casaisla.com.do\/index.php\/wp-json\/wp\/v2\/product"}],"about":[{"href":"https:\/\/casaisla.com.do\/index.php\/wp-json\/wp\/v2\/types\/product"}],"wp:featuredmedia":[{"embeddable":true,"href":"https:\/\/casaisla.com.do\/index.php\/wp-json\/wp\/v2\/media\/2955"}],"wp:attachment":[{"href":"https:\/\/casaisla.com.do\/index.php\/wp-json\/wp\/v2\/media?parent=2954"}],"wp:term":[{"taxonomy":"product_brand","embeddable":true,"href":"https:\/\/casaisla.com.do\/index.php\/wp-json\/wp\/v2\/product_brand?post=2954"},{"taxonomy":"product_cat","embeddable":true,"href":"https:\/\/casaisla.com.do\/index.php\/wp-json\/wp\/v2\/product_cat?post=2954"},{"taxonomy":"product_tag","embeddable":true,"href":"https:\/\/casaisla.com.do\/index.php\/wp-json\/wp\/v2\/product_tag?post=2954"}],"curies":[{"name":"wp","href":"https:\/\/api.w.org\/{rel}","templated":true}]}}