{"id":3027,"date":"2025-10-13T23:37:10","date_gmt":"2025-10-13T23:37:10","guid":{"rendered":"https:\/\/casaisla.com.do\/?post_type=product&#038;p=3027"},"modified":"2025-10-13T23:37:11","modified_gmt":"2025-10-13T23:37:11","slug":"juego-de-cantina-de-vidrio-de-3-piezas-3","status":"publish","type":"product","link":"https:\/\/casaisla.com.do\/index.php\/product\/juego-de-cantina-de-vidrio-de-3-piezas-3\/","title":{"rendered":"Juego de cantina de vidrio de 3 piezas"},"content":{"rendered":"<p>Precio al detalle: RD$ 675.00<\/p>\n<p>Precio al por mayor: RD$ 640.00<\/p>\n<p data-start=\"200\" data-end=\"565\">Organiza y conserva tus alimentos de forma pr\u00e1ctica y segura con este juego de cantinas de vidrio con tapas herm\u00e9ticas. Fabricadas en vidrio resistente al calor y al fr\u00edo, ideales para almacenar, calentar o transportar tus comidas. Su tapa con sellado de silicona evita derrames y mantiene la frescura de los alimentos por m\u00e1s tiempo.<\/p>\n<p data-start=\"567\" data-end=\"619\"><strong data-start=\"567\" data-end=\"583\">Capacidades:<\/strong><br data-start=\"583\" data-end=\"586\" \/>370 ml<br data-start=\"594\" data-end=\"597\" \/>500 ml<br data-start=\"605\" data-end=\"608\" \/>800 ml<\/p>\n<p data-start=\"621\" data-end=\"954\"><strong data-start=\"621\" data-end=\"652\">Caracter\u00edsticas destacadas:<\/strong><br data-start=\"652\" data-end=\"655\" \/>\u2714 Fabricadas en vidrio templado de alta resistencia<br data-start=\"706\" data-end=\"709\" \/>\u2714 Tapas herm\u00e9ticas con cierre a presi\u00f3n y sellado de silicona<br data-start=\"843\" data-end=\"846\" \/>\u2714 Transparentes para f\u00e1cil identificaci\u00f3n del contenido<br data-start=\"901\" data-end=\"904\" \/>\u2714 Ideales para uso en el hogar, trabajo o picnic<\/p>\n<p>C\u00f3digo: COCI-CANT-1490-3P<\/p>\n","protected":false},"excerpt":{"rendered":"<p>Resistentes, seguras y perfectas para conservar tus alimentos frescos.<\/p>\n","protected":false},"featured_media":3028,"template":"","meta":{"_uag_custom_page_level_css":"","site-sidebar-layout":"default","site-content-layout":"","ast-site-content-layout":"default","site-content-style":"default","site-sidebar-style":"default","ast-global-header-display":"","ast-banner-title-visibility":"","ast-main-header-display":"","ast-hfb-above-header-display":"","ast-hfb-below-header-display":"","ast-hfb-mobile-header-display":"","site-post-title":"","ast-breadcrumbs-content":"","ast-featured-img":"","footer-sml-layout":"","theme-transparent-header-meta":"default","adv-header-id-meta":"","stick-header-meta":"","header-above-stick-meta":"","header-main-stick-meta":"","header-below-stick-meta":"","astra-migrate-meta-layouts":"set","ast-page-background-enabled":"default","ast-page-background-meta":{"desktop":{"background-color":"var(--ast-global-color-4)","background-image":"","background-repeat":"repeat","background-position":"center center","background-size":"auto","background-attachment":"scroll","background-type":"","background-media":"","overlay-type":"","overlay-color":"","overlay-opacity":"","overlay-gradient":""},"tablet":{"background-color":"","background-image":"","background-repeat":"repeat","background-position":"center center","background-size":"auto","background-attachment":"scroll","background-type":"","background-media":"","overlay-type":"","overlay-color":"","overlay-opacity":"","overlay-gradient":""},"mobile":{"background-color":"","background-image":"","background-repeat":"repeat","background-position":"center center","background-size":"auto","background-attachment":"scroll","background-type":"","background-media":"","overlay-type":"","overlay-color":"","overlay-opacity":"","overlay-gradient":""}},"ast-content-background-meta":{"desktop":{"background-color":"var(--ast-global-color-5)","background-image":"","background-repeat":"repeat","background-position":"center center","background-size":"auto","background-attachment":"scroll","background-type":"","background-media":"","overlay-type":"","overlay-color":"","overlay-opacity":"","overlay-gradient":""},"tablet":{"background-color":"var(--ast-global-color-5)","background-image":"","background-repeat":"repeat","background-position":"center center","background-size":"auto","background-attachment":"scroll","background-type":"","background-media":"","overlay-type":"","overlay-color":"","overlay-opacity":"","overlay-gradient":""},"mobile":{"background-color":"var(--ast-global-color-5)","background-image":"","background-repeat":"repeat","background-position":"center center","background-size":"auto","background-attachment":"scroll","background-type":"","background-media":"","overlay-type":"","overlay-color":"","overlay-opacity":"","overlay-gradient":""}}},"product_brand":[],"product_cat":[127],"product_tag":[236,337],"class_list":{"0":"post-3027","1":"product","2":"type-product","3":"status-publish","4":"has-post-thumbnail","6":"product_cat-termos-y-envases","7":"product_tag-envases","8":"product_tag-juego-de-cantina","9":"desktop-align-left","10":"tablet-align-left","11":"mobile-align-left","13":"first","14":"instock","15":"sold-individually","16":"shipping-taxable","17":"purchasable","18":"product-type-simple"},"uagb_featured_image_src":{"full":["https:\/\/casaisla.com.do\/wp-content\/uploads\/2025\/10\/COCI-CANT-1489-3P.jpg",1280,1280,false],"thumbnail":["https:\/\/casaisla.com.do\/wp-content\/uploads\/2025\/10\/COCI-CANT-1489-3P-150x150.jpg",150,150,true],"medium":["https:\/\/casaisla.com.do\/wp-content\/uploads\/2025\/10\/COCI-CANT-1489-3P-300x300.jpg",300,300,true],"medium_large":["https:\/\/casaisla.com.do\/wp-content\/uploads\/2025\/10\/COCI-CANT-1489-3P-768x768.jpg",768,768,true],"large":["https:\/\/casaisla.com.do\/wp-content\/uploads\/2025\/10\/COCI-CANT-1489-3P-1024x1024.jpg",1024,1024,true],"1536x1536":["https:\/\/casaisla.com.do\/wp-content\/uploads\/2025\/10\/COCI-CANT-1489-3P.jpg",1280,1280,false],"2048x2048":["https:\/\/casaisla.com.do\/wp-content\/uploads\/2025\/10\/COCI-CANT-1489-3P.jpg",1280,1280,false],"woocommerce_thumbnail":["https:\/\/casaisla.com.do\/wp-content\/uploads\/2025\/10\/COCI-CANT-1489-3P-300x300.jpg",300,300,true],"woocommerce_single":["https:\/\/casaisla.com.do\/wp-content\/uploads\/2025\/10\/COCI-CANT-1489-3P-600x600.jpg",600,600,true],"woocommerce_gallery_thumbnail":["https:\/\/casaisla.com.do\/wp-content\/uploads\/2025\/10\/COCI-CANT-1489-3P-100x100.jpg",100,100,true],"dgwt-wcas-product-suggestion":["https:\/\/casaisla.com.do\/wp-content\/uploads\/2025\/10\/COCI-CANT-1489-3P-64x64.jpg",64,64,true]},"uagb_author_info":{"display_name":"casa isla","author_link":"https:\/\/casaisla.com.do\/index.php\/author\/"},"uagb_comment_info":0,"uagb_excerpt":"Resistentes, seguras y perfectas para conservar tus alimentos frescos.","jetpack_sharing_enabled":true,"_links":{"self":[{"href":"https:\/\/casaisla.com.do\/index.php\/wp-json\/wp\/v2\/product\/3027","targetHints":{"allow":["GET"]}}],"collection":[{"href":"https:\/\/casaisla.com.do\/index.php\/wp-json\/wp\/v2\/product"}],"about":[{"href":"https:\/\/casaisla.com.do\/index.php\/wp-json\/wp\/v2\/types\/product"}],"wp:featuredmedia":[{"embeddable":true,"href":"https:\/\/casaisla.com.do\/index.php\/wp-json\/wp\/v2\/media\/3028"}],"wp:attachment":[{"href":"https:\/\/casaisla.com.do\/index.php\/wp-json\/wp\/v2\/media?parent=3027"}],"wp:term":[{"taxonomy":"product_brand","embeddable":true,"href":"https:\/\/casaisla.com.do\/index.php\/wp-json\/wp\/v2\/product_brand?post=3027"},{"taxonomy":"product_cat","embeddable":true,"href":"https:\/\/casaisla.com.do\/index.php\/wp-json\/wp\/v2\/product_cat?post=3027"},{"taxonomy":"product_tag","embeddable":true,"href":"https:\/\/casaisla.com.do\/index.php\/wp-json\/wp\/v2\/product_tag?post=3027"}],"curies":[{"name":"wp","href":"https:\/\/api.w.org\/{rel}","templated":true}]}}