{"id":3110,"date":"2025-10-21T00:19:27","date_gmt":"2025-10-21T00:19:27","guid":{"rendered":"https:\/\/casaisla.com.do\/?post_type=product&#038;p=3110"},"modified":"2025-10-21T00:19:28","modified_gmt":"2025-10-21T00:19:28","slug":"juego-de-termo-termico-con-tazas","status":"publish","type":"product","link":"https:\/\/casaisla.com.do\/index.php\/product\/juego-de-termo-termico-con-tazas\/","title":{"rendered":"Juego de termo t\u00e9rmico con tazas"},"content":{"rendered":"<p>Precio al detalle: RD$ 350.00<\/p>\n<p>Precio al por mayor: RD$ 330.00<\/p>\n<p data-start=\"149\" data-end=\"498\">Set de termos t\u00e9rmicos de 500 ml fabricados en acero inoxidable con dise\u00f1o moderno y elegante. Mantienen la temperatura de tus bebidas fr\u00edas o calientes por m\u00e1s tiempo gracias a su doble pared al vac\u00edo. Cada termo incluye 3 tazas. Ideal para oficina, viajes o regalar.<\/p>\n<p data-start=\"500\" data-end=\"536\"><strong data-start=\"500\" data-end=\"514\">Capacidad:<\/strong><br data-start=\"514\" data-end=\"517\" \/>500 ml por unidad<\/p>\n<p data-start=\"538\" data-end=\"628\"><strong data-start=\"538\" data-end=\"560\">Contenido del set:<\/strong><br data-start=\"560\" data-end=\"563\" \/>\u00a01 termos t\u00e9rmicos de 500 ml<br data-start=\"592\" data-end=\"595\" \/>3 tazas peque\u00f1as<\/p>\n<p data-start=\"630\" data-end=\"859\"><strong data-start=\"630\" data-end=\"661\">Caracter\u00edsticas destacadas:<\/strong><br data-start=\"661\" data-end=\"664\" \/>\u2714 Doble pared con aislamiento t\u00e9rmico<br data-start=\"701\" data-end=\"704\" \/>\u2714 Conserva bebidas calientes o fr\u00edas hasta por 12 horas<br data-start=\"759\" data-end=\"762\" \/>\u2714 Tapa herm\u00e9tica antiderrame<br data-start=\"790\" data-end=\"793\" \/>\u2714 Dise\u00f1o ergon\u00f3mico y moderno<\/p>\n<p>C\u00f3digo: TERM-2463-4P<\/p>\n","protected":false},"excerpt":{"rendered":"<p data-start=\"861\" data-end=\"1015\">Mantienen bebidas fr\u00edas o calientes hasta por 12 horas.<\/p>\n","protected":false},"featured_media":3111,"template":"","meta":{"_uag_custom_page_level_css":"","site-sidebar-layout":"default","site-content-layout":"","ast-site-content-layout":"default","site-content-style":"default","site-sidebar-style":"default","ast-global-header-display":"","ast-banner-title-visibility":"","ast-main-header-display":"","ast-hfb-above-header-display":"","ast-hfb-below-header-display":"","ast-hfb-mobile-header-display":"","site-post-title":"","ast-breadcrumbs-content":"","ast-featured-img":"","footer-sml-layout":"","theme-transparent-header-meta":"default","adv-header-id-meta":"","stick-header-meta":"","header-above-stick-meta":"","header-main-stick-meta":"","header-below-stick-meta":"","astra-migrate-meta-layouts":"set","ast-page-background-enabled":"default","ast-page-background-meta":{"desktop":{"background-color":"var(--ast-global-color-4)","background-image":"","background-repeat":"repeat","background-position":"center center","background-size":"auto","background-attachment":"scroll","background-type":"","background-media":"","overlay-type":"","overlay-color":"","overlay-opacity":"","overlay-gradient":""},"tablet":{"background-color":"","background-image":"","background-repeat":"repeat","background-position":"center center","background-size":"auto","background-attachment":"scroll","background-type":"","background-media":"","overlay-type":"","overlay-color":"","overlay-opacity":"","overlay-gradient":""},"mobile":{"background-color":"","background-image":"","background-repeat":"repeat","background-position":"center center","background-size":"auto","background-attachment":"scroll","background-type":"","background-media":"","overlay-type":"","overlay-color":"","overlay-opacity":"","overlay-gradient":""}},"ast-content-background-meta":{"desktop":{"background-color":"var(--ast-global-color-5)","background-image":"","background-repeat":"repeat","background-position":"center center","background-size":"auto","background-attachment":"scroll","background-type":"","background-media":"","overlay-type":"","overlay-color":"","overlay-opacity":"","overlay-gradient":""},"tablet":{"background-color":"var(--ast-global-color-5)","background-image":"","background-repeat":"repeat","background-position":"center center","background-size":"auto","background-attachment":"scroll","background-type":"","background-media":"","overlay-type":"","overlay-color":"","overlay-opacity":"","overlay-gradient":""},"mobile":{"background-color":"var(--ast-global-color-5)","background-image":"","background-repeat":"repeat","background-position":"center center","background-size":"auto","background-attachment":"scroll","background-type":"","background-media":"","overlay-type":"","overlay-color":"","overlay-opacity":"","overlay-gradient":""}}},"product_brand":[],"product_cat":[127],"product_tag":[126],"class_list":{"0":"post-3110","1":"product","2":"type-product","3":"status-publish","4":"has-post-thumbnail","6":"product_cat-termos-y-envases","7":"product_tag-termo","8":"desktop-align-left","9":"tablet-align-left","10":"mobile-align-left","12":"first","13":"instock","14":"sold-individually","15":"shipping-taxable","16":"purchasable","17":"product-type-simple"},"uagb_featured_image_src":{"full":["https:\/\/casaisla.com.do\/wp-content\/uploads\/2025\/10\/TERM-2463-4P.jpg",1200,1200,false],"thumbnail":["https:\/\/casaisla.com.do\/wp-content\/uploads\/2025\/10\/TERM-2463-4P-150x150.jpg",150,150,true],"medium":["https:\/\/casaisla.com.do\/wp-content\/uploads\/2025\/10\/TERM-2463-4P-300x300.jpg",300,300,true],"medium_large":["https:\/\/casaisla.com.do\/wp-content\/uploads\/2025\/10\/TERM-2463-4P-768x768.jpg",768,768,true],"large":["https:\/\/casaisla.com.do\/wp-content\/uploads\/2025\/10\/TERM-2463-4P-1024x1024.jpg",1024,1024,true],"1536x1536":["https:\/\/casaisla.com.do\/wp-content\/uploads\/2025\/10\/TERM-2463-4P.jpg",1200,1200,false],"2048x2048":["https:\/\/casaisla.com.do\/wp-content\/uploads\/2025\/10\/TERM-2463-4P.jpg",1200,1200,false],"woocommerce_thumbnail":["https:\/\/casaisla.com.do\/wp-content\/uploads\/2025\/10\/TERM-2463-4P-300x300.jpg",300,300,true],"woocommerce_single":["https:\/\/casaisla.com.do\/wp-content\/uploads\/2025\/10\/TERM-2463-4P-600x600.jpg",600,600,true],"woocommerce_gallery_thumbnail":["https:\/\/casaisla.com.do\/wp-content\/uploads\/2025\/10\/TERM-2463-4P-100x100.jpg",100,100,true],"dgwt-wcas-product-suggestion":["https:\/\/casaisla.com.do\/wp-content\/uploads\/2025\/10\/TERM-2463-4P-64x64.jpg",64,64,true]},"uagb_author_info":{"display_name":"casa isla","author_link":"https:\/\/casaisla.com.do\/index.php\/author\/"},"uagb_comment_info":0,"uagb_excerpt":"Mantienen bebidas fr\u00edas o calientes hasta por 12 horas.","jetpack_sharing_enabled":true,"_links":{"self":[{"href":"https:\/\/casaisla.com.do\/index.php\/wp-json\/wp\/v2\/product\/3110","targetHints":{"allow":["GET"]}}],"collection":[{"href":"https:\/\/casaisla.com.do\/index.php\/wp-json\/wp\/v2\/product"}],"about":[{"href":"https:\/\/casaisla.com.do\/index.php\/wp-json\/wp\/v2\/types\/product"}],"wp:featuredmedia":[{"embeddable":true,"href":"https:\/\/casaisla.com.do\/index.php\/wp-json\/wp\/v2\/media\/3111"}],"wp:attachment":[{"href":"https:\/\/casaisla.com.do\/index.php\/wp-json\/wp\/v2\/media?parent=3110"}],"wp:term":[{"taxonomy":"product_brand","embeddable":true,"href":"https:\/\/casaisla.com.do\/index.php\/wp-json\/wp\/v2\/product_brand?post=3110"},{"taxonomy":"product_cat","embeddable":true,"href":"https:\/\/casaisla.com.do\/index.php\/wp-json\/wp\/v2\/product_cat?post=3110"},{"taxonomy":"product_tag","embeddable":true,"href":"https:\/\/casaisla.com.do\/index.php\/wp-json\/wp\/v2\/product_tag?post=3110"}],"curies":[{"name":"wp","href":"https:\/\/api.w.org\/{rel}","templated":true}]}}