{"id":3128,"date":"2025-10-25T17:08:53","date_gmt":"2025-10-25T17:08:53","guid":{"rendered":"https:\/\/casaisla.com.do\/?post_type=product&#038;p=3128"},"modified":"2025-10-25T17:08:53","modified_gmt":"2025-10-25T17:08:53","slug":"cortina-visillo-translucida","status":"publish","type":"product","link":"https:\/\/casaisla.com.do\/index.php\/product\/cortina-visillo-translucida\/","title":{"rendered":"Cortina visillo transl\u00facida"},"content":{"rendered":"<p>Precio al detalle: RD$ 250.00<\/p>\n<p>Precio al por mayor: RD$ 235.00<\/p>\n<p>Este panel de cortina visillo transl\u00facida en tafet\u00e1n es ideal para dar un toque de elegancia y luminosidad a cualquier espacio. Disponible en una amplia variedad de colores, permite filtrar la luz natural suavemente, creando ambientes c\u00e1lidos y acogedores.<\/p>\n<p><strong>Medidas aproximadas:<\/strong><br \/>\n55 pulgadas (ancho) x 90 pulgadas (largo) \u2014 140 cm x 229 cm<\/p>\n<p><strong>Caracter\u00edsticas destacadas:<\/strong><br \/>\n\u2714 Panel con 8 argollas met\u00e1licas para f\u00e1cil instalaci\u00f3n<br \/>\n\u2714 Disponible en muchos colores vibrantes y neutros<br \/>\n\u2714 Permite el paso de luz natural<br \/>\n\u2714 F\u00e1cil de lavar y mantener<\/p>\n<p>C\u00f3digo: CURTS-1859<\/p>\n","protected":false},"excerpt":{"rendered":"<p>Disponible en muchos colores, ideal para iluminar y decorar con estilo.<\/p>\n","protected":false},"featured_media":3129,"template":"","meta":{"_uag_custom_page_level_css":"","site-sidebar-layout":"default","site-content-layout":"","ast-site-content-layout":"default","site-content-style":"default","site-sidebar-style":"default","ast-global-header-display":"","ast-banner-title-visibility":"","ast-main-header-display":"","ast-hfb-above-header-display":"","ast-hfb-below-header-display":"","ast-hfb-mobile-header-display":"","site-post-title":"","ast-breadcrumbs-content":"","ast-featured-img":"","footer-sml-layout":"","theme-transparent-header-meta":"default","adv-header-id-meta":"","stick-header-meta":"","header-above-stick-meta":"","header-main-stick-meta":"","header-below-stick-meta":"","astra-migrate-meta-layouts":"set","ast-page-background-enabled":"default","ast-page-background-meta":{"desktop":{"background-color":"var(--ast-global-color-4)","background-image":"","background-repeat":"repeat","background-position":"center center","background-size":"auto","background-attachment":"scroll","background-type":"","background-media":"","overlay-type":"","overlay-color":"","overlay-opacity":"","overlay-gradient":""},"tablet":{"background-color":"","background-image":"","background-repeat":"repeat","background-position":"center center","background-size":"auto","background-attachment":"scroll","background-type":"","background-media":"","overlay-type":"","overlay-color":"","overlay-opacity":"","overlay-gradient":""},"mobile":{"background-color":"","background-image":"","background-repeat":"repeat","background-position":"center center","background-size":"auto","background-attachment":"scroll","background-type":"","background-media":"","overlay-type":"","overlay-color":"","overlay-opacity":"","overlay-gradient":""}},"ast-content-background-meta":{"desktop":{"background-color":"var(--ast-global-color-5)","background-image":"","background-repeat":"repeat","background-position":"center center","background-size":"auto","background-attachment":"scroll","background-type":"","background-media":"","overlay-type":"","overlay-color":"","overlay-opacity":"","overlay-gradient":""},"tablet":{"background-color":"var(--ast-global-color-5)","background-image":"","background-repeat":"repeat","background-position":"center center","background-size":"auto","background-attachment":"scroll","background-type":"","background-media":"","overlay-type":"","overlay-color":"","overlay-opacity":"","overlay-gradient":""},"mobile":{"background-color":"var(--ast-global-color-5)","background-image":"","background-repeat":"repeat","background-position":"center center","background-size":"auto","background-attachment":"scroll","background-type":"","background-media":"","overlay-type":"","overlay-color":"","overlay-opacity":"","overlay-gradient":""}}},"product_brand":[],"product_cat":[31],"product_tag":[42,87,189],"class_list":{"0":"post-3128","1":"product","2":"type-product","3":"status-publish","4":"has-post-thumbnail","6":"product_cat-cortinas","7":"product_tag-cortina","8":"product_tag-cortina-visillo","9":"product_tag-cortinas","10":"desktop-align-left","11":"tablet-align-left","12":"mobile-align-left","14":"first","15":"instock","16":"sold-individually","17":"shipping-taxable","18":"purchasable","19":"product-type-simple"},"uagb_featured_image_src":{"full":["https:\/\/casaisla.com.do\/wp-content\/uploads\/2025\/10\/CURTS-1859-17.jpg",1199,1422,false],"thumbnail":["https:\/\/casaisla.com.do\/wp-content\/uploads\/2025\/10\/CURTS-1859-17-150x150.jpg",150,150,true],"medium":["https:\/\/casaisla.com.do\/wp-content\/uploads\/2025\/10\/CURTS-1859-17-253x300.jpg",253,300,true],"medium_large":["https:\/\/casaisla.com.do\/wp-content\/uploads\/2025\/10\/CURTS-1859-17-768x911.jpg",768,911,true],"large":["https:\/\/casaisla.com.do\/wp-content\/uploads\/2025\/10\/CURTS-1859-17-863x1024.jpg",863,1024,true],"1536x1536":["https:\/\/casaisla.com.do\/wp-content\/uploads\/2025\/10\/CURTS-1859-17.jpg",1199,1422,false],"2048x2048":["https:\/\/casaisla.com.do\/wp-content\/uploads\/2025\/10\/CURTS-1859-17.jpg",1199,1422,false],"woocommerce_thumbnail":["https:\/\/casaisla.com.do\/wp-content\/uploads\/2025\/10\/CURTS-1859-17-300x300.jpg",300,300,true],"woocommerce_single":["https:\/\/casaisla.com.do\/wp-content\/uploads\/2025\/10\/CURTS-1859-17-600x712.jpg",600,712,true],"woocommerce_gallery_thumbnail":["https:\/\/casaisla.com.do\/wp-content\/uploads\/2025\/10\/CURTS-1859-17-100x100.jpg",100,100,true],"dgwt-wcas-product-suggestion":["https:\/\/casaisla.com.do\/wp-content\/uploads\/2025\/10\/CURTS-1859-17-64x76.jpg",64,76,true]},"uagb_author_info":{"display_name":"casa isla","author_link":"https:\/\/casaisla.com.do\/index.php\/author\/"},"uagb_comment_info":0,"uagb_excerpt":"Disponible en muchos colores, ideal para iluminar y decorar con estilo.","jetpack_sharing_enabled":true,"_links":{"self":[{"href":"https:\/\/casaisla.com.do\/index.php\/wp-json\/wp\/v2\/product\/3128","targetHints":{"allow":["GET"]}}],"collection":[{"href":"https:\/\/casaisla.com.do\/index.php\/wp-json\/wp\/v2\/product"}],"about":[{"href":"https:\/\/casaisla.com.do\/index.php\/wp-json\/wp\/v2\/types\/product"}],"wp:featuredmedia":[{"embeddable":true,"href":"https:\/\/casaisla.com.do\/index.php\/wp-json\/wp\/v2\/media\/3129"}],"wp:attachment":[{"href":"https:\/\/casaisla.com.do\/index.php\/wp-json\/wp\/v2\/media?parent=3128"}],"wp:term":[{"taxonomy":"product_brand","embeddable":true,"href":"https:\/\/casaisla.com.do\/index.php\/wp-json\/wp\/v2\/product_brand?post=3128"},{"taxonomy":"product_cat","embeddable":true,"href":"https:\/\/casaisla.com.do\/index.php\/wp-json\/wp\/v2\/product_cat?post=3128"},{"taxonomy":"product_tag","embeddable":true,"href":"https:\/\/casaisla.com.do\/index.php\/wp-json\/wp\/v2\/product_tag?post=3128"}],"curies":[{"name":"wp","href":"https:\/\/api.w.org\/{rel}","templated":true}]}}