{"id":3151,"date":"2025-10-25T17:33:10","date_gmt":"2025-10-25T17:33:10","guid":{"rendered":"https:\/\/casaisla.com.do\/?post_type=product&#038;p=3151"},"modified":"2025-10-25T17:33:10","modified_gmt":"2025-10-25T17:33:10","slug":"juego-de-cobertor-de-30-piezas-queen","status":"publish","type":"product","link":"https:\/\/casaisla.com.do\/index.php\/product\/juego-de-cobertor-de-30-piezas-queen\/","title":{"rendered":"Juego de cobertor de 30 piezas Queen"},"content":{"rendered":"<p>Precio al detalle: RD$ 3,350.00<\/p>\n<p>Precio al por mayor: RD$ 3,150.00<\/p>\n<p data-start=\"423\" data-end=\"858\">Este set de cobertor\u00a0 reversible\u00a0 incluye todo lo necesario para renovar tu espacio con un dise\u00f1o armonioso. Su cobertor reversible con estampado a\u00f1ade frescura y elegancia, mientras sus m\u00faltiples accesorios permiten una decoraci\u00f3n totalmente coordinada. Fabricado con materiales suaves y resistentes, ideal para lograr una habitaci\u00f3n acogedora y funcional.<\/p>\n<p data-start=\"860\" data-end=\"892\"><strong data-start=\"863\" data-end=\"874\">Tama\u00f1o:<\/strong> Queen size<\/p>\n<p data-start=\"894\" data-end=\"1248\"><strong data-start=\"894\" data-end=\"914\">Contenido del set:<\/strong><br data-start=\"914\" data-end=\"917\" \/>\u2714 Cobertor reversible estampado.<br data-start=\"959\" data-end=\"962\" \/>\u2714 2 Fundas de almohada.<br data-start=\"985\" data-end=\"988\" \/>\u2714 4 Forros de coj\u00edn decorativos.<br data-start=\"1020\" data-end=\"1023\" \/>\u2714 1 S\u00e1bana ajustable y 1 cubre colch\u00f3n.<br data-start=\"1062\" data-end=\"1065\" \/>\u2714 6 Cortinas combinadas.<br data-start=\"1089\" data-end=\"1092\" data-is-only-node=\"\" \/>\u2714 Juego de ba\u00f1o de 8 piezas.<br data-start=\"1120\" data-end=\"1123\" \/>\u2714 2 Pares de pantuflas c\u00f3modas.<br \/>\n\u2714 2 antifaz para dormir<br data-start=\"1154\" data-end=\"1157\" \/>\u2714 1 Alfombra para habitaci\u00f3n.<br data-start=\"1186\" data-end=\"1189\" \/>\u2714 1 Cesto plegable para ropa sucia.<br data-start=\"1224\" data-end=\"1227\" \/>\u2714 Juego de toallas.<\/p>\n<p data-start=\"894\" data-end=\"1248\">C\u00f3digo: CORB25-1645 H<\/p>\n","protected":false},"excerpt":{"rendered":"<p>Dise\u00f1os moderno y completo que transforman tu dormitorio.<\/p>\n","protected":false},"featured_media":3158,"template":"","meta":{"_uag_custom_page_level_css":"","site-sidebar-layout":"default","site-content-layout":"","ast-site-content-layout":"default","site-content-style":"default","site-sidebar-style":"default","ast-global-header-display":"","ast-banner-title-visibility":"","ast-main-header-display":"","ast-hfb-above-header-display":"","ast-hfb-below-header-display":"","ast-hfb-mobile-header-display":"","site-post-title":"","ast-breadcrumbs-content":"","ast-featured-img":"","footer-sml-layout":"","theme-transparent-header-meta":"default","adv-header-id-meta":"","stick-header-meta":"","header-above-stick-meta":"","header-main-stick-meta":"","header-below-stick-meta":"","astra-migrate-meta-layouts":"set","ast-page-background-enabled":"default","ast-page-background-meta":{"desktop":{"background-color":"var(--ast-global-color-4)","background-image":"","background-repeat":"repeat","background-position":"center center","background-size":"auto","background-attachment":"scroll","background-type":"","background-media":"","overlay-type":"","overlay-color":"","overlay-opacity":"","overlay-gradient":""},"tablet":{"background-color":"","background-image":"","background-repeat":"repeat","background-position":"center center","background-size":"auto","background-attachment":"scroll","background-type":"","background-media":"","overlay-type":"","overlay-color":"","overlay-opacity":"","overlay-gradient":""},"mobile":{"background-color":"","background-image":"","background-repeat":"repeat","background-position":"center center","background-size":"auto","background-attachment":"scroll","background-type":"","background-media":"","overlay-type":"","overlay-color":"","overlay-opacity":"","overlay-gradient":""}},"ast-content-background-meta":{"desktop":{"background-color":"var(--ast-global-color-5)","background-image":"","background-repeat":"repeat","background-position":"center center","background-size":"auto","background-attachment":"scroll","background-type":"","background-media":"","overlay-type":"","overlay-color":"","overlay-opacity":"","overlay-gradient":""},"tablet":{"background-color":"var(--ast-global-color-5)","background-image":"","background-repeat":"repeat","background-position":"center center","background-size":"auto","background-attachment":"scroll","background-type":"","background-media":"","overlay-type":"","overlay-color":"","overlay-opacity":"","overlay-gradient":""},"mobile":{"background-color":"var(--ast-global-color-5)","background-image":"","background-repeat":"repeat","background-position":"center center","background-size":"auto","background-attachment":"scroll","background-type":"","background-media":"","overlay-type":"","overlay-color":"","overlay-opacity":"","overlay-gradient":""}}},"product_brand":[],"product_cat":[30],"product_tag":[170,169],"class_list":{"0":"post-3151","1":"product","2":"type-product","3":"status-publish","4":"has-post-thumbnail","6":"product_cat-cobertores","7":"product_tag-cobertor","8":"product_tag-set-de-cobertor","9":"desktop-align-left","10":"tablet-align-left","11":"mobile-align-left","13":"first","14":"instock","15":"sold-individually","16":"shipping-taxable","17":"purchasable","18":"product-type-simple"},"uagb_featured_image_src":{"full":["https:\/\/casaisla.com.do\/wp-content\/uploads\/2025\/10\/CORB25-1645-2.jpg",1330,1199,false],"thumbnail":["https:\/\/casaisla.com.do\/wp-content\/uploads\/2025\/10\/CORB25-1645-2-150x150.jpg",150,150,true],"medium":["https:\/\/casaisla.com.do\/wp-content\/uploads\/2025\/10\/CORB25-1645-2-300x270.jpg",300,270,true],"medium_large":["https:\/\/casaisla.com.do\/wp-content\/uploads\/2025\/10\/CORB25-1645-2-768x692.jpg",768,692,true],"large":["https:\/\/casaisla.com.do\/wp-content\/uploads\/2025\/10\/CORB25-1645-2-1024x923.jpg",1024,923,true],"1536x1536":["https:\/\/casaisla.com.do\/wp-content\/uploads\/2025\/10\/CORB25-1645-2.jpg",1330,1199,false],"2048x2048":["https:\/\/casaisla.com.do\/wp-content\/uploads\/2025\/10\/CORB25-1645-2.jpg",1330,1199,false],"woocommerce_thumbnail":["https:\/\/casaisla.com.do\/wp-content\/uploads\/2025\/10\/CORB25-1645-2-300x300.jpg",300,300,true],"woocommerce_single":["https:\/\/casaisla.com.do\/wp-content\/uploads\/2025\/10\/CORB25-1645-2-600x541.jpg",600,541,true],"woocommerce_gallery_thumbnail":["https:\/\/casaisla.com.do\/wp-content\/uploads\/2025\/10\/CORB25-1645-2-100x100.jpg",100,100,true],"dgwt-wcas-product-suggestion":["https:\/\/casaisla.com.do\/wp-content\/uploads\/2025\/10\/CORB25-1645-2-64x58.jpg",64,58,true]},"uagb_author_info":{"display_name":"casa isla","author_link":"https:\/\/casaisla.com.do\/index.php\/author\/"},"uagb_comment_info":0,"uagb_excerpt":"Dise\u00f1os moderno y completo que transforman tu dormitorio.","jetpack_sharing_enabled":true,"_links":{"self":[{"href":"https:\/\/casaisla.com.do\/index.php\/wp-json\/wp\/v2\/product\/3151","targetHints":{"allow":["GET"]}}],"collection":[{"href":"https:\/\/casaisla.com.do\/index.php\/wp-json\/wp\/v2\/product"}],"about":[{"href":"https:\/\/casaisla.com.do\/index.php\/wp-json\/wp\/v2\/types\/product"}],"wp:featuredmedia":[{"embeddable":true,"href":"https:\/\/casaisla.com.do\/index.php\/wp-json\/wp\/v2\/media\/3158"}],"wp:attachment":[{"href":"https:\/\/casaisla.com.do\/index.php\/wp-json\/wp\/v2\/media?parent=3151"}],"wp:term":[{"taxonomy":"product_brand","embeddable":true,"href":"https:\/\/casaisla.com.do\/index.php\/wp-json\/wp\/v2\/product_brand?post=3151"},{"taxonomy":"product_cat","embeddable":true,"href":"https:\/\/casaisla.com.do\/index.php\/wp-json\/wp\/v2\/product_cat?post=3151"},{"taxonomy":"product_tag","embeddable":true,"href":"https:\/\/casaisla.com.do\/index.php\/wp-json\/wp\/v2\/product_tag?post=3151"}],"curies":[{"name":"wp","href":"https:\/\/api.w.org\/{rel}","templated":true}]}}